{"id":239419,"date":"2024-02-06T05:46:26","date_gmt":"2024-02-06T05:46:26","guid":{"rendered":"https:\/\/erkanmakine.com.tr\/?page_id=239419"},"modified":"2024-06-12T12:37:23","modified_gmt":"2024-06-12T12:37:23","slug":"ana-sayfa","status":"publish","type":"page","link":"https:\/\/erkanmakine.com.tr\/en\/","title":{"rendered":"Home Page"},"content":{"rendered":"<p>[et_pb_section fb_built=&#8221;1&#8243; _builder_version=&#8221;4.23.4&#8243; _module_preset=&#8221;default&#8221; custom_margin=&#8221;0px|0px|0px|0px|false|false&#8221; custom_padding=&#8221;0px|0px|0px|0px|false|false&#8221; global_colors_info=&#8221;{}&#8221;][et_pb_row _builder_version=&#8221;4.23.4&#8243; _module_preset=&#8221;default&#8221; custom_margin=&#8221;||||false|false&#8221; custom_padding=&#8221;0px||0px||false|false&#8221; global_colors_info=&#8221;{}&#8221;][et_pb_column type=&#8221;4_4&#8243; _builder_version=&#8221;4.23.4&#8243; _module_preset=&#8221;default&#8221; global_colors_info=&#8221;{}&#8221;][et_pb_nextend_smart_slider_3 slider=&#8221;5&#8243; _builder_version=&#8221;4.23.4&#8243; _module_preset=&#8221;default&#8221; global_colors_info=&#8221;{}&#8221;][\/et_pb_nextend_smart_slider_3][\/et_pb_column][\/et_pb_row][\/et_pb_section][et_pb_section fb_built=&#8221;1&#8243; _builder_version=&#8221;4.23.4&#8243; _module_preset=&#8221;default&#8221; background_image=&#8221;https:\/\/erkanmakine.com.tr\/wp-content\/uploads\/2024\/02\/anahtar-bg3a.webp&#8221; custom_padding=&#8221;0px||0px||true|false&#8221; global_colors_info=&#8221;{}&#8221;][et_pb_row column_structure=&#8221;3_5,2_5&#8243; make_equal=&#8221;on&#8221; _builder_version=&#8221;4.23.4&#8243; _module_preset=&#8221;default&#8221; custom_css_main_element=&#8221;align-items: center;&#8221; global_colors_info=&#8221;{}&#8221;][et_pb_column type=&#8221;3_5&#8243; _builder_version=&#8221;4.23.4&#8243; _module_preset=&#8221;default&#8221; global_colors_info=&#8221;{}&#8221;][et_pb_image src=&#8221;https:\/\/erkanmakine.com.tr\/wp-content\/uploads\/2024\/02\/anahtar.webp&#8221; title_text=&#8221;anahtar&#8221; _builder_version=&#8221;4.23.4&#8243; _module_preset=&#8221;default&#8221; scroll_fade_enable=&#8221;on&#8221; global_colors_info=&#8221;{}&#8221;][\/et_pb_image][\/et_pb_column][et_pb_column type=&#8221;2_5&#8243; _builder_version=&#8221;4.23.4&#8243; _module_preset=&#8221;default&#8221; global_colors_info=&#8221;{}&#8221;][et_pb_text _builder_version=&#8221;4.23.4&#8243; _module_preset=&#8221;default&#8221; text_font=&#8221;Barlow|100|||||||&#8221; text_text_color=&#8221;#FFFFFF&#8221; text_font_size=&#8221;16px&#8221; header_font=&#8221;Barlow|700|||||||&#8221; header_text_color=&#8221;#fff8b5&#8243; header_font_size=&#8221;47px&#8221; header_2_text_color=&#8221;#FFFFFF&#8221; scroll_horizontal_motion_enable=&#8221;on&#8221; scroll_horizontal_motion=&#8221;0|50|50|100|1|0|0&#8243; scroll_fade_enable=&#8221;on&#8221; scroll_fade=&#8221;0|48|48|100|0|100|100&#8243; scroll_scaling=&#8221;0|50|50|100|50%|100|100&#8243; header_text_color_tablet=&#8221;#fff8b5&#8243; header_text_color_phone=&#8221;#fff8b5&#8243; header_text_color_last_edited=&#8221;on|desktop&#8221; global_colors_info=&#8221;{}&#8221;]<\/p>\n<h1 style=\"text-align: left;\">Turnkey Projects<\/h1>\n<h2 style=\"text-align: left;\">All Solutions in One Place<\/h2>\n<p style=\"text-align: left;\"><span>Our company offers a comprehensive approach covering mill systems specially designed for flour, semolina, and feed factories from start to finish. Our turnkey service encompasses every stage, from project planning to building construction, machinery production, assembly operations, and integration of automation systems.<\/span><\/p>\n<p>[\/et_pb_text][et_pb_button button_url=&#8221;@ET-DC@eyJkeW5hbWljIjp0cnVlLCJjb250ZW50IjoicG9zdF9saW5rX3VybF9wYWdlIiwic2V0dGluZ3MiOnsicG9zdF9pZCI6IjI0MDM2OSJ9fQ==@&#8221; button_text=&#8221;Detaylar&#8221; _builder_version=&#8221;4.24.2&#8243; _dynamic_attributes=&#8221;button_url&#8221; _module_preset=&#8221;default&#8221; custom_button=&#8221;on&#8221; button_text_color=&#8221;#FFFFFF&#8221; button_border_width=&#8221;1px&#8221; button_font=&#8221;|300|||||||&#8221; scroll_horizontal_motion_enable=&#8221;on&#8221; scroll_horizontal_motion=&#8221;0|50|50|100|2|0|0&#8243; scroll_fade_enable=&#8221;on&#8221; global_colors_info=&#8221;{}&#8221;][\/et_pb_button][\/et_pb_column][\/et_pb_row][\/et_pb_section][et_pb_section fb_built=&#8221;1&#8243; _builder_version=&#8221;4.23.4&#8243; _module_preset=&#8221;default&#8221; background_enable_color=&#8221;off&#8221; use_background_color_gradient=&#8221;on&#8221; background_color_gradient_type=&#8221;circular&#8221; background_color_gradient_stops=&#8221;#3a3f44 0%|#383e42 100%&#8221; custom_padding=&#8221;10px||10px||true|false&#8221; global_colors_info=&#8221;{}&#8221;][et_pb_row _builder_version=&#8221;4.23.4&#8243; _module_preset=&#8221;default&#8221; animation_style=&#8221;flip&#8221; global_colors_info=&#8221;{}&#8221;][et_pb_column type=&#8221;4_4&#8243; _builder_version=&#8221;4.23.4&#8243; _module_preset=&#8221;default&#8221; global_colors_info=&#8221;{}&#8221;][et_pb_text _builder_version=&#8221;4.23.4&#8243; _module_preset=&#8221;default&#8221; text_font=&#8221;Barlow|700|||||||&#8221; text_text_color=&#8221;#FFFFFF&#8221; text_font_size=&#8221;30px&#8221; text_orientation=&#8221;center&#8221; custom_margin=&#8221;23px|||||&#8221; global_colors_info=&#8221;{}&#8221;]<\/p>\n<p>OUR PRODUCTION AND SERVICES<\/p>\n<p>[\/et_pb_text][et_pb_nextend_smart_slider_3 slider=&#8221;4&#8243; _builder_version=&#8221;4.23.4&#8243; _module_preset=&#8221;default&#8221; global_colors_info=&#8221;{}&#8221;][\/et_pb_nextend_smart_slider_3][\/et_pb_column][\/et_pb_row][\/et_pb_section][et_pb_section fb_built=&#8221;1&#8243; _builder_version=&#8221;4.24.2&#8243; _module_preset=&#8221;default&#8221; background_image=&#8221;https:\/\/erkanmakine.com.tr\/wp-content\/uploads\/2024\/02\/karlmark-bg.webp&#8221; parallax=&#8221;on&#8221; custom_margin=&#8221;||||false|false&#8221; custom_padding=&#8221;113px||113px||true|false&#8221; background_last_edited=&#8221;on|phone&#8221; background_image_phone=&#8221;https:\/\/erkanmakine.com.tr\/wp-content\/uploads\/2024\/02\/grup-m.webp&#8221; background_enable_image_phone=&#8221;on&#8221; global_colors_info=&#8221;{}&#8221;][et_pb_row make_equal=&#8221;on&#8221; _builder_version=&#8221;4.23.4&#8243; _module_preset=&#8221;default&#8221; custom_css_main_element=&#8221;align-items: center;&#8221; global_colors_info=&#8221;{}&#8221;][et_pb_column type=&#8221;4_4&#8243; admin_label=&#8221;Kolon&#8221; _builder_version=&#8221;4.23.4&#8243; _module_preset=&#8221;default&#8221; global_colors_info=&#8221;{}&#8221;][et_pb_text _builder_version=&#8221;4.23.4&#8243; _module_preset=&#8221;default&#8221; quote_font=&#8221;Aclonica||||||||&#8221; quote_text_color=&#8221;#7CDA24&#8243; header_2_font=&#8221;Allison||||||||&#8221; header_2_text_color=&#8221;#FFFFFF&#8221; header_2_font_size=&#8221;55px&#8221; header_3_font=&#8221;Allison||||||||&#8221; header_3_text_color=&#8221;#FFFFFF&#8221; header_3_font_size=&#8221;56px&#8221; background_enable_image=&#8221;off&#8221; custom_padding_tablet=&#8221;&#8221; custom_padding_phone=&#8221;||64px||false|false&#8221; custom_padding_last_edited=&#8221;on|phone&#8221; animation_style=&#8221;slide&#8221; animation_direction=&#8221;left&#8221; animation_intensity_slide=&#8221;11%&#8221; locked=&#8221;off&#8221; global_colors_info=&#8221;{}&#8221;]<\/p>\n<h2>Wheat fields are a reflection of the union between labor and the land, and a manifestation of the fundamental connection between humans and nature.<\/h2>\n<p>&nbsp;<\/p>\n<h3>Karl Marx<\/h3>\n<p>[\/et_pb_text][\/et_pb_column][\/et_pb_row][\/et_pb_section][et_pb_section fb_built=&#8221;1&#8243; _builder_version=&#8221;4.24.2&#8243; _module_preset=&#8221;default&#8221; background_image=&#8221;https:\/\/erkanmakine.com.tr\/wp-content\/uploads\/2024\/02\/grup1.webp&#8221; custom_margin=&#8221;||||false|false&#8221; custom_padding=&#8221;91px||91px||true|false&#8221; background_last_edited=&#8221;on|phone&#8221; background_image_phone=&#8221;https:\/\/erkanmakine.com.tr\/wp-content\/uploads\/2024\/02\/grup-m.webp&#8221; background_enable_image_phone=&#8221;on&#8221; background_position_phone=&#8221;bottom_center&#8221; global_colors_info=&#8221;{}&#8221;][et_pb_row make_equal=&#8221;on&#8221; _builder_version=&#8221;4.24.2&#8243; _module_preset=&#8221;default&#8221; custom_css_main_element=&#8221;align-items: center;&#8221; global_colors_info=&#8221;{}&#8221;][et_pb_column type=&#8221;4_4&#8243; admin_label=&#8221;Kolon&#8221; _builder_version=&#8221;4.23.4&#8243; _module_preset=&#8221;default&#8221; animation_style=&#8221;slide&#8221; animation_direction=&#8221;right&#8221; animation_intensity_slide=&#8221;5%&#8221; global_colors_info=&#8221;{}&#8221;][et_pb_image src=&#8221;https:\/\/erkanmakine.com.tr\/wp-content\/uploads\/2024\/06\/Erkan_Dikey-Grup-1.png&#8221; title_text=&#8221;Erkan_Dikey Grup&#8221; align=&#8221;center&#8221; _builder_version=&#8221;4.24.2&#8243; _module_preset=&#8221;default&#8221; max_width=&#8221;350px&#8221; hover_enabled=&#8221;0&#8243; global_colors_info=&#8221;{}&#8221; sticky_enabled=&#8221;0&#8243;][\/et_pb_image][et_pb_text _builder_version=&#8221;4.23.4&#8243; _module_preset=&#8221;default&#8221; max_width=&#8221;70%&#8221; max_width_tablet=&#8221;70%&#8221; max_width_phone=&#8221;100%&#8221; max_width_last_edited=&#8221;on|phone&#8221; module_alignment=&#8221;center&#8221; global_colors_info=&#8221;{}&#8221;]<\/p>\n<p style=\"text-align: center;\"><span>Erkan Group, with its group companies each specializing in their own fields and sharing a strong legacy in quality, innovation, and customer satisfaction <\/span><span>It is growing every day.<\/span><\/p>\n<p>[\/et_pb_text][et_pb_button button_url=&#8221;@ET-DC@eyJkeW5hbWljIjp0cnVlLCJjb250ZW50IjoicG9zdF9saW5rX3VybF9wYWdlIiwic2V0dGluZ3MiOnsicG9zdF9pZCI6IjIzOTYxNSJ9fQ==@&#8221; button_text=&#8221;\u0130NCELE&#8221; button_alignment=&#8221;center&#8221; _builder_version=&#8221;4.24.2&#8243; _dynamic_attributes=&#8221;button_url&#8221; _module_preset=&#8221;default&#8221; custom_button=&#8221;on&#8221; button_text_size=&#8221;17px&#8221; button_text_color=&#8221;#000000&#8243; button_border_width=&#8221;1px&#8221; button_border_radius=&#8221;0px&#8221; button_font=&#8221;Inter||||||||&#8221; hover_enabled=&#8221;0&#8243; global_colors_info=&#8221;{}&#8221; sticky_enabled=&#8221;0&#8243;][\/et_pb_button][\/et_pb_column][\/et_pb_row][\/et_pb_section][et_pb_section fb_built=&#8221;1&#8243; _builder_version=&#8221;4.23.4&#8243; _module_preset=&#8221;default&#8221; background_enable_image=&#8221;off&#8221; background_size=&#8221;initial&#8221; background_position=&#8221;bottom_right&#8221; custom_padding=&#8221;0px|0px|0px|0px|true|true&#8221; animation_style=&#8221;slide&#8221; global_colors_info=&#8221;{}&#8221;][et_pb_row column_structure=&#8221;1_2,1_2&#8243; _builder_version=&#8221;4.23.4&#8243; _module_preset=&#8221;default&#8221; global_colors_info=&#8221;{}&#8221;][et_pb_column type=&#8221;1_2&#8243; _builder_version=&#8221;4.23.4&#8243; _module_preset=&#8221;default&#8221; animation_style=&#8221;fade&#8221; animation_duration=&#8221;1500ms&#8221; global_colors_info=&#8221;{}&#8221;][et_pb_image src=&#8221;https:\/\/erkanmakine.com.tr\/wp-content\/uploads\/2024\/01\/katalog.webp&#8221; title_text=&#8221;katalog&#8221; align=&#8221;right&#8221; force_fullwidth=&#8221;on&#8221; admin_label=&#8221;G\u00f6r\u00fcnt\u00fc&#8221; _builder_version=&#8221;4.23.4&#8243; _module_preset=&#8221;default&#8221; global_colors_info=&#8221;{}&#8221;][\/et_pb_image][\/et_pb_column][et_pb_column type=&#8221;1_2&#8243; _builder_version=&#8221;4.23.4&#8243; _module_preset=&#8221;default&#8221; background_enable_image=&#8221;off&#8221; custom_padding=&#8221;|0px||0px|true|true&#8221; animation_style=&#8221;fade&#8221; animation_duration=&#8221;2000ms&#8221; global_colors_info=&#8221;{}&#8221;][et_pb_text admin_label=&#8221;Metin&#8221; _builder_version=&#8221;4.23.4&#8243; _module_preset=&#8221;default&#8221; header_font=&#8221;Barlow Condensed||||||||&#8221; custom_margin=&#8221;29px|97px|||false|false&#8221; custom_padding=&#8221;||||false|false&#8221; module_alignment_phone=&#8221;left&#8221; module_alignment_last_edited=&#8221;off|phone&#8221; global_colors_info=&#8221;{}&#8221;]<\/p>\n<h1>Online Catalog<\/h1>\n<p><span>Discover, Get Inspired! Erkan Makina's online catalog section offers fantastic machine solutions for the food, flour, semolina, and feed industries. Advanced technology, quality, and innovation all in one! Click now for detailed product information and professional solutions<\/span><\/p>\n<p>[\/et_pb_text][et_pb_button button_url=&#8221;@ET-DC@eyJkeW5hbWljIjp0cnVlLCJjb250ZW50IjoicG9zdF9saW5rX3VybF9hdHRhY2htZW50Iiwic2V0dGluZ3MiOnsicG9zdF9pZCI6IjIzOTM5NSJ9fQ==@&#8221; url_new_window=&#8221;on&#8221; button_text=&#8221;\u0130ncele&#8221; button_alignment_tablet=&#8221;&#8221; button_alignment_phone=&#8221;&#8221; button_alignment_last_edited=&#8221;on|phone&#8221; admin_label=&#8221;D\u00fc\u011fme&#8221; _builder_version=&#8221;4.23.4&#8243; _dynamic_attributes=&#8221;button_url&#8221; _module_preset=&#8221;default&#8221; custom_button=&#8221;on&#8221; button_bg_color=&#8221;#e5e5e5&#8243; button_border_width=&#8221;0px&#8221; button_border_radius=&#8221;0px&#8221; button_letter_spacing=&#8221;0px&#8221; button_font=&#8221;Barlow Condensed||||||||&#8221; custom_padding=&#8221;|90px|||false|false&#8221; locked=&#8221;off&#8221; global_colors_info=&#8221;{}&#8221;][\/et_pb_button][\/et_pb_column][\/et_pb_row][\/et_pb_section][et_pb_section fb_built=&#8221;1&#8243; _builder_version=&#8221;4.23.4&#8243; _module_preset=&#8221;default&#8221; background_color=&#8221;#eaeaea&#8221; background_image=&#8221;https:\/\/erkanmakine.com.tr\/wp-content\/uploads\/2024\/02\/20ulke.webp&#8221; background_size=&#8221;initial&#8221; background_position=&#8221;center_right&#8221; background_blend=&#8221;multiply&#8221; custom_padding=&#8221;|0px||0px|true|true&#8221; animation_style=&#8221;slide&#8221; global_colors_info=&#8221;{}&#8221;][et_pb_row _builder_version=&#8221;4.23.4&#8243; _module_preset=&#8221;default&#8221; global_colors_info=&#8221;{}&#8221;][et_pb_column type=&#8221;4_4&#8243; _builder_version=&#8221;4.23.4&#8243; _module_preset=&#8221;default&#8221; background_enable_image=&#8221;off&#8221; custom_padding=&#8221;|0px||0px|true|true&#8221; animation_style=&#8221;fade&#8221; animation_duration=&#8221;2000ms&#8221; global_colors_info=&#8221;{}&#8221;][et_pb_text _builder_version=&#8221;4.23.4&#8243; _module_preset=&#8221;default&#8221; text_text_color=&#8221;#474747&#8243; header_text_color=&#8221;#E09900&#8243; header_4_font=&#8221;Alata|700|||||||&#8221; header_4_text_color=&#8221;#474747&#8243; header_4_font_size=&#8221;100px&#8221; position_origin_a=&#8221;center_center&#8221; z_index=&#8221;-2&#8243; global_colors_info=&#8221;{}&#8221;]<\/p>\n<h4><span style=\"color: #6b6b6b;\">29+ year<\/span><\/h4>\n<h4><\/h4>\n<h4><\/h4>\n<h4>20+ country<\/h4>\n<p>[\/et_pb_text][\/et_pb_column][\/et_pb_row][\/et_pb_section]<\/p>","protected":false},"excerpt":{"rendered":"<p>ANAHTAR TESL\u0130M PROJELER T\u00fcm \u00c7\u00f6z\u00fcmler Bir Arada Un, irmik ve yem fabrikalar\u0131 i\u00e7in \u00f6zel tasarlanm\u0131\u015f de\u011firmen sistemlerini ba\u015ftan sona kapsayan bir yakla\u015f\u0131mla sunmaktad\u0131r. Anahtar teslim hizmetimiz, projenin planlamas\u0131ndan ba\u015flayarak, bina in\u015fas\u0131, makina \u00fcretimi, montaj i\u015flemleri ve otomasyon sistemlerinin entegrasyonuna kadar her a\u015famay\u0131 kapsar.\u00dcRET\u0130M VE H\u0130ZMETLER\u0130M\u0130Z&#8221;Bu\u011fday tarlalar\u0131, eme\u011fin toprakla birle\u015fimi ve insan\u0131n do\u011fayla kurdu\u011fu temel ili\u015fkinin [&hellip;]<\/p>","protected":false},"author":1,"featured_media":0,"parent":0,"menu_order":0,"comment_status":"closed","ping_status":"closed","template":"","meta":{"_et_pb_use_builder":"on","_et_pb_old_content":"","_et_gb_content_width":"","footnotes":""},"class_list":["post-239419","page","type-page","status-publish","hentry"],"_links":{"self":[{"href":"https:\/\/erkanmakine.com.tr\/en\/wp-json\/wp\/v2\/pages\/239419","targetHints":{"allow":["GET"]}}],"collection":[{"href":"https:\/\/erkanmakine.com.tr\/en\/wp-json\/wp\/v2\/pages"}],"about":[{"href":"https:\/\/erkanmakine.com.tr\/en\/wp-json\/wp\/v2\/types\/page"}],"author":[{"embeddable":true,"href":"https:\/\/erkanmakine.com.tr\/en\/wp-json\/wp\/v2\/users\/1"}],"replies":[{"embeddable":true,"href":"https:\/\/erkanmakine.com.tr\/en\/wp-json\/wp\/v2\/comments?post=239419"}],"version-history":[{"count":32,"href":"https:\/\/erkanmakine.com.tr\/en\/wp-json\/wp\/v2\/pages\/239419\/revisions"}],"predecessor-version":[{"id":240498,"href":"https:\/\/erkanmakine.com.tr\/en\/wp-json\/wp\/v2\/pages\/239419\/revisions\/240498"}],"wp:attachment":[{"href":"https:\/\/erkanmakine.com.tr\/en\/wp-json\/wp\/v2\/media?parent=239419"}],"curies":[{"name":"wp","href":"https:\/\/api.w.org\/{rel}","templated":true}]}}