{"id":240181,"date":"2024-02-20T10:40:39","date_gmt":"2024-02-20T10:40:39","guid":{"rendered":"https:\/\/erkanmakine.com.tr\/?post_type=product&#038;p=240181"},"modified":"2024-02-27T10:44:41","modified_gmt":"2024-02-27T10:44:41","slug":"debimetre","status":"publish","type":"product","link":"https:\/\/erkanmakine.com.tr\/en\/product\/debimetre\/","title":{"rendered":"Debimeter"},"content":{"rendered":"","protected":false},"excerpt":{"rendered":"<p>Bu\u011fday\u0131n tavlama i\u015fleminde kullan\u0131l\u0131r. Bu\u011fday\u0131n ak\u0131\u015f\u0131n\u0131 alg\u0131layan sens\u00f6r\u00fcn devreye girmesiyle sistemde su kontrol\u00fcn\u00fc sa\u011flayan vana otomatik olarak a\u00e7\u0131l\u0131r ve kapan\u0131r. Sisteme verilen su miktar\u0131 ayarlanabilir ve cam g\u00f6stergeden izlenebilir. Su sisteme verilmeden \u00f6nce filtreden ge\u00e7irilir.<\/p>","protected":false},"featured_media":240182,"comment_status":"open","ping_status":"closed","template":"","meta":{"_et_pb_use_builder":"","_et_pb_old_content":"","_et_gb_content_width":""},"product_cat":[22],"product_tag":[],"class_list":{"0":"post-240181","1":"product","2":"type-product","3":"status-publish","4":"has-post-thumbnail","6":"product_cat-yardimci-malzemeler","8":"first","9":"instock","10":"shipping-taxable","11":"product-type-simple"},"_links":{"self":[{"href":"https:\/\/erkanmakine.com.tr\/en\/wp-json\/wp\/v2\/product\/240181","targetHints":{"allow":["GET"]}}],"collection":[{"href":"https:\/\/erkanmakine.com.tr\/en\/wp-json\/wp\/v2\/product"}],"about":[{"href":"https:\/\/erkanmakine.com.tr\/en\/wp-json\/wp\/v2\/types\/product"}],"replies":[{"embeddable":true,"href":"https:\/\/erkanmakine.com.tr\/en\/wp-json\/wp\/v2\/comments?post=240181"}],"wp:featuredmedia":[{"embeddable":true,"href":"https:\/\/erkanmakine.com.tr\/en\/wp-json\/wp\/v2\/media\/240182"}],"wp:attachment":[{"href":"https:\/\/erkanmakine.com.tr\/en\/wp-json\/wp\/v2\/media?parent=240181"}],"wp:term":[{"taxonomy":"product_cat","embeddable":true,"href":"https:\/\/erkanmakine.com.tr\/en\/wp-json\/wp\/v2\/product_cat?post=240181"},{"taxonomy":"product_tag","embeddable":true,"href":"https:\/\/erkanmakine.com.tr\/en\/wp-json\/wp\/v2\/product_tag?post=240181"}],"curies":[{"name":"wp","href":"https:\/\/api.w.org\/{rel}","templated":true}]}}