{"id":240189,"date":"2024-02-20T10:43:07","date_gmt":"2024-02-20T10:43:07","guid":{"rendered":"https:\/\/erkanmakine.com.tr\/?post_type=product&#038;p=240189"},"modified":"2024-02-27T09:08:13","modified_gmt":"2024-02-27T09:08:13","slug":"pnomatik-yon-klapesi","status":"publish","type":"product","link":"https:\/\/erkanmakine.com.tr\/en\/product\/pnomatik-yon-klapesi\/","title":{"rendered":"Actuator Direction Flap"},"content":{"rendered":"","protected":false},"excerpt":{"rendered":"<p>Ba\u015fta g\u0131da olmak \u00fczere, plastik, ila\u00e7 ve kimya sanayisinde ve her t\u00fcrl\u00fc toz gran\u00fcl yap\u0131daki malzemeleri bir noktadan farkl\u0131 x say\u0131da noktaya g\u00f6ndermek i\u00e7in kullan\u0131l\u0131r. \u00d827mm-\u00f8168mm lik \u00e7elik boru \u00e7aplar\u0131na g\u00f6re imal edilmektedir. Otomasyon ile \u00e7al\u0131\u015fan tesislerde tercih edilir.<\/p>","protected":false},"featured_media":240190,"comment_status":"open","ping_status":"closed","template":"","meta":{"_et_pb_use_builder":"","_et_pb_old_content":"","_et_gb_content_width":""},"product_cat":[22],"product_tag":[],"class_list":{"0":"post-240189","1":"product","2":"type-product","3":"status-publish","4":"has-post-thumbnail","6":"product_cat-yardimci-malzemeler","8":"first","9":"instock","10":"shipping-taxable","11":"product-type-simple"},"_links":{"self":[{"href":"https:\/\/erkanmakine.com.tr\/en\/wp-json\/wp\/v2\/product\/240189","targetHints":{"allow":["GET"]}}],"collection":[{"href":"https:\/\/erkanmakine.com.tr\/en\/wp-json\/wp\/v2\/product"}],"about":[{"href":"https:\/\/erkanmakine.com.tr\/en\/wp-json\/wp\/v2\/types\/product"}],"replies":[{"embeddable":true,"href":"https:\/\/erkanmakine.com.tr\/en\/wp-json\/wp\/v2\/comments?post=240189"}],"wp:featuredmedia":[{"embeddable":true,"href":"https:\/\/erkanmakine.com.tr\/en\/wp-json\/wp\/v2\/media\/240190"}],"wp:attachment":[{"href":"https:\/\/erkanmakine.com.tr\/en\/wp-json\/wp\/v2\/media?parent=240189"}],"wp:term":[{"taxonomy":"product_cat","embeddable":true,"href":"https:\/\/erkanmakine.com.tr\/en\/wp-json\/wp\/v2\/product_cat?post=240189"},{"taxonomy":"product_tag","embeddable":true,"href":"https:\/\/erkanmakine.com.tr\/en\/wp-json\/wp\/v2\/product_tag?post=240189"}],"curies":[{"name":"wp","href":"https:\/\/api.w.org\/{rel}","templated":true}]}}