{"id":79,"date":"2024-01-18T10:10:11","date_gmt":"2024-01-18T10:10:11","guid":{"rendered":"https:\/\/erkanmakine.com.tr\/?post_type=product&#038;p=79"},"modified":"2024-03-18T07:28:43","modified_gmt":"2024-03-18T07:28:43","slug":"buhar-kazani","status":"publish","type":"product","link":"https:\/\/erkanmakine.com.tr\/en\/product\/buhar-kazani\/","title":{"rendered":"Steam Boiler"},"content":{"rendered":"<script>fsg_json['fsg_post_79'] = [\n{id: 239305, image: 'https:\/\/erkanmakine.com.tr\/wp-content\/uploads\/2024\/01\/Buhar-Kazani.webp', extlink: '', thumb: 'https:\/\/erkanmakine.com.tr\/wp-content\/uploads\/2024\/01\/Buhar-Kazani-150x150.webp', permalink: '<div class=\"galleria-layeritem\"><a title=\"Permalink\" href=\"https:\/\/erkanmakine.com.tr\/en\/product\/buhar-kazani\/#239305\"><div class=\"galleria-link-bookmark\"><\/div><\/a><\/div>', layer: '<div class=\"galleria-infolayer\"><div class=\"galleria-layeritem\" style=\"padding-right: 20px;\"><\/div><div class=\"galleria-layeritem\"><a title=\"Permalink\" href=\"https:\/\/erkanmakine.com.tr\/en\/product\/buhar-kazani\/#239305\"><div class=\"galleria-link-bookmark\"><\/div><\/a><\/div><div class=\"galleria-layeritem\" style=\"padding-right: 20px;\"><\/div>'}\n];<\/script>\n\n\t\t<style type=\"text\/css\">\n\t\t\t#gallery-1 {\n\t\t\t\tmargin: auto;\n\t\t\t}\n\t\t\t#gallery-1 .gallery-item {\n\t\t\t\tfloat: left;\n\t\t\t\tmargin-top: 10px;\n\t\t\t\ttext-align: center;\n\t\t\t\twidth: 100%;\n\t\t\t}\n\t\t\t#gallery-1 img {\n\t\t\t\tborder: 2px solid #cfcfcf;\n\t\t\t}\n\t\t\t#gallery-1 .gallery-caption {\n\t\t\t\tmargin-left: 0;\n\t\t\t}\n\t\t\t\/* see gallery_shortcode() in wp-includes\/media.php *\/\n\t\t<\/style>\n\t\t<div id='gallery-1' class='gallery galleryid-79 gallery-columns-1 gallery-size-full'><dl class='gallery-item'>\n\t\t\t<dt class='gallery-icon landscape'>\n\t\t\t\t<a data-postid=\"fsg_post_79\" data-imgid=\"239305\" href='https:\/\/erkanmakine.com.tr\/wp-content\/uploads\/2024\/01\/Buhar-Kazani.webp'><img decoding=\"async\" width=\"1800\" height=\"868\" src=\"https:\/\/erkanmakine.com.tr\/wp-content\/uploads\/2024\/01\/Buhar-Kazani.webp\" class=\"attachment-full size-full\" alt=\"\" srcset=\"https:\/\/erkanmakine.com.tr\/wp-content\/uploads\/2024\/01\/Buhar-Kazani.webp 1800w, https:\/\/erkanmakine.com.tr\/wp-content\/uploads\/2024\/01\/Buhar-Kazani-1280x617.webp 1280w, https:\/\/erkanmakine.com.tr\/wp-content\/uploads\/2024\/01\/Buhar-Kazani-980x473.webp 980w, https:\/\/erkanmakine.com.tr\/wp-content\/uploads\/2024\/01\/Buhar-Kazani-480x231.webp 480w\" sizes=\"(min-width: 0px) and (max-width: 480px) 480px, (min-width: 481px) and (max-width: 980px) 980px, (min-width: 981px) and (max-width: 1280px) 1280px, (min-width: 1281px) 1800px, 100vw\" \/><\/a>\n\t\t\t<\/dt><\/dl><br style=\"clear: both\" \/>\n\t\t<\/div>\n\n<table class=\"tableizer-table\">\n<thead>\n<tr class=\"tableizer-firstrow\">\n<th>Type<\/th>\n<th>Heating Surface m\u00b2<\/th>\n<th>Buharl\u0131 \u00dcretim Kapasitesi kg\/h<\/th>\n<th>Full Water Volume<\/th>\n<th>Weight (kg)<\/th>\n<th>Lt (mm)<\/th>\n<th>Wt (mm)<\/th>\n<th>Ht (mm)<\/th>\n<th>Smoke Way Against Pressure<\/th>\n<\/tr>\n<\/thead>\n<tbody>\n<tr>\n<td>EM-BK-08<\/td>\n<td>8 m\u00b2<\/td>\n<td>320 kg\/h<\/td>\n<td>900 lt<\/td>\n<td>800 kg<\/td>\n<td>2100 mm<\/td>\n<td>1410 mm<\/td>\n<td>1650<\/td>\n<td>50 mmss<\/td>\n<\/tr>\n<tr>\n<td>EM-BK-10<\/td>\n<td>10 m\u00b2<\/td>\n<td>400 kg\/h<\/td>\n<td>1160 lt<\/td>\n<td>1000 kg<\/td>\n<td>2400 mm<\/td>\n<td>1410 mm<\/td>\n<td>1650<\/td>\n<td>55 mmss<\/td>\n<\/tr>\n<tr>\n<td>EM-BK-15<\/td>\n<td>15 m\u00b2<\/td>\n<td>600 kg\/h<\/td>\n<td>2400 lt<\/td>\n<td>1600 kg<\/td>\n<td>2500 mm<\/td>\n<td>1880 mm<\/td>\n<td>2100<\/td>\n<td>55 mmss<\/td>\n<\/tr>\n<tr>\n<td>EM-BK-20<\/td>\n<td>20 m\u00b2<\/td>\n<td>800 kg\/h<\/td>\n<td>3100 lt<\/td>\n<td>2200 kg<\/td>\n<td>3000 mm<\/td>\n<td>1880 mm<\/td>\n<td>2100<\/td>\n<td>60 mmss<\/td>\n<\/tr>\n<tr>\n<td>EM-BK-30<\/td>\n<td>30 m\u00b2<\/td>\n<td>1200 kg\/h<\/td>\n<td>4000 lt<\/td>\n<td>3200 kg<\/td>\n<td>3200 mm<\/td>\n<td>2160 mm<\/td>\n<td>2400<\/td>\n<td>65 mmss<\/td>\n<\/tr>\n<tr>\n<td>EM-BK-40<\/td>\n<td>40 m\u00b2<\/td>\n<td>1600 kg\/h<\/td>\n<td>4900 lt<\/td>\n<td>4500 kg<\/td>\n<td>3800 mm<\/td>\n<td>2160 mm<\/td>\n<td>2400<\/td>\n<td>65 mmss<\/td>\n<\/tr>\n<tr>\n<td>EM-BK-50<\/td>\n<td>50 m\u00b2<\/td>\n<td>2000 kg\/h<\/td>\n<td>6200 lt<\/td>\n<td>5500 kg<\/td>\n<td>3900 mm<\/td>\n<td>2400 mm<\/td>\n<td>2600<\/td>\n<td>70 mmss<\/td>\n<\/tr>\n<tr>\n<td>EM-BK-60<\/td>\n<td>60 m\u00b2<\/td>\n<td>2400 kg\/h<\/td>\n<td>7400 lt<\/td>\n<td>6200 kg<\/td>\n<td>4400 mm<\/td>\n<td>2400 mm<\/td>\n<td>2600<\/td>\n<td>70 mmss<\/td>\n<\/tr>\n<tr>\n<td>EM-BK-70<\/td>\n<td>70 m\u00b2<\/td>\n<td>2800 kg\/h<\/td>\n<td>8500 lt<\/td>\n<td>7300 kg<\/td>\n<td>4900 mm<\/td>\n<td>2400 mm<\/td>\n<td>2600<\/td>\n<td>70 mmss<\/td>\n<\/tr>\n<tr>\n<td>EM-BK-80<\/td>\n<td>80 m\u00b2<\/td>\n<td>3200 kg\/h<\/td>\n<td>10800 lt<\/td>\n<td>8000 kg<\/td>\n<td>4770 mm<\/td>\n<td>2600 mm<\/td>\n<td>2900<\/td>\n<td>80 mmss<\/td>\n<\/tr>\n<tr>\n<td>EM-BK-90<\/td>\n<td>90 m\u00b2<\/td>\n<td>3600 kg\/h<\/td>\n<td>12000 lt<\/td>\n<td>9500 kg<\/td>\n<td>5170 mm<\/td>\n<td>2600 mm<\/td>\n<td>2900<\/td>\n<td>80 mmss<\/td>\n<\/tr>\n<tr>\n<td>EM-BK-100<\/td>\n<td>100 m\u00b2<\/td>\n<td>4000 kg\/h<\/td>\n<td>13300 lt<\/td>\n<td>10000 kg<\/td>\n<td>5570 mm<\/td>\n<td>2600 mm<\/td>\n<td>2900<\/td>\n<td>80 mmss<\/td>\n<\/tr>\n<\/tbody>\n<\/table>","protected":false},"excerpt":{"rendered":"<p>Model Is\u0131tma Y\u00fczeyi m\u00b2 Buharl\u0131 \u00dcretim Kapasitesi kg\/h Tam Dolu Su Hacmi A\u011f\u0131rl\u0131k (kg) Lt (mm) Wt (mm) Ht (mm) Duman Yolu Kar\u015f\u0131 Bas\u0131n\u00e7 EM-BK-08 8 m\u00b2 320 kg\/h 900 lt 800 kg 2100 mm 1410 mm 1650 50 mmss EM-BK-10 10 m\u00b2 400 kg\/h 1160 lt 1000 kg 2400 mm 1410 mm 1650 55 [&hellip;]<\/p>","protected":false},"featured_media":240403,"comment_status":"open","ping_status":"closed","template":"","meta":{"_et_pb_use_builder":"","_et_pb_old_content":"","_et_gb_content_width":""},"product_cat":[21],"product_tag":[],"class_list":{"0":"post-79","1":"product","2":"type-product","3":"status-publish","4":"has-post-thumbnail","6":"product_cat-yem-makinalari","8":"first","9":"instock","10":"shipping-taxable","11":"product-type-simple"},"_links":{"self":[{"href":"https:\/\/erkanmakine.com.tr\/en\/wp-json\/wp\/v2\/product\/79","targetHints":{"allow":["GET"]}}],"collection":[{"href":"https:\/\/erkanmakine.com.tr\/en\/wp-json\/wp\/v2\/product"}],"about":[{"href":"https:\/\/erkanmakine.com.tr\/en\/wp-json\/wp\/v2\/types\/product"}],"replies":[{"embeddable":true,"href":"https:\/\/erkanmakine.com.tr\/en\/wp-json\/wp\/v2\/comments?post=79"}],"wp:featuredmedia":[{"embeddable":true,"href":"https:\/\/erkanmakine.com.tr\/en\/wp-json\/wp\/v2\/media\/240403"}],"wp:attachment":[{"href":"https:\/\/erkanmakine.com.tr\/en\/wp-json\/wp\/v2\/media?parent=79"}],"wp:term":[{"taxonomy":"product_cat","embeddable":true,"href":"https:\/\/erkanmakine.com.tr\/en\/wp-json\/wp\/v2\/product_cat?post=79"},{"taxonomy":"product_tag","embeddable":true,"href":"https:\/\/erkanmakine.com.tr\/en\/wp-json\/wp\/v2\/product_tag?post=79"}],"curies":[{"name":"wp","href":"https:\/\/api.w.org\/{rel}","templated":true}]}}