{"id":239603,"date":"2024-02-08T17:46:29","date_gmt":"2024-02-08T17:46:29","guid":{"rendered":"https:\/\/erkanmakine.com.tr\/?page_id=239603"},"modified":"2024-06-10T11:37:44","modified_gmt":"2024-06-10T11:37:44","slug":"yonetim-anlayisimiz","status":"publish","type":"page","link":"https:\/\/erkanmakine.com.tr\/fr\/yonetim-anlayisimiz\/","title":{"rendered":"NOTRE APPROCHE DE LA DIRECTION"},"content":{"rendered":"<p>[et_pb_section fb_built=&#8221;1&#8243; admin_label=&#8221;B\u00f6l\u00fcm&#8221; _builder_version=&#8221;4.24.2&#8243; _module_preset=&#8221;default&#8221; background_color=&#8221;#454d51&#8243; use_background_color_gradient=&#8221;on&#8221; background_color_gradient_stops=&#8221;#2b2826 0%|#383e42 100%&#8221; background_image=&#8221;https:\/\/erkanmakine.com.tr\/wp-content\/uploads\/2024\/02\/header-bg.webp&#8221; background_size=&#8221;initial&#8221; background_position=&#8221;top_left&#8221; background_vertical_offset=&#8221;32%&#8221; hover_enabled=&#8221;0&#8243; global_colors_info=&#8221;{}&#8221; custom_padding_last_edited=&#8221;on|phone&#8221; custom_padding_phone=&#8221;64px||0px||false|false&#8221; custom_margin_last_edited=&#8221;on|phone&#8221; custom_margin_phone=&#8221;||-10px||false|false&#8221; sticky_enabled=&#8221;0&#8243;][et_pb_row column_structure=&#8221;3_5,2_5&#8243; _builder_version=&#8221;4.24.2&#8243; _module_preset=&#8221;default&#8221; hover_enabled=&#8221;0&#8243; global_colors_info=&#8221;{}&#8221; sticky_enabled=&#8221;0&#8243;][et_pb_column type=&#8221;3_5&#8243; _builder_version=&#8221;4.16&#8243; _module_preset=&#8221;default&#8221; z_index=&#8221;10&#8243; global_colors_info=&#8221;{}&#8221;][et_pb_text _builder_version=&#8221;4.24.2&#8243; _dynamic_attributes=&#8221;content&#8221; _module_preset=&#8221;default&#8221; text_font=&#8221;Inter|700|||||||&#8221; text_text_color=&#8221;#FFFFFF&#8221; text_font_size=&#8221;42px&#8221; header_font=&#8221;Barlow Condensed|700||on|||||&#8221; header_text_color=&#8221;#FFFFFF&#8221; header_font_size=&#8221;67px&#8221; header_line_height=&#8221;1.5em&#8221; background_layout=&#8221;dark&#8221; custom_padding=&#8221;||||false|false&#8221; hover_enabled=&#8221;0&#8243; header_font_size_tablet=&#8221;60px&#8221; header_font_size_phone=&#8221;35px&#8221; header_font_size_last_edited=&#8221;on|phone&#8221; global_colors_info=&#8221;{}&#8221; header_line_height_last_edited=&#8221;on|phone&#8221; header_line_height_phone=&#8221;1em&#8221; sticky_enabled=&#8221;0&#8243; header_text_color_last_edited=&#8221;off|phone&#8221; header_text_color_phone=&#8221;#000000&#8243; header_line_height_tablet=&#8221;1.5em&#8221;]@ET-DC@eyJkeW5hbWljIjp0cnVlLCJjb250ZW50IjoicG9zdF90aXRsZSIsInNldHRpbmdzIjp7ImJlZm9yZSI6IjxoMT4iLCJhZnRlciI6IjwvaDE+In19@[\/et_pb_text][\/et_pb_column][et_pb_column type=&#8221;2_5&#8243; _builder_version=&#8221;4.16&#8243; _module_preset=&#8221;default&#8221; global_colors_info=&#8221;{}&#8221;][dsm_breadcrumbs home_text=&#8221;Ana Sayfa&#8221; show_home_icon=&#8221;off&#8221; align=&#8221;right&#8221; items_bg_color=&#8221;RGBA(255,255,255,0)&#8221; _builder_version=&#8221;4.24.2&#8243; _module_preset=&#8221;default&#8221; items_text_color=&#8221;#FFFFFF&#8221; separators_text_color=&#8221;#D6D6D6&#8243; hover_enabled=&#8221;0&#8243; global_colors_info=&#8221;{}&#8221; align_last_edited=&#8221;on|phone&#8221; align_phone=&#8221;left&#8221; sticky_enabled=&#8221;0&#8243; current_text_color=&#8221;#FFFFFF&#8221; align_tablet=&#8221;right&#8221;][\/dsm_breadcrumbs][\/et_pb_column][\/et_pb_row][\/et_pb_section][et_pb_section fb_built=&#8221;1&#8243; admin_label=&#8221;About&#8221; _builder_version=&#8221;4.23.4&#8243; _module_preset=&#8221;default&#8221; background_enable_image=&#8221;off&#8221; custom_padding=&#8221;0px||||false|false&#8221; locked=&#8221;off&#8221; global_colors_info=&#8221;{}&#8221;][et_pb_row column_structure=&#8221;2_5,3_5&#8243; make_equal=&#8221;on&#8221; _builder_version=&#8221;4.16&#8243; _module_preset=&#8221;default&#8221; background_enable_image=&#8221;off&#8221; background_size=&#8221;contain&#8221; background_position=&#8221;bottom_left&#8221; max_width=&#8221;960px&#8221; global_colors_info=&#8221;{}&#8221;][et_pb_column type=&#8221;2_5&#8243; _builder_version=&#8221;4.16&#8243; _module_preset=&#8221;default&#8221; global_colors_info=&#8221;{}&#8221;][et_pb_text _builder_version=&#8221;4.23.4&#8243; _module_preset=&#8221;default&#8221; text_font=&#8221;Montserrat|700|||||||&#8221; text_text_color=&#8221;#000000&#8243; text_font_size=&#8221;24px&#8221; text_line_height=&#8221;1.8em&#8221; header_3_font=&#8221;Montserrat|700|||||||&#8221; header_3_text_color=&#8221;#000000&#8243; header_3_font_size=&#8221;48px&#8221; background_color=&#8221;#e0af4a&#8221; z_index=&#8221;1&#8243; custom_margin=&#8221;-100px||||false|false&#8221; custom_margin_tablet=&#8221;0px||||false|false&#8221; custom_margin_phone=&#8221;&#8221; custom_margin_last_edited=&#8221;on|phone&#8221; custom_padding=&#8221;60px|60px|60px|60px|true|true&#8221; custom_padding_tablet=&#8221;30px|30px|30px|30px|true|true&#8221; custom_padding_phone=&#8221;30px|20px|30px|20px|true|true&#8221; custom_padding_last_edited=&#8221;on|phone&#8221; text_font_size_tablet=&#8221;20px&#8221; text_font_size_phone=&#8221;16px&#8221; text_font_size_last_edited=&#8221;on|phone&#8221; header_3_font_size_tablet=&#8221;38px&#8221; header_3_font_size_phone=&#8221;26px&#8221; header_3_font_size_last_edited=&#8221;on|desktop&#8221; global_colors_info=&#8221;{}&#8221;]<\/p>\n<p>Since<\/p>\n<h3>1996<\/h3>\n<p>[\/et_pb_text][et_pb_image src=&#8221;https:\/\/erkanmakine.com.tr\/wp-content\/uploads\/2024\/02\/mision.webp&#8221; title_text=&#8221;mision&#8221; _builder_version=&#8221;4.23.4&#8243; _module_preset=&#8221;default&#8221; z_index=&#8221;203&#8243; custom_margin=&#8221;-129px||||false|false&#8221; global_colors_info=&#8221;{}&#8221;][\/et_pb_image][\/et_pb_column][et_pb_column type=&#8221;3_5&#8243; _builder_version=&#8221;4.16&#8243; _module_preset=&#8221;default&#8221; global_colors_info=&#8221;{}&#8221;][et_pb_text _builder_version=&#8221;4.23.4&#8243; _module_preset=&#8221;default&#8221; text_font=&#8221;Abhaya Libre||||||||&#8221; text_text_color=&#8221;#000000&#8243; text_font_size=&#8221;18px&#8221; text_line_height=&#8221;1.8em&#8221; background_layout=&#8221;dark&#8221; max_width=&#8221;600px&#8221; custom_margin=&#8221;||||false|false&#8221; text_font_size_tablet=&#8221;&#8221; text_font_size_phone=&#8221;16px&#8221; text_font_size_last_edited=&#8221;on|phone&#8221; global_colors_info=&#8221;{}&#8221;]<\/p>\n<p><span style=\"font-size: xx-large;\"><strong>Notre Mission:<\/strong><\/span> <br \/>Notre objectif est de devenir une marque fiable et leader dans l'industrie en offrant \u00e0 nos clients des produits technologiques et de haute qualit\u00e9. Nous nous effor\u00e7ons d'ajouter de la valeur \u00e0 nos parties prenantes en am\u00e9liorant continuellement nos processus m\u00e9tier et en favorisant l'innovation.<\/p>\n<p><span style=\"font-size: xx-large;\"><strong>Notre Vision:<\/strong><\/span> <br \/>Diriger l'industrie de la meunerie avec une approche innovante et \u00e9thique, soutenant la durabilit\u00e9 et contribuant \u00e0 la soci\u00e9t\u00e9 et \u00e0 l'environnement.<\/p>\n<p>[\/et_pb_text][\/et_pb_column][\/et_pb_row][\/et_pb_section]<\/p>","protected":false},"excerpt":{"rendered":"<p><div class=\"et_pb_module dsm_breadcrumbs dsm_breadcrumbs_0\">\n\t\t\t\t\n\t\t\t\t\n\t\t\t\t\n\t\t\t\t\n\t\t\t\t\n\t\t\t\t\n\t\t\t\t<div class=\"et_pb_module_inner\">\n\t\t\t\t\t<nav class=\"dsm_breadcrumbs_wrap\" role=\"navigation\" itemscope=\"\" itemtype=\"http:\/\/schema.org\/SiteNavigationElement\">\n\t\t\t\t<ul class=\"dsm_breadcrumbs\">\n\t\t\t<li class='dsm_breadcrumbs_item dsm_home_item dsm_home_item_custom'>\n\t\t\t\t<a href=\"https:\/\/erkanmakine.com.tr\/fr\" itemprop=\"url\">\n\t\t\t\t\t<span class='dsm_home_text_wrapper'>\n\t\t\t\t\t\t\t\t\t\t\t\t\t<span class=\"dsm_home_text\" itemprop=\"name\">\n\t\t\t\t\t\t\t\tPage d'accueil\t\t\t\t\t\t\t<\/span>\n\t\t\t\t\t<\/span>\n\t\t\t\t<\/a>\n\t\t\t<\/li>\n\n\t\t<li class=\"dsm_breadcrumbs_separator\"> <span class=\"et-pb-icon dsm_separator_icon\">5<\/span><\/li><\/ul>\n\t\t\t<\/nav>\n\t\t\t\t<\/div>\n\t\t\t<\/div>Since 1996Misyonumuz: M\u00fc\u015fterilerimize teknolojik ve y\u00fcksek kaliteli \u00fcr\u00fcnleri sunarak, sekt\u00f6rde g\u00fcvenilir ve \u00f6nc\u00fc bir marka olmay\u0131 hedefliyoruz. \u0130\u015f s\u00fcre\u00e7lerimizi s\u00fcrekli iyile\u015ftirme ve yenilik\u00e7ilikle destekleyerek payda\u015flar\u0131m\u0131za de\u011fer katmay\u0131 ama\u00e7l\u0131yoruz. Vizyonumuz: De\u011firmen sekt\u00f6r\u00fcne liderlik etmek, s\u00fcrd\u00fcr\u00fclebilirli\u011fi destekleyerek topluma ve \u00e7evreye katk\u0131da [&hellip;]<\/p>","protected":false},"author":1,"featured_media":0,"parent":0,"menu_order":0,"comment_status":"closed","ping_status":"closed","template":"","meta":{"_et_pb_use_builder":"on","_et_pb_old_content":"<!-- wp:divi\/placeholder \/-->","_et_gb_content_width":"","footnotes":""},"class_list":["post-239603","page","type-page","status-publish","hentry"],"_links":{"self":[{"href":"https:\/\/erkanmakine.com.tr\/fr\/wp-json\/wp\/v2\/pages\/239603","targetHints":{"allow":["GET"]}}],"collection":[{"href":"https:\/\/erkanmakine.com.tr\/fr\/wp-json\/wp\/v2\/pages"}],"about":[{"href":"https:\/\/erkanmakine.com.tr\/fr\/wp-json\/wp\/v2\/types\/page"}],"author":[{"embeddable":true,"href":"https:\/\/erkanmakine.com.tr\/fr\/wp-json\/wp\/v2\/users\/1"}],"replies":[{"embeddable":true,"href":"https:\/\/erkanmakine.com.tr\/fr\/wp-json\/wp\/v2\/comments?post=239603"}],"version-history":[{"count":5,"href":"https:\/\/erkanmakine.com.tr\/fr\/wp-json\/wp\/v2\/pages\/239603\/revisions"}],"predecessor-version":[{"id":240489,"href":"https:\/\/erkanmakine.com.tr\/fr\/wp-json\/wp\/v2\/pages\/239603\/revisions\/240489"}],"wp:attachment":[{"href":"https:\/\/erkanmakine.com.tr\/fr\/wp-json\/wp\/v2\/media?parent=239603"}],"curies":[{"name":"wp","href":"https:\/\/api.w.org\/{rel}","templated":true}]}}