{"id":35,"date":"2024-01-18T09:40:22","date_gmt":"2024-01-18T09:40:22","guid":{"rendered":"https:\/\/erkanmakine.com.tr\/?post_type=product&#038;p=35"},"modified":"2024-02-27T10:19:04","modified_gmt":"2024-02-27T10:19:04","slug":"cop-sasoru","status":"publish","type":"product","link":"https:\/\/erkanmakine.com.tr\/fr\/product\/cop-sasoru\/","title":{"rendered":"Poubelle \u00e0 D\u00e9chets"},"content":{"rendered":"<script>fsg_json['fsg_post_35'] = [\n{id: 239244, image: 'https:\/\/erkanmakine.com.tr\/wp-content\/uploads\/2024\/01\/COP-SASORU.webp', extlink: '', thumb: 'https:\/\/erkanmakine.com.tr\/wp-content\/uploads\/2024\/01\/COP-SASORU-150x150.webp', permalink: '<div class=\"galleria-layeritem\"><a title=\"Permalink\" href=\"https:\/\/erkanmakine.com.tr\/fr\/product\/cop-sasoru\/#239244\"><div class=\"galleria-link-bookmark\"><\/div><\/a><\/div>', layer: '<div class=\"galleria-infolayer\"><div class=\"galleria-layeritem\" style=\"padding-right: 20px;\"><\/div><div class=\"galleria-layeritem\"><a title=\"Permalink\" href=\"https:\/\/erkanmakine.com.tr\/fr\/product\/cop-sasoru\/#239244\"><div class=\"galleria-link-bookmark\"><\/div><\/a><\/div><div class=\"galleria-layeritem\" style=\"padding-right: 20px;\"><\/div>'}\n];<\/script>\n\n\t\t<style type=\"text\/css\">\n\t\t\t#gallery-1 {\n\t\t\t\tmargin: auto;\n\t\t\t}\n\t\t\t#gallery-1 .gallery-item {\n\t\t\t\tfloat: left;\n\t\t\t\tmargin-top: 10px;\n\t\t\t\ttext-align: center;\n\t\t\t\twidth: 100%;\n\t\t\t}\n\t\t\t#gallery-1 img {\n\t\t\t\tborder: 2px solid #cfcfcf;\n\t\t\t}\n\t\t\t#gallery-1 .gallery-caption {\n\t\t\t\tmargin-left: 0;\n\t\t\t}\n\t\t\t\/* see gallery_shortcode() in wp-includes\/media.php *\/\n\t\t<\/style>\n\t\t<div id='gallery-1' class='gallery galleryid-35 gallery-columns-1 gallery-size-full'><dl class='gallery-item'>\n\t\t\t<dt class='gallery-icon landscape'>\n\t\t\t\t<a data-postid=\"fsg_post_35\" data-imgid=\"239244\" href='https:\/\/erkanmakine.com.tr\/wp-content\/uploads\/2024\/01\/COP-SASORU.webp'><img decoding=\"async\" width=\"1800\" height=\"868\" src=\"https:\/\/erkanmakine.com.tr\/wp-content\/uploads\/2024\/01\/COP-SASORU.webp\" class=\"attachment-full size-full\" alt=\"\" srcset=\"https:\/\/erkanmakine.com.tr\/wp-content\/uploads\/2024\/01\/COP-SASORU.webp 1800w, https:\/\/erkanmakine.com.tr\/wp-content\/uploads\/2024\/01\/COP-SASORU-1280x617.webp 1280w, https:\/\/erkanmakine.com.tr\/wp-content\/uploads\/2024\/01\/COP-SASORU-980x473.webp 980w, https:\/\/erkanmakine.com.tr\/wp-content\/uploads\/2024\/01\/COP-SASORU-480x231.webp 480w\" sizes=\"(min-width: 0px) and (max-width: 480px) 480px, (min-width: 481px) and (max-width: 980px) 980px, (min-width: 981px) and (max-width: 1280px) 1280px, (min-width: 1281px) 1800px, 100vw\" \/><\/a>\n\t\t\t<\/dt><\/dl><br style=\"clear: both\" \/>\n\t\t<\/div>\n\n<table class=\"tableizer-table\">\n<thead>\n<tr class=\"tableizer-firstrow\">\n<th>Mod\u00e8le<\/th>\n<th>Beso\u0131ns D'a\u0131r (m\u00b3) Poste<\/th>\n<th>Beso\u0131ns D'a\u0131r (m\u00b3) Nettoyage<\/th>\n<th>Dimensions Largeur<\/th>\n<th>Dimensions Longueur<\/th>\n<th>Capacit\u00e9 (t\/h)  Poste<\/th>\n<th>Capacit\u00e9 (t\/h) Nettoyage<\/th>\n<th>Poid (kg) Net<\/th>\n<th>Poid (kg) Brute<\/th>\n<\/tr>\n<\/thead>\n<tbody>\n<tr>\n<td>EM-\u00c7S 60&#215;150<\/td>\n<td>40<\/td>\n<td>30<\/td>\n<td>60 cm<\/td>\n<td>150 cm<\/td>\n<td>8<\/td>\n<td>3<\/td>\n<td>520<\/td>\n<td>700<\/td>\n<\/tr>\n<tr>\n<td>EM-\u00c7S 100&#215;150<\/td>\n<td>60<\/td>\n<td>40<\/td>\n<td>100 cm<\/td>\n<td>150 cm<\/td>\n<td>15<\/td>\n<td>8<\/td>\n<td>540<\/td>\n<td>740<\/td>\n<\/tr>\n<tr>\n<td>EM-\u00c7S 100&#215;200<\/td>\n<td>80<\/td>\n<td>50<\/td>\n<td>100 cm<\/td>\n<td>200 cm<\/td>\n<td>25<\/td>\n<td>13<\/td>\n<td>55<\/td>\n<td>800<\/td>\n<\/tr>\n<tr>\n<td>EM-\u00c7S 150&#215;200<\/td>\n<td>100<\/td>\n<td>70<\/td>\n<td>150 cm<\/td>\n<td>200 cm<\/td>\n<td>60<\/td>\n<td>20<\/td>\n<td>750<\/td>\n<td>875<\/td>\n<\/tr>\n<\/tbody>\n<\/table>","protected":false},"excerpt":{"rendered":"<p>Cet \u00e9quipement est utilis\u00e9 pour s\u00e9parer les impuret\u00e9s des produits c\u00e9r\u00e9aliers. L'inclinaison du cadre et la vibration peuvent \u00eatre ajust\u00e9es selon les besoins. Il offre une faible consommation d'\u00e9nergie, des performances \u00e9lev\u00e9es et une grande capacit\u00e9. Il n\u00e9cessite peu d'entretien et est facile \u00e0 entretenir. Le cadre r\u00e9glable entre 2\u00b0 et 12\u00b0 peut \u00eatre utilis\u00e9 pour tous types de c\u00e9r\u00e9ales \u00e0 haute capacit\u00e9. Il est durable et offre une utilisation continue. Le changement de tamis est rapide et facile, ce qui facilite le nettoyage. Il est adapt\u00e9 aux normes d'hygi\u00e8ne et fonctionne silencieusement.<\/p>","protected":false},"featured_media":239247,"comment_status":"open","ping_status":"closed","template":"","meta":{"_et_pb_use_builder":"","_et_pb_old_content":"","_et_gb_content_width":""},"product_cat":[18],"product_tag":[],"class_list":{"0":"post-35","1":"product","2":"type-product","3":"status-publish","4":"has-post-thumbnail","6":"product_cat-temizleme-unitesi","8":"first","9":"instock","10":"shipping-taxable","11":"product-type-simple"},"_links":{"self":[{"href":"https:\/\/erkanmakine.com.tr\/fr\/wp-json\/wp\/v2\/product\/35","targetHints":{"allow":["GET"]}}],"collection":[{"href":"https:\/\/erkanmakine.com.tr\/fr\/wp-json\/wp\/v2\/product"}],"about":[{"href":"https:\/\/erkanmakine.com.tr\/fr\/wp-json\/wp\/v2\/types\/product"}],"replies":[{"embeddable":true,"href":"https:\/\/erkanmakine.com.tr\/fr\/wp-json\/wp\/v2\/comments?post=35"}],"wp:featuredmedia":[{"embeddable":true,"href":"https:\/\/erkanmakine.com.tr\/fr\/wp-json\/wp\/v2\/media\/239247"}],"wp:attachment":[{"href":"https:\/\/erkanmakine.com.tr\/fr\/wp-json\/wp\/v2\/media?parent=35"}],"wp:term":[{"taxonomy":"product_cat","embeddable":true,"href":"https:\/\/erkanmakine.com.tr\/fr\/wp-json\/wp\/v2\/product_cat?post=35"},{"taxonomy":"product_tag","embeddable":true,"href":"https:\/\/erkanmakine.com.tr\/fr\/wp-json\/wp\/v2\/product_tag?post=35"}],"curies":[{"name":"wp","href":"https:\/\/api.w.org\/{rel}","templated":true}]}}