{"id":37,"date":"2024-01-18T09:41:59","date_gmt":"2024-01-18T09:41:59","guid":{"rendered":"https:\/\/erkanmakine.com.tr\/?post_type=product&#038;p=37"},"modified":"2024-02-27T08:29:57","modified_gmt":"2024-02-27T08:29:57","slug":"acili-tav-makinasi","status":"publish","type":"product","link":"https:\/\/erkanmakine.com.tr\/fr\/product\/acili-tav-makinasi\/","title":{"rendered":"La machine \u00e0 torr\u00e9faction inclin\u00e9e"},"content":{"rendered":"<script>fsg_json['fsg_post_37'] = [\n{id: 239218, image: 'https:\/\/erkanmakine.com.tr\/wp-content\/uploads\/2024\/01\/acili-tav.webp', extlink: '', thumb: 'https:\/\/erkanmakine.com.tr\/wp-content\/uploads\/2024\/01\/acili-tav-150x150.webp', permalink: '<div class=\"galleria-layeritem\"><a title=\"Permalink\" href=\"https:\/\/erkanmakine.com.tr\/fr\/product\/acili-tav-makinasi\/#239218\"><div class=\"galleria-link-bookmark\"><\/div><\/a><\/div>', layer: '<div class=\"galleria-infolayer\"><div class=\"galleria-layeritem\" style=\"padding-right: 20px;\"><\/div><div class=\"galleria-layeritem\"><a title=\"Permalink\" href=\"https:\/\/erkanmakine.com.tr\/fr\/product\/acili-tav-makinasi\/#239218\"><div class=\"galleria-link-bookmark\"><\/div><\/a><\/div><div class=\"galleria-layeritem\" style=\"padding-right: 20px;\"><\/div>'}\n];<\/script>\n\n\t\t<style type=\"text\/css\">\n\t\t\t#gallery-1 {\n\t\t\t\tmargin: auto;\n\t\t\t}\n\t\t\t#gallery-1 .gallery-item {\n\t\t\t\tfloat: left;\n\t\t\t\tmargin-top: 10px;\n\t\t\t\ttext-align: center;\n\t\t\t\twidth: 100%;\n\t\t\t}\n\t\t\t#gallery-1 img {\n\t\t\t\tborder: 2px solid #cfcfcf;\n\t\t\t}\n\t\t\t#gallery-1 .gallery-caption {\n\t\t\t\tmargin-left: 0;\n\t\t\t}\n\t\t\t\/* see gallery_shortcode() in wp-includes\/media.php *\/\n\t\t<\/style>\n\t\t<div id='gallery-1' class='gallery galleryid-37 gallery-columns-1 gallery-size-full'><dl class='gallery-item'>\n\t\t\t<dt class='gallery-icon landscape'>\n\t\t\t\t<a data-postid=\"fsg_post_37\" data-imgid=\"239218\" href='https:\/\/erkanmakine.com.tr\/wp-content\/uploads\/2024\/01\/acili-tav.webp'><img decoding=\"async\" width=\"1800\" height=\"868\" src=\"https:\/\/erkanmakine.com.tr\/wp-content\/uploads\/2024\/01\/acili-tav.webp\" class=\"attachment-full size-full\" alt=\"\" srcset=\"https:\/\/erkanmakine.com.tr\/wp-content\/uploads\/2024\/01\/acili-tav.webp 1800w, https:\/\/erkanmakine.com.tr\/wp-content\/uploads\/2024\/01\/acili-tav-1280x617.webp 1280w, https:\/\/erkanmakine.com.tr\/wp-content\/uploads\/2024\/01\/acili-tav-980x473.webp 980w, https:\/\/erkanmakine.com.tr\/wp-content\/uploads\/2024\/01\/acili-tav-480x231.webp 480w\" sizes=\"(min-width: 0px) and (max-width: 480px) 480px, (min-width: 481px) and (max-width: 980px) 980px, (min-width: 981px) and (max-width: 1280px) 1280px, (min-width: 1281px) 1800px, 100vw\" \/><\/a>\n\t\t\t<\/dt><\/dl><br style=\"clear: both\" \/>\n\t\t<\/div>\n\n<table class=\"tableizer-table\">\n<thead>\n<tr class=\"tableizer-firstrow\">\n<th>Mod\u00e8le<\/th>\n<th>A (mm)<\/th>\n<th>B (mm)<\/th>\n<th>C (mm)<\/th>\n<th>D (mm)<\/th>\n<th>E (mm)<\/th>\n<th>Diam\u00e8tre<\/th>\n<th>Capacit\u00e9<\/th>\n<th>Puissance (kw)<\/th>\n<th>Puissance (kw)<\/th>\n<th>\u00d8D (mm)<\/th>\n<th>A x B (mm)<\/th>\n<th>Poid (kg)<\/th>\n<th>Volume (m\u00b3)<\/th>\n<\/tr>\n<\/thead>\n<tbody>\n<tr>\n<td>EM-ATM-5<\/td>\n<td>3000<\/td>\n<td>2300<\/td>\n<td>1200<\/td>\n<td>750<\/td>\n<td>1950<\/td>\n<td>250<\/td>\n<td>5<\/td>\n<td>5,5<\/td>\n<td>4<\/td>\n<td>114<\/td>\n<td>280&#215;280<\/td>\n<td>275<\/td>\n<td>1,2<\/td>\n<\/tr>\n<tr>\n<td>EM-ATM-10<\/td>\n<td>3000<\/td>\n<td>2300<\/td>\n<td>1240<\/td>\n<td>800<\/td>\n<td>2000<\/td>\n<td>300<\/td>\n<td>10<\/td>\n<td>7,5<\/td>\n<td>5,5<\/td>\n<td>120<\/td>\n<td>330&#215;330<\/td>\n<td>310<\/td>\n<td>1,2<\/td>\n<\/tr>\n<tr>\n<td>EM-ATM-15<\/td>\n<td>3000<\/td>\n<td>2250<\/td>\n<td>1195<\/td>\n<td>840<\/td>\n<td>2100<\/td>\n<td>350<\/td>\n<td>15<\/td>\n<td>11<\/td>\n<td>7,5<\/td>\n<td>150<\/td>\n<td>380&#215;380<\/td>\n<td>375<\/td>\n<td>1,5<\/td>\n<\/tr>\n<tr>\n<td>EM-ATM-20<\/td>\n<td>3000<\/td>\n<td>2190<\/td>\n<td>1195<\/td>\n<td>1180<\/td>\n<td>2175<\/td>\n<td>400<\/td>\n<td>20<\/td>\n<td>15<\/td>\n<td>11<\/td>\n<td>200<\/td>\n<td>430&#215;430<\/td>\n<td>400<\/td>\n<td>1,6<\/td>\n<\/tr>\n<tr>\n<td>EM-ATM-25<\/td>\n<td>3000<\/td>\n<td>2140<\/td>\n<td>1260<\/td>\n<td>1230<\/td>\n<td>2175<\/td>\n<td>450<\/td>\n<td>25<\/td>\n<td>22<\/td>\n<td>15<\/td>\n<td>220<\/td>\n<td>480&#215;480<\/td>\n<td>430<\/td>\n<td>1,9<\/td>\n<\/tr>\n<tr>\n<td>EM-ATM-30<\/td>\n<td>3000<\/td>\n<td>2100<\/td>\n<td>1315<\/td>\n<td>1330<\/td>\n<td>2340<\/td>\n<td>500<\/td>\n<td>30<\/td>\n<td>30<\/td>\n<td>18,5<\/td>\n<td>250<\/td>\n<td>530&#215;530<\/td>\n<td>460<\/td>\n<td>2,4<\/td>\n<\/tr>\n<\/tbody>\n<\/table>","protected":false},"excerpt":{"rendered":"<p>C'est un produit qui se distingue par sa capacit\u00e9 de torr\u00e9faction \u00e9lev\u00e9e, sa faible consommation d'\u00e9nergie et son design robuste et durable. Sa structure n\u00e9cessitant peu d'entretien offre une grande praticit\u00e9 \u00e0 l'utilisateur. Il offre la possibilit\u00e9 d'un montage rapide et facile, et constitue une solution \u00e9conomique avec des frais d'entretien r\u00e9duits. Avec des fonctionnalit\u00e9s telles que le contr\u00f4le automatique du d\u00e9bit d'air et le taux d'humidit\u00e9 r\u00e9glable, il offre une grande flexibilit\u00e9 \u00e0 l'utilisateur. En m\u00e9langeant continuellement \u00e0 l'int\u00e9rieur de son corps en acier inoxydable hygi\u00e9nique, il am\u00e9liore la qualit\u00e9 du produit.<\/p>","protected":false},"featured_media":239219,"comment_status":"open","ping_status":"closed","template":"","meta":{"_et_pb_use_builder":"","_et_pb_old_content":"","_et_gb_content_width":""},"product_cat":[18],"product_tag":[],"class_list":{"0":"post-37","1":"product","2":"type-product","3":"status-publish","4":"has-post-thumbnail","6":"product_cat-temizleme-unitesi","8":"first","9":"instock","10":"shipping-taxable","11":"product-type-simple"},"_links":{"self":[{"href":"https:\/\/erkanmakine.com.tr\/fr\/wp-json\/wp\/v2\/product\/37","targetHints":{"allow":["GET"]}}],"collection":[{"href":"https:\/\/erkanmakine.com.tr\/fr\/wp-json\/wp\/v2\/product"}],"about":[{"href":"https:\/\/erkanmakine.com.tr\/fr\/wp-json\/wp\/v2\/types\/product"}],"replies":[{"embeddable":true,"href":"https:\/\/erkanmakine.com.tr\/fr\/wp-json\/wp\/v2\/comments?post=37"}],"wp:featuredmedia":[{"embeddable":true,"href":"https:\/\/erkanmakine.com.tr\/fr\/wp-json\/wp\/v2\/media\/239219"}],"wp:attachment":[{"href":"https:\/\/erkanmakine.com.tr\/fr\/wp-json\/wp\/v2\/media?parent=37"}],"wp:term":[{"taxonomy":"product_cat","embeddable":true,"href":"https:\/\/erkanmakine.com.tr\/fr\/wp-json\/wp\/v2\/product_cat?post=37"},{"taxonomy":"product_tag","embeddable":true,"href":"https:\/\/erkanmakine.com.tr\/fr\/wp-json\/wp\/v2\/product_tag?post=37"}],"curies":[{"name":"wp","href":"https:\/\/api.w.org\/{rel}","templated":true}]}}