{"id":41,"date":"2024-01-18T09:42:48","date_gmt":"2024-01-18T09:42:48","guid":{"rendered":"https:\/\/erkanmakine.com.tr\/?post_type=product&#038;p=41"},"modified":"2024-02-27T08:28:07","modified_gmt":"2024-02-27T08:28:07","slug":"tek-katli-triyor","status":"publish","type":"product","link":"https:\/\/erkanmakine.com.tr\/fr\/product\/tek-katli-triyor\/","title":{"rendered":"Trieur monoplan"},"content":{"rendered":"<script>fsg_json['fsg_post_41'] = [\n{id: 239273, image: 'https:\/\/erkanmakine.com.tr\/wp-content\/uploads\/2024\/01\/TRIYOR.webp', extlink: '', thumb: 'https:\/\/erkanmakine.com.tr\/wp-content\/uploads\/2024\/01\/TRIYOR-150x150.webp', permalink: '<div class=\"galleria-layeritem\"><a title=\"Permalink\" href=\"https:\/\/erkanmakine.com.tr\/fr\/product\/tek-katli-triyor\/#239273\"><div class=\"galleria-link-bookmark\"><\/div><\/a><\/div>', layer: '<div class=\"galleria-infolayer\"><div class=\"galleria-layeritem\" style=\"padding-right: 20px;\"><\/div><div class=\"galleria-layeritem\"><a title=\"Permalink\" href=\"https:\/\/erkanmakine.com.tr\/fr\/product\/tek-katli-triyor\/#239273\"><div class=\"galleria-link-bookmark\"><\/div><\/a><\/div><div class=\"galleria-layeritem\" style=\"padding-right: 20px;\"><\/div>'}\n];<\/script>\n\n\t\t<style type=\"text\/css\">\n\t\t\t#gallery-1 {\n\t\t\t\tmargin: auto;\n\t\t\t}\n\t\t\t#gallery-1 .gallery-item {\n\t\t\t\tfloat: left;\n\t\t\t\tmargin-top: 10px;\n\t\t\t\ttext-align: center;\n\t\t\t\twidth: 100%;\n\t\t\t}\n\t\t\t#gallery-1 img {\n\t\t\t\tborder: 2px solid #cfcfcf;\n\t\t\t}\n\t\t\t#gallery-1 .gallery-caption {\n\t\t\t\tmargin-left: 0;\n\t\t\t}\n\t\t\t\/* see gallery_shortcode() in wp-includes\/media.php *\/\n\t\t<\/style>\n\t\t<div id='gallery-1' class='gallery galleryid-41 gallery-columns-1 gallery-size-full'><dl class='gallery-item'>\n\t\t\t<dt class='gallery-icon landscape'>\n\t\t\t\t<a data-postid=\"fsg_post_41\" data-imgid=\"239273\" href='https:\/\/erkanmakine.com.tr\/wp-content\/uploads\/2024\/01\/TRIYOR.webp'><img decoding=\"async\" width=\"1800\" height=\"868\" src=\"https:\/\/erkanmakine.com.tr\/wp-content\/uploads\/2024\/01\/TRIYOR.webp\" class=\"attachment-full size-full\" alt=\"\" srcset=\"https:\/\/erkanmakine.com.tr\/wp-content\/uploads\/2024\/01\/TRIYOR.webp 1800w, https:\/\/erkanmakine.com.tr\/wp-content\/uploads\/2024\/01\/TRIYOR-1280x617.webp 1280w, https:\/\/erkanmakine.com.tr\/wp-content\/uploads\/2024\/01\/TRIYOR-980x473.webp 980w, https:\/\/erkanmakine.com.tr\/wp-content\/uploads\/2024\/01\/TRIYOR-480x231.webp 480w\" sizes=\"(min-width: 0px) and (max-width: 480px) 480px, (min-width: 481px) and (max-width: 980px) 980px, (min-width: 981px) and (max-width: 1280px) 1280px, (min-width: 1281px) 1800px, 100vw\" \/><\/a>\n\t\t\t<\/dt><\/dl><br style=\"clear: both\" \/>\n\t\t<\/div>\n\n<table class=\"tableizer-table\">\n<thead>\n<tr class=\"tableizer-firstrow\">\n<th>Mod\u00e8le<\/th>\n<th><\/th>\n<th>A(mm)<\/th>\n<th>B(mm)<\/th>\n<th>C(mm)<\/th>\n<th>D(mm)<\/th>\n<th>E(mm)<\/th>\n<th>Capacit\u00e9 (t\/h) Grain Long<\/th>\n<th>Capacit\u00e9 (t\/h) Grain Cass\u00e9<\/th>\n<th>Beso\u0131ns D'a\u0131r (m\u00b3\/min)<\/th>\n<th>Puissance (kw)<\/th>\n<th>Volume (m\u00b3)<\/th>\n<th>Poid (kg)<\/th>\n<\/tr>\n<\/thead>\n<tbody>\n<tr>\n<td>EM-TR-63x2400x1<\/td>\n<td><\/td>\n<td>2600<\/td>\n<td>930<\/td>\n<td>610<\/td>\n<td>_<\/td>\n<td>650<\/td>\n<td>2<\/td>\n<td>4<\/td>\n<td>8<\/td>\n<td>1,5&#215;1<\/td>\n<td>4<\/td>\n<td>630<\/td>\n<\/tr>\n<tr>\n<td>EM-TR-63x2400x2<\/td>\n<td><\/td>\n<td>2600<\/td>\n<td>930<\/td>\n<td>610<\/td>\n<td>2080<\/td>\n<td>650<\/td>\n<td>4<\/td>\n<td>8<\/td>\n<td>12<\/td>\n<td>1,5&#215;2<\/td>\n<td>8<\/td>\n<td>1260<\/td>\n<\/tr>\n<tr>\n<td>EM-TR-63x3000x1<\/td>\n<td><\/td>\n<td>3600<\/td>\n<td>930<\/td>\n<td>610<\/td>\n<td>_<\/td>\n<td>650<\/td>\n<td>3<\/td>\n<td>5<\/td>\n<td>8<\/td>\n<td>1,5&#215;1<\/td>\n<td>4<\/td>\n<td>680<\/td>\n<\/tr>\n<tr>\n<td>EM-TR-63x3000x2<\/td>\n<td><\/td>\n<td>3600<\/td>\n<td>930<\/td>\n<td>610<\/td>\n<td>2080<\/td>\n<td>650<\/td>\n<td>6<\/td>\n<td>10<\/td>\n<td>12<\/td>\n<td>1,5&#215;2<\/td>\n<td>8<\/td>\n<td>1350<\/td>\n<\/tr>\n<tr>\n<td>EM-TR-73x2400x1<\/td>\n<td><\/td>\n<td>2600<\/td>\n<td>1030<\/td>\n<td>915<\/td>\n<td>_<\/td>\n<td>650<\/td>\n<td>2,3<\/td>\n<td>5<\/td>\n<td>10<\/td>\n<td>1,5&#215;1<\/td>\n<td>5<\/td>\n<td>680<\/td>\n<\/tr>\n<tr>\n<td>EM-TR-73x2400x2<\/td>\n<td><\/td>\n<td>2600<\/td>\n<td>1030<\/td>\n<td>915<\/td>\n<td>2180<\/td>\n<td>650<\/td>\n<td>4,6<\/td>\n<td>10<\/td>\n<td>14<\/td>\n<td>1,5&#215;2<\/td>\n<td>10<\/td>\n<td>1350<\/td>\n<\/tr>\n<tr>\n<td>EM-TR-73x3000x1<\/td>\n<td><\/td>\n<td>3600<\/td>\n<td>1030<\/td>\n<td>915<\/td>\n<td>_<\/td>\n<td>650<\/td>\n<td>2,7<\/td>\n<td>6<\/td>\n<td>10<\/td>\n<td>1,5&#215;1<\/td>\n<td>5<\/td>\n<td>740<\/td>\n<\/tr>\n<tr>\n<td>EM-TR-73x3000x2<\/td>\n<td><\/td>\n<td>3600<\/td>\n<td>1030<\/td>\n<td>915<\/td>\n<td>2180<\/td>\n<td>650<\/td>\n<td>5,4<\/td>\n<td>12<\/td>\n<td>14<\/td>\n<td>1,5&#215;2<\/td>\n<td>10<\/td>\n<td>1470<\/td>\n<\/tr>\n<tr>\n<td>EM-TR-90x2400x1<\/td>\n<td><\/td>\n<td>2466<\/td>\n<td>1240<\/td>\n<td>1150<\/td>\n<td>_<\/td>\n<td>700<\/td>\n<td>3<\/td>\n<td>6<\/td>\n<td>12<\/td>\n<td>2,2&#215;1<\/td>\n<td>6<\/td>\n<td>1130<\/td>\n<\/tr>\n<tr>\n<td>EM-TR-90x2400x2<\/td>\n<td><\/td>\n<td>2466<\/td>\n<td>1240<\/td>\n<td>1150<\/td>\n<td>2630<\/td>\n<td>700<\/td>\n<td>6<\/td>\n<td>12<\/td>\n<td>16<\/td>\n<td>2,2&#215;2<\/td>\n<td>12<\/td>\n<td>2250<\/td>\n<\/tr>\n<tr>\n<td>EM-TR-90x3000x1<\/td>\n<td><\/td>\n<td>3600<\/td>\n<td>1240<\/td>\n<td>1150<\/td>\n<td>_<\/td>\n<td>700<\/td>\n<td>4<\/td>\n<td>9<\/td>\n<td>12<\/td>\n<td>2,2&#215;1<\/td>\n<td>6<\/td>\n<td>1190<\/td>\n<\/tr>\n<tr>\n<td>EM-TR-90x3000x2<\/td>\n<td><\/td>\n<td>3600<\/td>\n<td>1240<\/td>\n<td>1150<\/td>\n<td>2630<\/td>\n<td>700<\/td>\n<td>8<\/td>\n<td>18<\/td>\n<td>16<\/td>\n<td>2,2&#215;2<\/td>\n<td>12<\/td>\n<td>2380<\/td>\n<\/tr>\n<\/tbody>\n<\/table>","protected":false},"excerpt":{"rendered":"<p>Dans les usines de mouture de c\u00e9r\u00e9ales, c'est un syst\u00e8me utilis\u00e9 pour s\u00e9parer les particules ind\u00e9sirables de forme ronde et allong\u00e9e des c\u00e9r\u00e9ales. Ce syst\u00e8me comprend des cylindres avec diff\u00e9rentes diam\u00e8tres et profondeurs, press\u00e9s sur une t\u00f4le, avec des poches d\u00e9termin\u00e9es en fonction du type de c\u00e9r\u00e9ale \u00e0 nettoyer. Ces cylindres sont entra\u00een\u00e9s \u00e0 tourner par un moteur \u00e9quip\u00e9 d'un r\u00e9ducteur. Les graines et les mati\u00e8res ind\u00e9sirables sont extraites de la sortie gr\u00e2ce aux collecteurs \u00e0 l'int\u00e9rieur du cylindre. Les grains s\u00e9par\u00e9s passent \u00e9galement par un trieur de contr\u00f4le pour r\u00e9cup\u00e9rer les grains qui pourraient s'\u00eatre m\u00e9lang\u00e9s \u00e0 des mati\u00e8res ind\u00e9sirables. Cela permet de s\u00e9parer les mati\u00e8res ind\u00e9sirables des produits c\u00e9r\u00e9aliers et d'obtenir un produit propre.<\/p>","protected":false},"featured_media":239276,"comment_status":"open","ping_status":"closed","template":"","meta":{"_et_pb_use_builder":"","_et_pb_old_content":"","_et_gb_content_width":""},"product_cat":[18],"product_tag":[],"class_list":{"0":"post-41","1":"product","2":"type-product","3":"status-publish","4":"has-post-thumbnail","6":"product_cat-temizleme-unitesi","8":"first","9":"instock","10":"shipping-taxable","11":"product-type-simple"},"_links":{"self":[{"href":"https:\/\/erkanmakine.com.tr\/fr\/wp-json\/wp\/v2\/product\/41","targetHints":{"allow":["GET"]}}],"collection":[{"href":"https:\/\/erkanmakine.com.tr\/fr\/wp-json\/wp\/v2\/product"}],"about":[{"href":"https:\/\/erkanmakine.com.tr\/fr\/wp-json\/wp\/v2\/types\/product"}],"replies":[{"embeddable":true,"href":"https:\/\/erkanmakine.com.tr\/fr\/wp-json\/wp\/v2\/comments?post=41"}],"wp:featuredmedia":[{"embeddable":true,"href":"https:\/\/erkanmakine.com.tr\/fr\/wp-json\/wp\/v2\/media\/239276"}],"wp:attachment":[{"href":"https:\/\/erkanmakine.com.tr\/fr\/wp-json\/wp\/v2\/media?parent=41"}],"wp:term":[{"taxonomy":"product_cat","embeddable":true,"href":"https:\/\/erkanmakine.com.tr\/fr\/wp-json\/wp\/v2\/product_cat?post=41"},{"taxonomy":"product_tag","embeddable":true,"href":"https:\/\/erkanmakine.com.tr\/fr\/wp-json\/wp\/v2\/product_tag?post=41"}],"curies":[{"name":"wp","href":"https:\/\/api.w.org\/{rel}","templated":true}]}}