{"id":44,"date":"2024-01-18T09:44:58","date_gmt":"2024-01-18T09:44:58","guid":{"rendered":"https:\/\/erkanmakine.com.tr\/?post_type=product&#038;p=44"},"modified":"2024-02-27T08:25:04","modified_gmt":"2024-02-27T08:25:04","slug":"radyal-tarar","status":"publish","type":"product","link":"https:\/\/erkanmakine.com.tr\/fr\/product\/radyal-tarar\/","title":{"rendered":"Trieur Radial"},"content":{"rendered":"<script>fsg_json['fsg_post_44'] = [\n{id: 239263, image: 'https:\/\/erkanmakine.com.tr\/wp-content\/uploads\/2024\/01\/RADYAL-TARAR.webp', extlink: '', thumb: 'https:\/\/erkanmakine.com.tr\/wp-content\/uploads\/2024\/01\/RADYAL-TARAR-150x150.webp', permalink: '<div class=\"galleria-layeritem\"><a title=\"Permalink\" href=\"https:\/\/erkanmakine.com.tr\/fr\/product\/radyal-tarar\/#239263\"><div class=\"galleria-link-bookmark\"><\/div><\/a><\/div>', layer: '<div class=\"galleria-infolayer\"><div class=\"galleria-layeritem\" style=\"padding-right: 20px;\"><\/div><div class=\"galleria-layeritem\"><a title=\"Permalink\" href=\"https:\/\/erkanmakine.com.tr\/fr\/product\/radyal-tarar\/#239263\"><div class=\"galleria-link-bookmark\"><\/div><\/a><\/div><div class=\"galleria-layeritem\" style=\"padding-right: 20px;\"><\/div>'}\n];<\/script>\n\n\t\t<style type=\"text\/css\">\n\t\t\t#gallery-1 {\n\t\t\t\tmargin: auto;\n\t\t\t}\n\t\t\t#gallery-1 .gallery-item {\n\t\t\t\tfloat: left;\n\t\t\t\tmargin-top: 10px;\n\t\t\t\ttext-align: center;\n\t\t\t\twidth: 100%;\n\t\t\t}\n\t\t\t#gallery-1 img {\n\t\t\t\tborder: 2px solid #cfcfcf;\n\t\t\t}\n\t\t\t#gallery-1 .gallery-caption {\n\t\t\t\tmargin-left: 0;\n\t\t\t}\n\t\t\t\/* see gallery_shortcode() in wp-includes\/media.php *\/\n\t\t<\/style>\n\t\t<div id='gallery-1' class='gallery galleryid-44 gallery-columns-1 gallery-size-full'><dl class='gallery-item'>\n\t\t\t<dt class='gallery-icon landscape'>\n\t\t\t\t<a data-postid=\"fsg_post_44\" data-imgid=\"239263\" href='https:\/\/erkanmakine.com.tr\/wp-content\/uploads\/2024\/01\/RADYAL-TARAR.webp'><img decoding=\"async\" width=\"1800\" height=\"868\" src=\"https:\/\/erkanmakine.com.tr\/wp-content\/uploads\/2024\/01\/RADYAL-TARAR.webp\" class=\"attachment-full size-full\" alt=\"\" srcset=\"https:\/\/erkanmakine.com.tr\/wp-content\/uploads\/2024\/01\/RADYAL-TARAR.webp 1800w, https:\/\/erkanmakine.com.tr\/wp-content\/uploads\/2024\/01\/RADYAL-TARAR-1280x617.webp 1280w, https:\/\/erkanmakine.com.tr\/wp-content\/uploads\/2024\/01\/RADYAL-TARAR-980x473.webp 980w, https:\/\/erkanmakine.com.tr\/wp-content\/uploads\/2024\/01\/RADYAL-TARAR-480x231.webp 480w\" sizes=\"(min-width: 0px) and (max-width: 480px) 480px, (min-width: 481px) and (max-width: 980px) 980px, (min-width: 981px) and (max-width: 1280px) 1280px, (min-width: 1281px) 1800px, 100vw\" \/><\/a>\n\t\t\t<\/dt><\/dl><br style=\"clear: both\" \/>\n\t\t<\/div>\n\n<table class=\"tableizer-table\">\n<thead>\n<tr class=\"tableizer-firstrow\">\n<th>Mod\u00e8le<\/th>\n<th>A(mm)<\/th>\n<th>\u00d8B(mm)<\/th>\n<th>C(mm)<\/th>\n<th>D(mm)<\/th>\n<th>E(mm)<\/th>\n<th>F(mm)<\/th>\n<th>F1(mm)<\/th>\n<th>Capacit\u00e9 (t\/h) -  Silo<\/th>\n<th>Capacit\u00e9 (t\/h) Nettoyage<\/th>\n<th>Poid (kg)<\/th>\n<th>Beso\u0131ns D'a\u0131r (m\u00b3\/min)<\/th>\n<\/tr>\n<\/thead>\n<tbody>\n<tr>\n<td>EM-RT-80<\/td>\n<td>720<\/td>\n<td>140<\/td>\n<td>800<\/td>\n<td>1135<\/td>\n<td>1755<\/td>\n<td>1340<\/td>\n<td>1515<\/td>\n<td>25<\/td>\n<td>10<\/td>\n<td>550<\/td>\n<td>10<\/td>\n<\/tr>\n<tr>\n<td>EM-RT-100<\/td>\n<td>720<\/td>\n<td>140<\/td>\n<td>1000<\/td>\n<td>1135<\/td>\n<td>1755<\/td>\n<td>1540<\/td>\n<td>1715<\/td>\n<td>40<\/td>\n<td>16<\/td>\n<td>620<\/td>\n<td>12<\/td>\n<\/tr>\n<tr>\n<td>EM-RT-150<\/td>\n<td>720<\/td>\n<td>140<\/td>\n<td>1500<\/td>\n<td>1135<\/td>\n<td>1755<\/td>\n<td>2240<\/td>\n<td>2590<\/td>\n<td>75<\/td>\n<td>25<\/td>\n<td>850<\/td>\n<td>15<\/td>\n<\/tr>\n<\/tbody>\n<\/table>","protected":false},"excerpt":{"rendered":"<p>Le bl\u00e9, l'orge, le ma\u00efs et d'autres c\u00e9r\u00e9ales \u00e0 forte densit\u00e9 sont utilis\u00e9s pour s\u00e9parer les substances \u00e0 faible densit\u00e9. Ils sont charg\u00e9s dans le vibro-distributeur depuis l'entr\u00e9e des c\u00e9r\u00e9ales et r\u00e9partis uniform\u00e9ment sur la largeur du canal d'air. \u00c0 cette \u00e9tape, les produits sont s\u00e9par\u00e9s des mat\u00e9riaux \u00e0 faible densit\u00e9 dans le canal d'aspiration horizontal. Les produits propres \u00e0 haute densit\u00e9 sont \u00e9vacu\u00e9s de la machine par des vannes \u00e0 doigts. L'air retourne dans le canal d'aspiration gr\u00e2ce \u00e0 un ventilateur radial. Le flux d'air doit \u00eatre \u00e0 100 %, mais la sortie doit \u00eatre ouverte (c'est-\u00e0-dire que la machine doit \u00eatre mont\u00e9e en t\u00eate ou connect\u00e9e \u00e0 un syst\u00e8me de d\u00e9chargement centralis\u00e9).<\/p>","protected":false},"featured_media":239264,"comment_status":"open","ping_status":"closed","template":"","meta":{"_et_pb_use_builder":"","_et_pb_old_content":"","_et_gb_content_width":""},"product_cat":[18],"product_tag":[],"class_list":{"0":"post-44","1":"product","2":"type-product","3":"status-publish","4":"has-post-thumbnail","6":"product_cat-temizleme-unitesi","8":"first","9":"instock","10":"shipping-taxable","11":"product-type-simple"},"_links":{"self":[{"href":"https:\/\/erkanmakine.com.tr\/fr\/wp-json\/wp\/v2\/product\/44","targetHints":{"allow":["GET"]}}],"collection":[{"href":"https:\/\/erkanmakine.com.tr\/fr\/wp-json\/wp\/v2\/product"}],"about":[{"href":"https:\/\/erkanmakine.com.tr\/fr\/wp-json\/wp\/v2\/types\/product"}],"replies":[{"embeddable":true,"href":"https:\/\/erkanmakine.com.tr\/fr\/wp-json\/wp\/v2\/comments?post=44"}],"wp:featuredmedia":[{"embeddable":true,"href":"https:\/\/erkanmakine.com.tr\/fr\/wp-json\/wp\/v2\/media\/239264"}],"wp:attachment":[{"href":"https:\/\/erkanmakine.com.tr\/fr\/wp-json\/wp\/v2\/media?parent=44"}],"wp:term":[{"taxonomy":"product_cat","embeddable":true,"href":"https:\/\/erkanmakine.com.tr\/fr\/wp-json\/wp\/v2\/product_cat?post=44"},{"taxonomy":"product_tag","embeddable":true,"href":"https:\/\/erkanmakine.com.tr\/fr\/wp-json\/wp\/v2\/product_tag?post=44"}],"curies":[{"name":"wp","href":"https:\/\/api.w.org\/{rel}","templated":true}]}}