{"id":45,"date":"2024-01-18T09:45:34","date_gmt":"2024-01-18T09:45:34","guid":{"rendered":"https:\/\/erkanmakine.com.tr\/?post_type=product&#038;p=45"},"modified":"2024-02-27T11:39:09","modified_gmt":"2024-02-27T11:39:09","slug":"tas-ayrici","status":"publish","type":"product","link":"https:\/\/erkanmakine.com.tr\/fr\/product\/tas-ayrici\/","title":{"rendered":"Stone Separator"},"content":{"rendered":"<script>fsg_json['fsg_post_45'] = [\n{id: 239267, image: 'https:\/\/erkanmakine.com.tr\/wp-content\/uploads\/2024\/01\/TAS-AYIRICI.webp', extlink: '', thumb: 'https:\/\/erkanmakine.com.tr\/wp-content\/uploads\/2024\/01\/TAS-AYIRICI-150x150.webp', permalink: '<div class=\"galleria-layeritem\"><a title=\"Permalink\" href=\"https:\/\/erkanmakine.com.tr\/fr\/product\/tas-ayrici\/#239267\"><div class=\"galleria-link-bookmark\"><\/div><\/a><\/div>', layer: '<div class=\"galleria-infolayer\"><div class=\"galleria-layeritem\" style=\"padding-right: 20px;\"><\/div><div class=\"galleria-layeritem\"><a title=\"Permalink\" href=\"https:\/\/erkanmakine.com.tr\/fr\/product\/tas-ayrici\/#239267\"><div class=\"galleria-link-bookmark\"><\/div><\/a><\/div><div class=\"galleria-layeritem\" style=\"padding-right: 20px;\"><\/div>'}\n];<\/script>\n\n\t\t<style type=\"text\/css\">\n\t\t\t#gallery-1 {\n\t\t\t\tmargin: auto;\n\t\t\t}\n\t\t\t#gallery-1 .gallery-item {\n\t\t\t\tfloat: left;\n\t\t\t\tmargin-top: 10px;\n\t\t\t\ttext-align: center;\n\t\t\t\twidth: 100%;\n\t\t\t}\n\t\t\t#gallery-1 img {\n\t\t\t\tborder: 2px solid #cfcfcf;\n\t\t\t}\n\t\t\t#gallery-1 .gallery-caption {\n\t\t\t\tmargin-left: 0;\n\t\t\t}\n\t\t\t\/* see gallery_shortcode() in wp-includes\/media.php *\/\n\t\t<\/style>\n\t\t<div id='gallery-1' class='gallery galleryid-45 gallery-columns-1 gallery-size-full'><dl class='gallery-item'>\n\t\t\t<dt class='gallery-icon landscape'>\n\t\t\t\t<a data-postid=\"fsg_post_45\" data-imgid=\"239267\" href='https:\/\/erkanmakine.com.tr\/wp-content\/uploads\/2024\/01\/TAS-AYIRICI.webp'><img decoding=\"async\" width=\"1800\" height=\"868\" src=\"https:\/\/erkanmakine.com.tr\/wp-content\/uploads\/2024\/01\/TAS-AYIRICI.webp\" class=\"attachment-full size-full\" alt=\"\" srcset=\"https:\/\/erkanmakine.com.tr\/wp-content\/uploads\/2024\/01\/TAS-AYIRICI.webp 1800w, https:\/\/erkanmakine.com.tr\/wp-content\/uploads\/2024\/01\/TAS-AYIRICI-1280x617.webp 1280w, https:\/\/erkanmakine.com.tr\/wp-content\/uploads\/2024\/01\/TAS-AYIRICI-980x473.webp 980w, https:\/\/erkanmakine.com.tr\/wp-content\/uploads\/2024\/01\/TAS-AYIRICI-480x231.webp 480w\" sizes=\"(min-width: 0px) and (max-width: 480px) 480px, (min-width: 481px) and (max-width: 980px) 980px, (min-width: 981px) and (max-width: 1280px) 1280px, (min-width: 1281px) 1800px, 100vw\" \/><\/a>\n\t\t\t<\/dt><\/dl><br style=\"clear: both\" \/>\n\t\t<\/div>\n\n<table class=\"tableizer-table\">\n<thead>\n<tr class=\"tableizer-firstrow\">\n<th>Mod\u00e8le<\/th>\n<th>A(mm)<\/th>\n<th>B(mm)<\/th>\n<th>\u00d8C(mm)<\/th>\n<th>\u00d8D(mm)<\/th>\n<th>\u00d8E(mm)<\/th>\n<th>F(mm)<\/th>\n<th>H(mm)<\/th>\n<th>Largeur<\/th>\n<th>Longueur<\/th>\n<th>Capacit\u00e9 (t\/h)<\/th>\n<th>Beso\u0131ns D'a\u0131r (m\u00b3\/min)<\/th>\n<th>Puissance (kw)<\/th>\n<th>Poid (kg)<\/th>\n<\/tr>\n<\/thead>\n<tbody>\n<tr>\n<td>EM-TA-10<\/td>\n<td>700<\/td>\n<td>1525<\/td>\n<td>350<\/td>\n<td>120<\/td>\n<td>120<\/td>\n<td>120<\/td>\n<td>1860<\/td>\n<td>600<\/td>\n<td>1200<\/td>\n<td>6-10<\/td>\n<td>90<\/td>\n<td>2X0,185<\/td>\n<td>400<\/td>\n<\/tr>\n<tr>\n<td>EM-TA-20<\/td>\n<td>1300<\/td>\n<td>1525<\/td>\n<td>500<\/td>\n<td>150<\/td>\n<td>120<\/td>\n<td>120<\/td>\n<td>1860<\/td>\n<td>1200<\/td>\n<td>1200<\/td>\n<td>10-13<\/td>\n<td>120<\/td>\n<td>2X0,185<\/td>\n<td>600<\/td>\n<\/tr>\n<tr>\n<td>EM-TA-30<\/td>\n<td>1870<\/td>\n<td>1650<\/td>\n<td>550<\/td>\n<td>200<\/td>\n<td>150<\/td>\n<td>150<\/td>\n<td>2015<\/td>\n<td>1800<\/td>\n<td>1200<\/td>\n<td>16-20<\/td>\n<td>150<\/td>\n<td>2X0,185<\/td>\n<td>600<\/td>\n<\/tr>\n<\/tbody>\n<\/table>","protected":false},"excerpt":{"rendered":"<p>Ce dispositif, utilis\u00e9 dans les unit\u00e9s de nettoyage des c\u00e9r\u00e9ales et des l\u00e9gumineuses, est con\u00e7u pour s\u00e9parer les pierres et les autres corps \u00e9trangers plus lourds que le produit. Gr\u00e2ce \u00e0 son m\u00e9canisme de r\u00e9glage de la table, il est possible d'assurer le nettoyage des c\u00e9r\u00e9ales \u00e0 un niveau souhait\u00e9. Le mat\u00e9riau \u00e0 nettoyer est vers\u00e9 r\u00e9guli\u00e8rement sur un tamis. \u00c0 l'aide de l'air aspir\u00e9 depuis le haut, le produit est flott\u00e9 sur le tamis et les mat\u00e9riaux \u00e9trangers lourds en contact avec le tamis sont pouss\u00e9s vers le haut par le mouvement de vibration et expuls\u00e9s vers l'ext\u00e9rieur.<\/p>","protected":false},"featured_media":239270,"comment_status":"open","ping_status":"closed","template":"","meta":{"_et_pb_use_builder":"","_et_pb_old_content":"","_et_gb_content_width":""},"product_cat":[18],"product_tag":[],"class_list":{"0":"post-45","1":"product","2":"type-product","3":"status-publish","4":"has-post-thumbnail","6":"product_cat-temizleme-unitesi","8":"first","9":"instock","10":"shipping-taxable","11":"product-type-simple"},"_links":{"self":[{"href":"https:\/\/erkanmakine.com.tr\/fr\/wp-json\/wp\/v2\/product\/45","targetHints":{"allow":["GET"]}}],"collection":[{"href":"https:\/\/erkanmakine.com.tr\/fr\/wp-json\/wp\/v2\/product"}],"about":[{"href":"https:\/\/erkanmakine.com.tr\/fr\/wp-json\/wp\/v2\/types\/product"}],"replies":[{"embeddable":true,"href":"https:\/\/erkanmakine.com.tr\/fr\/wp-json\/wp\/v2\/comments?post=45"}],"wp:featuredmedia":[{"embeddable":true,"href":"https:\/\/erkanmakine.com.tr\/fr\/wp-json\/wp\/v2\/media\/239270"}],"wp:attachment":[{"href":"https:\/\/erkanmakine.com.tr\/fr\/wp-json\/wp\/v2\/media?parent=45"}],"wp:term":[{"taxonomy":"product_cat","embeddable":true,"href":"https:\/\/erkanmakine.com.tr\/fr\/wp-json\/wp\/v2\/product_cat?post=45"},{"taxonomy":"product_tag","embeddable":true,"href":"https:\/\/erkanmakine.com.tr\/fr\/wp-json\/wp\/v2\/product_tag?post=45"}],"curies":[{"name":"wp","href":"https:\/\/api.w.org\/{rel}","templated":true}]}}