{"id":47,"date":"2024-01-18T09:46:41","date_gmt":"2024-01-18T09:46:41","guid":{"rendered":"https:\/\/erkanmakine.com.tr\/?post_type=product&#038;p=47"},"modified":"2024-02-27T08:10:21","modified_gmt":"2024-02-27T08:10:21","slug":"asprator","status":"publish","type":"product","link":"https:\/\/erkanmakine.com.tr\/fr\/product\/asprator\/","title":{"rendered":"Aspergateur"},"content":{"rendered":"<script>fsg_json['fsg_post_47'] = [\n{id: 239192, image: 'https:\/\/erkanmakine.com.tr\/wp-content\/uploads\/2024\/01\/ASPRATOR-PNOMATIK-FAN.webp', extlink: '', thumb: 'https:\/\/erkanmakine.com.tr\/wp-content\/uploads\/2024\/01\/ASPRATOR-PNOMATIK-FAN-150x150.webp', permalink: '<div class=\"galleria-layeritem\"><a title=\"Permalink\" href=\"https:\/\/erkanmakine.com.tr\/fr\/?attachment_id=239192#0\"><div class=\"galleria-link-bookmark\"><\/div><\/a><\/div>', layer: '<div class=\"galleria-infolayer\"><div class=\"galleria-layeritem\" style=\"padding-right: 20px;\"><\/div><div class=\"galleria-layeritem\"><a title=\"Permalink\" href=\"https:\/\/erkanmakine.com.tr\/fr\/?attachment_id=239192#0\"><div class=\"galleria-link-bookmark\"><\/div><\/a><\/div><div class=\"galleria-layeritem\" style=\"padding-right: 20px;\"><\/div>'}\n];<\/script>\n\n\t\t<style type=\"text\/css\">\n\t\t\t#gallery-1 {\n\t\t\t\tmargin: auto;\n\t\t\t}\n\t\t\t#gallery-1 .gallery-item {\n\t\t\t\tfloat: left;\n\t\t\t\tmargin-top: 10px;\n\t\t\t\ttext-align: center;\n\t\t\t\twidth: 100%;\n\t\t\t}\n\t\t\t#gallery-1 img {\n\t\t\t\tborder: 2px solid #cfcfcf;\n\t\t\t}\n\t\t\t#gallery-1 .gallery-caption {\n\t\t\t\tmargin-left: 0;\n\t\t\t}\n\t\t\t\/* see gallery_shortcode() in wp-includes\/media.php *\/\n\t\t<\/style>\n\t\t<div id='gallery-1' class='gallery galleryid-47 gallery-columns-1 gallery-size-full'><dl class='gallery-item'>\n\t\t\t<dt class='gallery-icon landscape'>\n\t\t\t\t<a data-postid=\"fsg_post_47\" data-imgid=\"239192\" href='https:\/\/erkanmakine.com.tr\/wp-content\/uploads\/2024\/01\/ASPRATOR-PNOMATIK-FAN.webp'><img decoding=\"async\" width=\"1800\" height=\"868\" src=\"https:\/\/erkanmakine.com.tr\/wp-content\/uploads\/2024\/01\/ASPRATOR-PNOMATIK-FAN.webp\" class=\"attachment-full size-full\" alt=\"\" srcset=\"https:\/\/erkanmakine.com.tr\/wp-content\/uploads\/2024\/01\/ASPRATOR-PNOMATIK-FAN.webp 1800w, https:\/\/erkanmakine.com.tr\/wp-content\/uploads\/2024\/01\/ASPRATOR-PNOMATIK-FAN-1280x617.webp 1280w, https:\/\/erkanmakine.com.tr\/wp-content\/uploads\/2024\/01\/ASPRATOR-PNOMATIK-FAN-980x473.webp 980w, https:\/\/erkanmakine.com.tr\/wp-content\/uploads\/2024\/01\/ASPRATOR-PNOMATIK-FAN-480x231.webp 480w\" sizes=\"(min-width: 0px) and (max-width: 480px) 480px, (min-width: 481px) and (max-width: 980px) 980px, (min-width: 981px) and (max-width: 1280px) 1280px, (min-width: 1281px) 1800px, 100vw\" \/><\/a>\n\t\t\t<\/dt><\/dl><br style=\"clear: both\" \/>\n\t\t<\/div>\n\n<table class=\"tableizer-table\">\n<thead>\n<tr class=\"tableizer-firstrow\">\n<th>Mod\u00e8le<\/th>\n<th>Puissance (kw)<\/th>\n<th>Tour (Tr\/Min)<\/th>\n<th>Pression<\/th>\n<th>Flux (m\u00b3)<\/th>\n<\/tr>\n<\/thead>\n<tbody>\n<tr>\n<td>EM-AS-55<\/td>\n<td>5,5<\/td>\n<td>1500<\/td>\n<td>700<\/td>\n<td>2700<\/td>\n<\/tr>\n<tr>\n<td>EM-AS-75<\/td>\n<td>7,5<\/td>\n<td>1500<\/td>\n<td>700<\/td>\n<td>3000<\/td>\n<\/tr>\n<tr>\n<td>EM-AS-110<\/td>\n<td>11<\/td>\n<td>1500<\/td>\n<td>900<\/td>\n<td>3500<\/td>\n<\/tr>\n<tr>\n<td>EM-AS-150<\/td>\n<td>15<\/td>\n<td>1500<\/td>\n<td>900<\/td>\n<td>4000<\/td>\n<\/tr>\n<tr>\n<td>EM-AS-180<\/td>\n<td>18<\/td>\n<td>1500<\/td>\n<td>900<\/td>\n<td>4500<\/td>\n<\/tr>\n<tr>\n<td>EM-AS-220<\/td>\n<td>22<\/td>\n<td>1500<\/td>\n<td>900<\/td>\n<td>5000<\/td>\n<\/tr>\n<\/tbody>\n<\/table>","protected":false},"excerpt":{"rendered":"<p>Les aspirateurs \u00e0 basse pression sont utilis\u00e9s dans des industries telles que l'industrie alimentaire, les installations de chauffage et de ventilation, et l'industrie de la fonderie. Les aspirateurs sont choisis en fonction de leur d\u00e9bit et de leur pression, et ils sont utilis\u00e9s avec diff\u00e9rentes puissances de moteur. En particulier, dans le secteur alimentaire, ils aident \u00e0 nettoyer et \u00e0 traiter les c\u00e9r\u00e9ales ainsi qu'\u00e0 classer les produits avec de l'air.<\/p>","protected":false},"featured_media":239222,"comment_status":"open","ping_status":"closed","template":"","meta":{"_et_pb_use_builder":"","_et_pb_old_content":"","_et_gb_content_width":""},"product_cat":[18],"product_tag":[],"class_list":{"0":"post-47","1":"product","2":"type-product","3":"status-publish","4":"has-post-thumbnail","6":"product_cat-temizleme-unitesi","8":"first","9":"instock","10":"shipping-taxable","11":"product-type-simple"},"_links":{"self":[{"href":"https:\/\/erkanmakine.com.tr\/fr\/wp-json\/wp\/v2\/product\/47","targetHints":{"allow":["GET"]}}],"collection":[{"href":"https:\/\/erkanmakine.com.tr\/fr\/wp-json\/wp\/v2\/product"}],"about":[{"href":"https:\/\/erkanmakine.com.tr\/fr\/wp-json\/wp\/v2\/types\/product"}],"replies":[{"embeddable":true,"href":"https:\/\/erkanmakine.com.tr\/fr\/wp-json\/wp\/v2\/comments?post=47"}],"wp:featuredmedia":[{"embeddable":true,"href":"https:\/\/erkanmakine.com.tr\/fr\/wp-json\/wp\/v2\/media\/239222"}],"wp:attachment":[{"href":"https:\/\/erkanmakine.com.tr\/fr\/wp-json\/wp\/v2\/media?parent=47"}],"wp:term":[{"taxonomy":"product_cat","embeddable":true,"href":"https:\/\/erkanmakine.com.tr\/fr\/wp-json\/wp\/v2\/product_cat?post=47"},{"taxonomy":"product_tag","embeddable":true,"href":"https:\/\/erkanmakine.com.tr\/fr\/wp-json\/wp\/v2\/product_tag?post=47"}],"curies":[{"name":"wp","href":"https:\/\/api.w.org\/{rel}","templated":true}]}}