{"id":48,"date":"2024-01-18T09:47:43","date_gmt":"2024-01-18T09:47:43","guid":{"rendered":"https:\/\/erkanmakine.com.tr\/?post_type=product&#038;p=48"},"modified":"2024-02-27T11:37:23","modified_gmt":"2024-02-27T11:37:23","slug":"u-helezon","status":"publish","type":"product","link":"https:\/\/erkanmakine.com.tr\/fr\/product\/u-helezon\/","title":{"rendered":"Spiral"},"content":{"rendered":"<script>fsg_json['fsg_post_48'] = [\n{id: 239211, image: 'https:\/\/erkanmakine.com.tr\/wp-content\/uploads\/2024\/01\/HELEZON.webp', extlink: '', thumb: 'https:\/\/erkanmakine.com.tr\/wp-content\/uploads\/2024\/01\/HELEZON-150x150.webp', permalink: '<div class=\"galleria-layeritem\"><a title=\"Permalink\" href=\"https:\/\/erkanmakine.com.tr\/fr\/product\/u-helezon\/#239211\"><div class=\"galleria-link-bookmark\"><\/div><\/a><\/div>', layer: '<div class=\"galleria-infolayer\"><div class=\"galleria-layeritem\" style=\"padding-right: 20px;\"><\/div><div class=\"galleria-layeritem\"><a title=\"Permalink\" href=\"https:\/\/erkanmakine.com.tr\/fr\/product\/u-helezon\/#239211\"><div class=\"galleria-link-bookmark\"><\/div><\/a><\/div><div class=\"galleria-layeritem\" style=\"padding-right: 20px;\"><\/div>'}\n];<\/script>\n\n\t\t<style type=\"text\/css\">\n\t\t\t#gallery-1 {\n\t\t\t\tmargin: auto;\n\t\t\t}\n\t\t\t#gallery-1 .gallery-item {\n\t\t\t\tfloat: left;\n\t\t\t\tmargin-top: 10px;\n\t\t\t\ttext-align: center;\n\t\t\t\twidth: 100%;\n\t\t\t}\n\t\t\t#gallery-1 img {\n\t\t\t\tborder: 2px solid #cfcfcf;\n\t\t\t}\n\t\t\t#gallery-1 .gallery-caption {\n\t\t\t\tmargin-left: 0;\n\t\t\t}\n\t\t\t\/* see gallery_shortcode() in wp-includes\/media.php *\/\n\t\t<\/style>\n\t\t<div id='gallery-1' class='gallery galleryid-48 gallery-columns-1 gallery-size-full'><dl class='gallery-item'>\n\t\t\t<dt class='gallery-icon landscape'>\n\t\t\t\t<a data-postid=\"fsg_post_48\" data-imgid=\"239211\" href='https:\/\/erkanmakine.com.tr\/wp-content\/uploads\/2024\/01\/HELEZON.webp'><img decoding=\"async\" width=\"1800\" height=\"868\" src=\"https:\/\/erkanmakine.com.tr\/wp-content\/uploads\/2024\/01\/HELEZON.webp\" class=\"attachment-full size-full\" alt=\"\" srcset=\"https:\/\/erkanmakine.com.tr\/wp-content\/uploads\/2024\/01\/HELEZON.webp 1800w, https:\/\/erkanmakine.com.tr\/wp-content\/uploads\/2024\/01\/HELEZON-1280x617.webp 1280w, https:\/\/erkanmakine.com.tr\/wp-content\/uploads\/2024\/01\/HELEZON-980x473.webp 980w, https:\/\/erkanmakine.com.tr\/wp-content\/uploads\/2024\/01\/HELEZON-480x231.webp 480w\" sizes=\"(min-width: 0px) and (max-width: 480px) 480px, (min-width: 481px) and (max-width: 980px) 980px, (min-width: 981px) and (max-width: 1280px) 1280px, (min-width: 1281px) 1800px, 100vw\" \/><\/a>\n\t\t\t<\/dt><\/dl><br style=\"clear: both\" \/>\n\t\t<\/div>\n\n<table class=\"tableizer-table\">\n<thead>\n<tr class=\"tableizer-firstrow\">\n<th>Mod\u00e8le<\/th>\n<th>A (mm)<\/th>\n<th>B (mm)<\/th>\n<th>C (mm)<\/th>\n<th>D (mm)<\/th>\n<th>Capacit\u00e9 t\/h (Bl\u00e9)<\/th>\n<th>Capacit\u00e9 t\/h (Farine)<\/th>\n<th>Capacit\u00e9 t\/h (Fibre)<\/th>\n<\/tr>\n<\/thead>\n<tbody>\n<tr>\n<td>EM-UVH-165<\/td>\n<td>165<\/td>\n<td>165<\/td>\n<td>42<\/td>\n<td>190&#215;190<\/td>\n<td>6-8<\/td>\n<td>4-5<\/td>\n<td>2-4<\/td>\n<\/tr>\n<tr>\n<td>EM-UVH-180<\/td>\n<td>180<\/td>\n<td>180<\/td>\n<td>42<\/td>\n<td>205&#215;205<\/td>\n<td>8-10<\/td>\n<td>6-8<\/td>\n<td>3-5<\/td>\n<\/tr>\n<tr>\n<td>EM-UVH-200<\/td>\n<td>200<\/td>\n<td>200<\/td>\n<td>48<\/td>\n<td>225&#215;225<\/td>\n<td>11-13<\/td>\n<td>8-10<\/td>\n<td>4-6<\/td>\n<\/tr>\n<tr>\n<td>EM-UVH-220<\/td>\n<td>220<\/td>\n<td>220<\/td>\n<td>48<\/td>\n<td>245&#215;245<\/td>\n<td>16-18<\/td>\n<td>12-15<\/td>\n<td>7-9<\/td>\n<\/tr>\n<tr>\n<td>EM-UVH-250<\/td>\n<td>250<\/td>\n<td>250<\/td>\n<td>60<\/td>\n<td>275&#215;275<\/td>\n<td>22-25<\/td>\n<td>16-20<\/td>\n<td>10-13<\/td>\n<\/tr>\n<tr>\n<td>EM-UVH-300<\/td>\n<td>300<\/td>\n<td>300<\/td>\n<td>76<\/td>\n<td>325&#215;325<\/td>\n<td>39-42<\/td>\n<td>26-29<\/td>\n<td>17-20<\/td>\n<\/tr>\n<tr>\n<td>EM-UVH-350<\/td>\n<td>350<\/td>\n<td>350<\/td>\n<td>76<\/td>\n<td>375&#215;375<\/td>\n<td>62-67<\/td>\n<td>42-47<\/td>\n<td>28-31<\/td>\n<\/tr>\n<tr>\n<td>EM-UVH-400<\/td>\n<td>400<\/td>\n<td>400<\/td>\n<td>76<\/td>\n<td>425&#215;425<\/td>\n<td>90-98<\/td>\n<td>60-66<\/td>\n<td>35-39<\/td>\n<\/tr>\n<\/tbody>\n<\/table>","protected":false},"excerpt":{"rendered":"<p>Le transporteur \u00e0 vis est utilis\u00e9 pour le transport horizontal de c\u00e9r\u00e9ales ou de produits finis. Pour son fonctionnement efficace et continu, il est n\u00e9cessaire de choisir la puissance correcte et de l'appliquer selon sa capacit\u00e9. Il a une structure en forme de U. Il a un faible co\u00fbt d'investissement et occupe peu d'espace. Il a \u00e9galement besoin d'une faible puissance. Il est entra\u00een\u00e9 par un arbre \u00e0 vis, une cha\u00eene \u00e0 pignons ou une courroie. Son entretien est assez facile et il a une structure robuste et durable.<\/p>","protected":false},"featured_media":239699,"comment_status":"open","ping_status":"closed","template":"","meta":{"_et_pb_use_builder":"","_et_pb_old_content":"","_et_gb_content_width":""},"product_cat":[19],"product_tag":[],"class_list":{"0":"post-48","1":"product","2":"type-product","3":"status-publish","4":"has-post-thumbnail","6":"product_cat-tasima-unitesi","8":"first","9":"instock","10":"shipping-taxable","11":"product-type-simple"},"_links":{"self":[{"href":"https:\/\/erkanmakine.com.tr\/fr\/wp-json\/wp\/v2\/product\/48","targetHints":{"allow":["GET"]}}],"collection":[{"href":"https:\/\/erkanmakine.com.tr\/fr\/wp-json\/wp\/v2\/product"}],"about":[{"href":"https:\/\/erkanmakine.com.tr\/fr\/wp-json\/wp\/v2\/types\/product"}],"replies":[{"embeddable":true,"href":"https:\/\/erkanmakine.com.tr\/fr\/wp-json\/wp\/v2\/comments?post=48"}],"wp:featuredmedia":[{"embeddable":true,"href":"https:\/\/erkanmakine.com.tr\/fr\/wp-json\/wp\/v2\/media\/239699"}],"wp:attachment":[{"href":"https:\/\/erkanmakine.com.tr\/fr\/wp-json\/wp\/v2\/media?parent=48"}],"wp:term":[{"taxonomy":"product_cat","embeddable":true,"href":"https:\/\/erkanmakine.com.tr\/fr\/wp-json\/wp\/v2\/product_cat?post=48"},{"taxonomy":"product_tag","embeddable":true,"href":"https:\/\/erkanmakine.com.tr\/fr\/wp-json\/wp\/v2\/product_tag?post=48"}],"curies":[{"name":"wp","href":"https:\/\/api.w.org\/{rel}","templated":true}]}}