{"id":54,"date":"2024-01-18T09:51:50","date_gmt":"2024-01-18T09:51:50","guid":{"rendered":"https:\/\/erkanmakine.com.tr\/?post_type=product&#038;p=54"},"modified":"2024-02-27T07:44:16","modified_gmt":"2024-02-27T07:44:16","slug":"silo-bosaltici","status":"publish","type":"product","link":"https:\/\/erkanmakine.com.tr\/fr\/product\/silo-bosaltici\/","title":{"rendered":"Extracteur de Silo"},"content":{"rendered":"<script>fsg_json['fsg_post_54'] = [\n{id: 239214, image: 'https:\/\/erkanmakine.com.tr\/wp-content\/uploads\/2024\/01\/SILO-BOSALTICI.webp', extlink: '', thumb: 'https:\/\/erkanmakine.com.tr\/wp-content\/uploads\/2024\/01\/SILO-BOSALTICI-150x150.webp', permalink: '<div class=\"galleria-layeritem\"><a title=\"Permalink\" href=\"https:\/\/erkanmakine.com.tr\/fr\/product\/silo-bosaltici\/#239214\"><div class=\"galleria-link-bookmark\"><\/div><\/a><\/div>', layer: '<div class=\"galleria-infolayer\"><div class=\"galleria-layeritem\" style=\"padding-right: 20px;\"><\/div><div class=\"galleria-layeritem\"><a title=\"Permalink\" href=\"https:\/\/erkanmakine.com.tr\/fr\/product\/silo-bosaltici\/#239214\"><div class=\"galleria-link-bookmark\"><\/div><\/a><\/div><div class=\"galleria-layeritem\" style=\"padding-right: 20px;\"><\/div>'}\n];<\/script>\n\n\t\t<style type=\"text\/css\">\n\t\t\t#gallery-1 {\n\t\t\t\tmargin: auto;\n\t\t\t}\n\t\t\t#gallery-1 .gallery-item {\n\t\t\t\tfloat: left;\n\t\t\t\tmargin-top: 10px;\n\t\t\t\ttext-align: center;\n\t\t\t\twidth: 100%;\n\t\t\t}\n\t\t\t#gallery-1 img {\n\t\t\t\tborder: 2px solid #cfcfcf;\n\t\t\t}\n\t\t\t#gallery-1 .gallery-caption {\n\t\t\t\tmargin-left: 0;\n\t\t\t}\n\t\t\t\/* see gallery_shortcode() in wp-includes\/media.php *\/\n\t\t<\/style>\n\t\t<div id='gallery-1' class='gallery galleryid-54 gallery-columns-1 gallery-size-full'><dl class='gallery-item'>\n\t\t\t<dt class='gallery-icon landscape'>\n\t\t\t\t<a data-postid=\"fsg_post_54\" data-imgid=\"239214\" href='https:\/\/erkanmakine.com.tr\/wp-content\/uploads\/2024\/01\/SILO-BOSALTICI.webp'><img decoding=\"async\" width=\"1800\" height=\"868\" src=\"https:\/\/erkanmakine.com.tr\/wp-content\/uploads\/2024\/01\/SILO-BOSALTICI.webp\" class=\"attachment-full size-full\" alt=\"\" srcset=\"https:\/\/erkanmakine.com.tr\/wp-content\/uploads\/2024\/01\/SILO-BOSALTICI.webp 1800w, https:\/\/erkanmakine.com.tr\/wp-content\/uploads\/2024\/01\/SILO-BOSALTICI-1280x617.webp 1280w, https:\/\/erkanmakine.com.tr\/wp-content\/uploads\/2024\/01\/SILO-BOSALTICI-980x473.webp 980w, https:\/\/erkanmakine.com.tr\/wp-content\/uploads\/2024\/01\/SILO-BOSALTICI-480x231.webp 480w\" sizes=\"(min-width: 0px) and (max-width: 480px) 480px, (min-width: 481px) and (max-width: 980px) 980px, (min-width: 981px) and (max-width: 1280px) 1280px, (min-width: 1281px) 1800px, 100vw\" \/><\/a>\n\t\t\t<\/dt><\/dl><br style=\"clear: both\" \/>\n\t\t<\/div>\n\n<table class=\"tableizer-table\">\n<thead>\n<tr class=\"tableizer-firstrow\">\n<th>Mod\u00e8le<\/th>\n<th>\u00d8A (mm)<\/th>\n<th>\u00d8B (mm)<\/th>\n<th>\u00d8C (mm)<\/th>\n<th>\u00d8D (mm)<\/th>\n<th>E (mm)<\/th>\n<th>Puissance (kw)<\/th>\n<th>Volume (m\u00b3)<\/th>\n<th>Poid (kg)<\/th>\n<\/tr>\n<\/thead>\n<tbody>\n<tr>\n<td>EM-SB-60<\/td>\n<td>670<\/td>\n<td>570<\/td>\n<td>180-200<\/td>\n<td>14<\/td>\n<td>400<\/td>\n<td>2X0,07<\/td>\n<td>0,4<\/td>\n<td>165<\/td>\n<\/tr>\n<tr>\n<td>EM-SB-100<\/td>\n<td>1090<\/td>\n<td>970<\/td>\n<td>200-300<\/td>\n<td>18<\/td>\n<td>620<\/td>\n<td>2X0,35<\/td>\n<td>1,3<\/td>\n<td>275<\/td>\n<\/tr>\n<tr>\n<td>EM-SB-130<\/td>\n<td>1390<\/td>\n<td>1270<\/td>\n<td>300-500<\/td>\n<td>18<\/td>\n<td>680<\/td>\n<td>2X0,35<\/td>\n<td>2,3<\/td>\n<td>350<\/td>\n<\/tr>\n<tr>\n<td>EM-SB-160<\/td>\n<td>1690<\/td>\n<td>1570<\/td>\n<td>300-500<\/td>\n<td>22<\/td>\n<td>760<\/td>\n<td>2X0,55<\/td>\n<td>2,8<\/td>\n<td>440<\/td>\n<\/tr>\n<\/tbody>\n<\/table>","protected":false},"excerpt":{"rendered":"<p>Les d\u00e9verseurs \u00e0 \u00e9coulement libre sont utilis\u00e9s pour faciliter le d\u00e9chargement des produits (farine, bl\u00e9, son, etc.) dans les entrep\u00f4ts de stockage. La sortie, qui est reli\u00e9e au corps principal par des articulations, est entra\u00een\u00e9e par un moteur vibrant. Gr\u00e2ce \u00e0 cette vibration, le mat\u00e9riau \u00e0 l'int\u00e9rieur de l'entrep\u00f4t s'\u00e9coule facilement et se d\u00e9verse sur une vis ou un convoyeur.<\/p>","protected":false},"featured_media":239216,"comment_status":"open","ping_status":"closed","template":"","meta":{"_et_pb_use_builder":"","_et_pb_old_content":"","_et_gb_content_width":""},"product_cat":[19],"product_tag":[],"class_list":{"0":"post-54","1":"product","2":"type-product","3":"status-publish","4":"has-post-thumbnail","6":"product_cat-tasima-unitesi","8":"first","9":"instock","10":"shipping-taxable","11":"product-type-simple"},"_links":{"self":[{"href":"https:\/\/erkanmakine.com.tr\/fr\/wp-json\/wp\/v2\/product\/54","targetHints":{"allow":["GET"]}}],"collection":[{"href":"https:\/\/erkanmakine.com.tr\/fr\/wp-json\/wp\/v2\/product"}],"about":[{"href":"https:\/\/erkanmakine.com.tr\/fr\/wp-json\/wp\/v2\/types\/product"}],"replies":[{"embeddable":true,"href":"https:\/\/erkanmakine.com.tr\/fr\/wp-json\/wp\/v2\/comments?post=54"}],"wp:featuredmedia":[{"embeddable":true,"href":"https:\/\/erkanmakine.com.tr\/fr\/wp-json\/wp\/v2\/media\/239216"}],"wp:attachment":[{"href":"https:\/\/erkanmakine.com.tr\/fr\/wp-json\/wp\/v2\/media?parent=54"}],"wp:term":[{"taxonomy":"product_cat","embeddable":true,"href":"https:\/\/erkanmakine.com.tr\/fr\/wp-json\/wp\/v2\/product_cat?post=54"},{"taxonomy":"product_tag","embeddable":true,"href":"https:\/\/erkanmakine.com.tr\/fr\/wp-json\/wp\/v2\/product_tag?post=54"}],"curies":[{"name":"wp","href":"https:\/\/api.w.org\/{rel}","templated":true}]}}