{"id":57,"date":"2024-01-18T09:53:14","date_gmt":"2024-01-18T09:53:14","guid":{"rendered":"https:\/\/erkanmakine.com.tr\/?post_type=product&#038;p=57"},"modified":"2024-02-27T07:39:26","modified_gmt":"2024-02-27T07:39:26","slug":"blover","status":"publish","type":"product","link":"https:\/\/erkanmakine.com.tr\/fr\/product\/blover\/","title":{"rendered":"Ventilateur"},"content":{"rendered":"<script>fsg_json['fsg_post_57'] = [\n{id: 239202, image: 'https:\/\/erkanmakine.com.tr\/wp-content\/uploads\/2024\/01\/BLOWER.webp', extlink: '', thumb: 'https:\/\/erkanmakine.com.tr\/wp-content\/uploads\/2024\/01\/BLOWER-150x150.webp', permalink: '<div class=\"galleria-layeritem\"><a title=\"Permalink\" href=\"https:\/\/erkanmakine.com.tr\/fr\/product\/blover\/#239202\"><div class=\"galleria-link-bookmark\"><\/div><\/a><\/div>', layer: '<div class=\"galleria-infolayer\"><div class=\"galleria-layeritem\" style=\"padding-right: 20px;\"><\/div><div class=\"galleria-layeritem\"><a title=\"Permalink\" href=\"https:\/\/erkanmakine.com.tr\/fr\/product\/blover\/#239202\"><div class=\"galleria-link-bookmark\"><\/div><\/a><\/div><div class=\"galleria-layeritem\" style=\"padding-right: 20px;\"><\/div>'}\n];<\/script>\n\n\t\t<style type=\"text\/css\">\n\t\t\t#gallery-1 {\n\t\t\t\tmargin: auto;\n\t\t\t}\n\t\t\t#gallery-1 .gallery-item {\n\t\t\t\tfloat: left;\n\t\t\t\tmargin-top: 10px;\n\t\t\t\ttext-align: center;\n\t\t\t\twidth: 100%;\n\t\t\t}\n\t\t\t#gallery-1 img {\n\t\t\t\tborder: 2px solid #cfcfcf;\n\t\t\t}\n\t\t\t#gallery-1 .gallery-caption {\n\t\t\t\tmargin-left: 0;\n\t\t\t}\n\t\t\t\/* see gallery_shortcode() in wp-includes\/media.php *\/\n\t\t<\/style>\n\t\t<div id='gallery-1' class='gallery galleryid-57 gallery-columns-1 gallery-size-full'><dl class='gallery-item'>\n\t\t\t<dt class='gallery-icon landscape'>\n\t\t\t\t<a data-postid=\"fsg_post_57\" data-imgid=\"239202\" href='https:\/\/erkanmakine.com.tr\/wp-content\/uploads\/2024\/01\/BLOWER.webp'><img decoding=\"async\" width=\"1800\" height=\"868\" src=\"https:\/\/erkanmakine.com.tr\/wp-content\/uploads\/2024\/01\/BLOWER.webp\" class=\"attachment-full size-full\" alt=\"\" srcset=\"https:\/\/erkanmakine.com.tr\/wp-content\/uploads\/2024\/01\/BLOWER.webp 1800w, https:\/\/erkanmakine.com.tr\/wp-content\/uploads\/2024\/01\/BLOWER-1280x617.webp 1280w, https:\/\/erkanmakine.com.tr\/wp-content\/uploads\/2024\/01\/BLOWER-980x473.webp 980w, https:\/\/erkanmakine.com.tr\/wp-content\/uploads\/2024\/01\/BLOWER-480x231.webp 480w\" sizes=\"(min-width: 0px) and (max-width: 480px) 480px, (min-width: 481px) and (max-width: 980px) 980px, (min-width: 981px) and (max-width: 1280px) 1280px, (min-width: 1281px) 1800px, 100vw\" \/><\/a>\n\t\t\t<\/dt><\/dl><br style=\"clear: both\" \/>\n\t\t<\/div>\n\n<table class=\"tableizer-table\">\n<thead>\n<tr class=\"tableizer-firstrow\">\n<th>Mod\u00e8le<\/th>\n<th>A(mm)<\/th>\n<th>B (mm)<\/th>\n<th>C (mm)<\/th>\n<th>D (mm)<\/th>\n<th>E (mm)<\/th>\n<th>F (mm)<\/th>\n<th>G (mm)<\/th>\n<th>H (mm)<\/th>\n<th>I (mm)<\/th>\n<\/tr>\n<\/thead>\n<tbody>\n<tr>\n<td>EM-BL-45<\/td>\n<td>1070<\/td>\n<td>415<\/td>\n<td>480<\/td>\n<td>277<\/td>\n<td>385<\/td>\n<td>195<\/td>\n<td>680<\/td>\n<td>1064<\/td>\n<td>1415<\/td>\n<\/tr>\n<tr>\n<td>EM-BL-55<\/td>\n<td>1075<\/td>\n<td>505<\/td>\n<td>484<\/td>\n<td>280<\/td>\n<td>395<\/td>\n<td>198<\/td>\n<td>680<\/td>\n<td>1076<\/td>\n<td>1436<\/td>\n<\/tr>\n<tr>\n<td>EM-BL-70<\/td>\n<td>1075<\/td>\n<td>545<\/td>\n<td>487<\/td>\n<td>280<\/td>\n<td>395<\/td>\n<td>206<\/td>\n<td>680<\/td>\n<td>1075<\/td>\n<td>1458<\/td>\n<\/tr>\n<tr>\n<td>EM-BL-85<\/td>\n<td>1240<\/td>\n<td>605<\/td>\n<td>570<\/td>\n<td>280<\/td>\n<td>443<\/td>\n<td>209<\/td>\n<td>810<\/td>\n<td>1252<\/td>\n<td>1650<\/td>\n<\/tr>\n<tr>\n<td>EM-BL-105<\/td>\n<td>1230<\/td>\n<td>690<\/td>\n<td>574<\/td>\n<td>280<\/td>\n<td>430<\/td>\n<td>210<\/td>\n<td>825<\/td>\n<td>1256<\/td>\n<td>1675<\/td>\n<\/tr>\n<tr>\n<td>EM-BL-120<\/td>\n<td>1650<\/td>\n<td>605<\/td>\n<td>700<\/td>\n<td>420<\/td>\n<td>585<\/td>\n<td>300<\/td>\n<td>1200<\/td>\n<td>1785<\/td>\n<td>2075<\/td>\n<\/tr>\n<tr>\n<td>EM-BL-135<\/td>\n<td>1650<\/td>\n<td>650<\/td>\n<td>700<\/td>\n<td>420<\/td>\n<td>575<\/td>\n<td>315<\/td>\n<td>1200<\/td>\n<td>1775<\/td>\n<td>2100<\/td>\n<\/tr>\n<tr>\n<td>EM-BL-160<\/td>\n<td>1650<\/td>\n<td>720<\/td>\n<td>700<\/td>\n<td>420<\/td>\n<td>560<\/td>\n<td>315<\/td>\n<td>1220<\/td>\n<td>1780<\/td>\n<td>2030<\/td>\n<\/tr>\n<tr>\n<td>EM-BL-200<\/td>\n<td>2160<\/td>\n<td>755<\/td>\n<td>900<\/td>\n<td>470<\/td>\n<td>835<\/td>\n<td>355<\/td>\n<td>1300<\/td>\n<td>2135<\/td>\n<td>2685<\/td>\n<\/tr>\n<\/tbody>\n<\/table>","protected":false},"excerpt":{"rendered":"<p>Il est utilis\u00e9 pour le transport vertical et horizontal de tous types de c\u00e9r\u00e9ales et l\u00e9gumineuses. Il est \u00e9galement utilis\u00e9 pour le nettoyage des sacs filtrants. Il peut \u00eatre entra\u00een\u00e9 directement par moteur \u00e9lectrique ou par des poulies et des courroies. En particulier dans le secteur des moulins, il est pr\u00e9f\u00e9r\u00e9 pour son encombrement r\u00e9duit, sa facilit\u00e9 d'entretien et de montage, ce qui en fait le choix pr\u00e9f\u00e9r\u00e9 ces derni\u00e8res ann\u00e9es pour le transport horizontal et vertical.<\/p>","protected":false},"featured_media":239204,"comment_status":"open","ping_status":"closed","template":"","meta":{"_et_pb_use_builder":"","_et_pb_old_content":"","_et_gb_content_width":""},"product_cat":[19],"product_tag":[],"class_list":{"0":"post-57","1":"product","2":"type-product","3":"status-publish","4":"has-post-thumbnail","6":"product_cat-tasima-unitesi","8":"first","9":"instock","10":"shipping-taxable","11":"product-type-simple"},"_links":{"self":[{"href":"https:\/\/erkanmakine.com.tr\/fr\/wp-json\/wp\/v2\/product\/57","targetHints":{"allow":["GET"]}}],"collection":[{"href":"https:\/\/erkanmakine.com.tr\/fr\/wp-json\/wp\/v2\/product"}],"about":[{"href":"https:\/\/erkanmakine.com.tr\/fr\/wp-json\/wp\/v2\/types\/product"}],"replies":[{"embeddable":true,"href":"https:\/\/erkanmakine.com.tr\/fr\/wp-json\/wp\/v2\/comments?post=57"}],"wp:featuredmedia":[{"embeddable":true,"href":"https:\/\/erkanmakine.com.tr\/fr\/wp-json\/wp\/v2\/media\/239204"}],"wp:attachment":[{"href":"https:\/\/erkanmakine.com.tr\/fr\/wp-json\/wp\/v2\/media?parent=57"}],"wp:term":[{"taxonomy":"product_cat","embeddable":true,"href":"https:\/\/erkanmakine.com.tr\/fr\/wp-json\/wp\/v2\/product_cat?post=57"},{"taxonomy":"product_tag","embeddable":true,"href":"https:\/\/erkanmakine.com.tr\/fr\/wp-json\/wp\/v2\/product_tag?post=57"}],"curies":[{"name":"wp","href":"https:\/\/api.w.org\/{rel}","templated":true}]}}