{"id":63,"date":"2024-01-18T09:57:34","date_gmt":"2024-01-18T09:57:34","guid":{"rendered":"https:\/\/erkanmakine.com.tr\/?post_type=product&#038;p=63"},"modified":"2024-02-27T08:07:16","modified_gmt":"2024-02-27T08:07:16","slug":"toz-siklonu","status":"publish","type":"product","link":"https:\/\/erkanmakine.com.tr\/fr\/product\/toz-siklonu\/","title":{"rendered":"Cyclone \u00e0 Poussi\u00e8re"},"content":{"rendered":"<p>&nbsp;<\/p>\n<table class=\"tableizer-table\">\n<thead>\n<tr class=\"tableizer-firstrow\">\n<th>Mod\u00e8le<\/th>\n<th>\u00d8A(mm)<\/th>\n<th>B(mm)<\/th>\n<th>C(mm)<\/th>\n<th>D(mm)<\/th>\n<th>E(mm)<\/th>\n<th>\u00d8F(mm)<\/th>\n<th>\u00d8G(mm)<\/th>\n<\/tr>\n<\/thead>\n<tbody>\n<tr>\n<td>EM-TS-150<\/td>\n<td>500<\/td>\n<td>400<\/td>\n<td>600<\/td>\n<td>3375<\/td>\n<td>1875<\/td>\n<td>135<\/td>\n<td>1500<\/td>\n<\/tr>\n<tr>\n<td>EM-TS-180<\/td>\n<td>700<\/td>\n<td>500<\/td>\n<td>700<\/td>\n<td>4230<\/td>\n<td>2250<\/td>\n<td>135<\/td>\n<td>1800<\/td>\n<\/tr>\n<tr>\n<td>EM-TS-200<\/td>\n<td>750<\/td>\n<td>500<\/td>\n<td>800<\/td>\n<td>4650<\/td>\n<td>2500<\/td>\n<td>135<\/td>\n<td>2000<\/td>\n<\/tr>\n<\/tbody>\n<\/table>","protected":false},"excerpt":{"rendered":"<p>Dans les sections d'aspiration, le collecteur de poussi\u00e8re et le s\u00e9parateur de poussi\u00e8re et d'air sont utilis\u00e9s. Ils se trouvent dans les syst\u00e8mes d'aspiration des machines de nettoyage. Gr\u00e2ce \u00e0 l'aspiration, la poussi\u00e8re capt\u00e9e est s\u00e9par\u00e9e de l'air par le biais d'un cyclone.<\/p>","protected":false},"featured_media":239702,"comment_status":"open","ping_status":"closed","template":"","meta":{"_et_pb_use_builder":"","_et_pb_old_content":"","_et_gb_content_width":""},"product_cat":[18],"product_tag":[],"class_list":{"0":"post-63","1":"product","2":"type-product","3":"status-publish","4":"has-post-thumbnail","6":"product_cat-temizleme-unitesi","8":"first","9":"instock","10":"shipping-taxable","11":"product-type-simple"},"_links":{"self":[{"href":"https:\/\/erkanmakine.com.tr\/fr\/wp-json\/wp\/v2\/product\/63","targetHints":{"allow":["GET"]}}],"collection":[{"href":"https:\/\/erkanmakine.com.tr\/fr\/wp-json\/wp\/v2\/product"}],"about":[{"href":"https:\/\/erkanmakine.com.tr\/fr\/wp-json\/wp\/v2\/types\/product"}],"replies":[{"embeddable":true,"href":"https:\/\/erkanmakine.com.tr\/fr\/wp-json\/wp\/v2\/comments?post=63"}],"wp:featuredmedia":[{"embeddable":true,"href":"https:\/\/erkanmakine.com.tr\/fr\/wp-json\/wp\/v2\/media\/239702"}],"wp:attachment":[{"href":"https:\/\/erkanmakine.com.tr\/fr\/wp-json\/wp\/v2\/media?parent=63"}],"wp:term":[{"taxonomy":"product_cat","embeddable":true,"href":"https:\/\/erkanmakine.com.tr\/fr\/wp-json\/wp\/v2\/product_cat?post=63"},{"taxonomy":"product_tag","embeddable":true,"href":"https:\/\/erkanmakine.com.tr\/fr\/wp-json\/wp\/v2\/product_tag?post=63"}],"curies":[{"name":"wp","href":"https:\/\/api.w.org\/{rel}","templated":true}]}}