{"id":64,"date":"2024-01-18T09:58:29","date_gmt":"2024-01-18T09:58:29","guid":{"rendered":"https:\/\/erkanmakine.com.tr\/?post_type=product&#038;p=64"},"modified":"2024-02-27T07:35:27","modified_gmt":"2024-02-27T07:35:27","slug":"otomatik-paketleme","status":"publish","type":"product","link":"https:\/\/erkanmakine.com.tr\/fr\/product\/otomatik-paketleme\/","title":{"rendered":"Emballage Automatique"},"content":{"rendered":"<p>&nbsp;<\/p>\n<table class=\"tableizer-table\">\n<tbody>\n<tr>\n<td>Capacit\u00e9 Du Tr\u00e9mie Sup\u00e9rieur (m\u00b3)<\/td>\n<td>1.0<\/td>\n<\/tr>\n<tr>\n<td>Plage De Pesage (kg)<\/td>\n<td>25-50<\/td>\n<\/tr>\n<tr>\n<td>Densit\u00e9 (Farine) (kg\/m\u00b3)<\/td>\n<td>0.55<\/td>\n<\/tr>\n<tr>\n<td>Pression De L'air (Bar)<\/td>\n<td>6-8<\/td>\n<\/tr>\n<tr>\n<td>Sortie \u00c9lectrique<\/td>\n<td>400 V-AC \/ 50-60 Hz<\/td>\n<\/tr>\n<tr>\n<td>La Consommation D'\u00e9lectricit\u00e9 (kw\/h)<\/td>\n<td>6,5<\/td>\n<\/tr>\n<tr>\n<td>Capacit\u00e9 De Pesage (pcs\/heure)<\/td>\n<td>350-300<\/td>\n<\/tr>\n<\/tbody>\n<\/table>","protected":false},"excerpt":{"rendered":"<p>Syst\u00e8me enti\u00e8rement contr\u00f4l\u00e9 par PLC, assure un pesage pr\u00e9cis et une longue dur\u00e9e de vie avec des cellules de charge en acier inoxydable. Il est capable de remplir automatiquement des sacs ouverts et prend en charge des plages de pesage comprises entre 4 et 10 kg, 10 et 25 kg, et 25 et 50 kg. Il offre une flexibilit\u00e9 avec des valeurs de tol\u00e9rance inf\u00e9rieure et sup\u00e9rieure programmables individuellement. Les caract\u00e9ristiques du syst\u00e8me comprennent un m\u00e9canisme de secouage automatique des sacs, un syst\u00e8me d'alimentation en tr\u00e9mie de pesage s\u00e9par\u00e9 en fonction du produit \u00e0 ensacher, ainsi qu'une alimentation par vis unique entra\u00een\u00e9e par des moteurs s\u00e9par\u00e9s. De plus, une option d'alimentation par bande entra\u00een\u00e9e par deux moteurs \u00e0 vitesse variable est disponible. La capacit\u00e9 varie entre 13 et 22 tonnes\/heure (pour des sacs de 50 kg) en fonction du produit \u00e0 ensacher et de la tol\u00e9rance souhait\u00e9e. Le panneau de commande sp\u00e9cifique du syst\u00e8me est de classe de protection IP54, assurant ainsi une protection contre les \u00e9l\u00e9ments ext\u00e9rieurs. \u00c9quip\u00e9 de ces caract\u00e9ristiques, le syst\u00e8me offre des performances fiables et efficaces dans les op\u00e9rations d'ensachage industriel.<\/p>","protected":false},"featured_media":239196,"comment_status":"open","ping_status":"closed","template":"","meta":{"_et_pb_use_builder":"","_et_pb_old_content":"","_et_gb_content_width":""},"product_cat":[20],"product_tag":[],"class_list":{"0":"post-64","1":"product","2":"type-product","3":"status-publish","4":"has-post-thumbnail","6":"product_cat-paketleme-unitesi","8":"first","9":"instock","10":"shipping-taxable","11":"product-type-simple"},"_links":{"self":[{"href":"https:\/\/erkanmakine.com.tr\/fr\/wp-json\/wp\/v2\/product\/64","targetHints":{"allow":["GET"]}}],"collection":[{"href":"https:\/\/erkanmakine.com.tr\/fr\/wp-json\/wp\/v2\/product"}],"about":[{"href":"https:\/\/erkanmakine.com.tr\/fr\/wp-json\/wp\/v2\/types\/product"}],"replies":[{"embeddable":true,"href":"https:\/\/erkanmakine.com.tr\/fr\/wp-json\/wp\/v2\/comments?post=64"}],"wp:featuredmedia":[{"embeddable":true,"href":"https:\/\/erkanmakine.com.tr\/fr\/wp-json\/wp\/v2\/media\/239196"}],"wp:attachment":[{"href":"https:\/\/erkanmakine.com.tr\/fr\/wp-json\/wp\/v2\/media?parent=64"}],"wp:term":[{"taxonomy":"product_cat","embeddable":true,"href":"https:\/\/erkanmakine.com.tr\/fr\/wp-json\/wp\/v2\/product_cat?post=64"},{"taxonomy":"product_tag","embeddable":true,"href":"https:\/\/erkanmakine.com.tr\/fr\/wp-json\/wp\/v2\/product_tag?post=64"}],"curies":[{"name":"wp","href":"https:\/\/api.w.org\/{rel}","templated":true}]}}