{"id":65,"date":"2024-01-18T10:00:21","date_gmt":"2024-01-18T10:00:21","guid":{"rendered":"https:\/\/erkanmakine.com.tr\/?post_type=product&#038;p=65"},"modified":"2024-02-27T07:33:54","modified_gmt":"2024-02-27T07:33:54","slug":"randiman-kantari","status":"publish","type":"product","link":"https:\/\/erkanmakine.com.tr\/fr\/product\/randiman-kantari\/","title":{"rendered":"Balance de Rendement"},"content":{"rendered":"<script>fsg_json['fsg_post_65'] = [\n{id: 239201, image: 'https:\/\/erkanmakine.com.tr\/wp-content\/uploads\/2024\/01\/RANDIMAN-KANTARI.webp', extlink: '', thumb: 'https:\/\/erkanmakine.com.tr\/wp-content\/uploads\/2024\/01\/RANDIMAN-KANTARI-150x150.webp', permalink: '<div class=\"galleria-layeritem\"><a title=\"Permalink\" href=\"https:\/\/erkanmakine.com.tr\/fr\/product\/randiman-kantari\/#239201\"><div class=\"galleria-link-bookmark\"><\/div><\/a><\/div>', layer: '<div class=\"galleria-infolayer\"><div class=\"galleria-layeritem\" style=\"padding-right: 20px;\"><\/div><div class=\"galleria-layeritem\"><a title=\"Permalink\" href=\"https:\/\/erkanmakine.com.tr\/fr\/product\/randiman-kantari\/#239201\"><div class=\"galleria-link-bookmark\"><\/div><\/a><\/div><div class=\"galleria-layeritem\" style=\"padding-right: 20px;\"><\/div>'}\n];<\/script>\n\n\t\t<style type=\"text\/css\">\n\t\t\t#gallery-1 {\n\t\t\t\tmargin: auto;\n\t\t\t}\n\t\t\t#gallery-1 .gallery-item {\n\t\t\t\tfloat: left;\n\t\t\t\tmargin-top: 10px;\n\t\t\t\ttext-align: center;\n\t\t\t\twidth: 100%;\n\t\t\t}\n\t\t\t#gallery-1 img {\n\t\t\t\tborder: 2px solid #cfcfcf;\n\t\t\t}\n\t\t\t#gallery-1 .gallery-caption {\n\t\t\t\tmargin-left: 0;\n\t\t\t}\n\t\t\t\/* see gallery_shortcode() in wp-includes\/media.php *\/\n\t\t<\/style>\n\t\t<div id='gallery-1' class='gallery galleryid-65 gallery-columns-1 gallery-size-full'><dl class='gallery-item'>\n\t\t\t<dt class='gallery-icon landscape'>\n\t\t\t\t<a data-postid=\"fsg_post_65\" data-imgid=\"239201\" href='https:\/\/erkanmakine.com.tr\/wp-content\/uploads\/2024\/01\/RANDIMAN-KANTARI.webp'><img decoding=\"async\" width=\"1800\" height=\"868\" src=\"https:\/\/erkanmakine.com.tr\/wp-content\/uploads\/2024\/01\/RANDIMAN-KANTARI.webp\" class=\"attachment-full size-full\" alt=\"\" srcset=\"https:\/\/erkanmakine.com.tr\/wp-content\/uploads\/2024\/01\/RANDIMAN-KANTARI.webp 1800w, https:\/\/erkanmakine.com.tr\/wp-content\/uploads\/2024\/01\/RANDIMAN-KANTARI-1280x617.webp 1280w, https:\/\/erkanmakine.com.tr\/wp-content\/uploads\/2024\/01\/RANDIMAN-KANTARI-980x473.webp 980w, https:\/\/erkanmakine.com.tr\/wp-content\/uploads\/2024\/01\/RANDIMAN-KANTARI-480x231.webp 480w\" sizes=\"(min-width: 0px) and (max-width: 480px) 480px, (min-width: 481px) and (max-width: 980px) 980px, (min-width: 981px) and (max-width: 1280px) 1280px, (min-width: 1281px) 1800px, 100vw\" \/><\/a>\n\t\t\t<\/dt><\/dl><br style=\"clear: both\" \/>\n\t\t<\/div>\n\n<table class=\"tableizer-table\">\n<thead>\n<tr class=\"tableizer-firstrow\">\n<th>Mod\u00e8le<\/th>\n<th>A (mm)<\/th>\n<th>B (mm)<\/th>\n<th>C (mm)<\/th>\n<th>D (mm)<\/th>\n<th>E (mm)<\/th>\n<th>F (mm)<\/th>\n<th>G (mm)<\/th>\n<th>H (mm)<\/th>\n<th>I (mm)<\/th>\n<th>K (mm)<\/th>\n<th>Capacit\u00e9 t\/h (Bl\u00e9)<\/th>\n<th>Capacit\u00e9 t\/h (Farine)<\/th>\n<th>Capacit\u00e9 t\/h (Fibre)<\/th>\n<th>Beso\u0131ns D'a\u0131r (m\u00b3\/min)<\/th>\n<\/tr>\n<\/thead>\n<tbody>\n<tr>\n<td>EM-RK-350<\/td>\n<td>2131<\/td>\n<td>630<\/td>\n<td>640<\/td>\n<td>550<\/td>\n<td>703<\/td>\n<td>660<\/td>\n<td>298<\/td>\n<td>420<\/td>\n<td>559<\/td>\n<td>559<\/td>\n<td>8<\/td>\n<td>6<\/td>\n<td>3<\/td>\n<td>6-8<\/td>\n<\/tr>\n<tr>\n<td>EM-RK-420<\/td>\n<td>2221<\/td>\n<td>710<\/td>\n<td>715<\/td>\n<td>550<\/td>\n<td>695<\/td>\n<td>758<\/td>\n<td>298<\/td>\n<td>420<\/td>\n<td>559<\/td>\n<td>559<\/td>\n<td>12<\/td>\n<td>10<\/td>\n<td>5<\/td>\n<td>6-8<\/td>\n<\/tr>\n<tr>\n<td>EM-RK-550<\/td>\n<td>2565<\/td>\n<td>850<\/td>\n<td>850<\/td>\n<td>765<\/td>\n<td>900<\/td>\n<td>897<\/td>\n<td>298<\/td>\n<td>420<\/td>\n<td>559<\/td>\n<td>559<\/td>\n<td>25<\/td>\n<td>17<\/td>\n<td>8<\/td>\n<td>6-8<\/td>\n<\/tr>\n<tr>\n<td>EM-RK-800<\/td>\n<td>3306<\/td>\n<td>1110<\/td>\n<td>1110<\/td>\n<td>700<\/td>\n<td>955<\/td>\n<td>1130<\/td>\n<td>471<\/td>\n<td>750<\/td>\n<td>1000<\/td>\n<td>1000<\/td>\n<td>50<\/td>\n<td>33<\/td>\n<td>17<\/td>\n<td>6-8<\/td>\n<\/tr>\n<\/tbody>\n<\/table>","protected":false},"excerpt":{"rendered":"<p>Syst\u00e8me enti\u00e8rement contr\u00f4l\u00e9 par PLC, offrant une pes\u00e9e pr\u00e9cise et une longue dur\u00e9e de vie gr\u00e2ce \u00e0 des cellules de charge en acier inoxydable. Le panneau de commande sp\u00e9cial est de classe de protection IP67, assurant ainsi une protection contre les \u00e9l\u00e9ments ext\u00e9rieurs. La calibration est facile \u00e0 r\u00e9aliser avec le clavier. Des options de syst\u00e8me d'alimentation sp\u00e9ciales avec double piston, simple piston ou motoris\u00e9 sont disponibles en fonction du produit \u00e0 peser. Il traite les donn\u00e9es de pes\u00e9e r\u00e9elles et fournit une mesure et une indication du d\u00e9bit en tonnes\/heure. Si n\u00e9cessaire, un r\u00e9glage du d\u00e9bit de passage peut \u00eatre effectu\u00e9. Il affiche la quantit\u00e9 totale de marchandises pass\u00e9es et peut fonctionner \u00e0 la fois localement et via le r\u00e9seau. \u00c9quip\u00e9 de ces caract\u00e9ristiques, ce syst\u00e8me offre des performances fiables et efficaces dans les processus et pes\u00e9es industriels.<\/p>","protected":false},"featured_media":239199,"comment_status":"open","ping_status":"closed","template":"","meta":{"_et_pb_use_builder":"","_et_pb_old_content":"","_et_gb_content_width":""},"product_cat":[20],"product_tag":[],"class_list":{"0":"post-65","1":"product","2":"type-product","3":"status-publish","4":"has-post-thumbnail","6":"product_cat-paketleme-unitesi","8":"first","9":"instock","10":"shipping-taxable","11":"product-type-simple"},"_links":{"self":[{"href":"https:\/\/erkanmakine.com.tr\/fr\/wp-json\/wp\/v2\/product\/65","targetHints":{"allow":["GET"]}}],"collection":[{"href":"https:\/\/erkanmakine.com.tr\/fr\/wp-json\/wp\/v2\/product"}],"about":[{"href":"https:\/\/erkanmakine.com.tr\/fr\/wp-json\/wp\/v2\/types\/product"}],"replies":[{"embeddable":true,"href":"https:\/\/erkanmakine.com.tr\/fr\/wp-json\/wp\/v2\/comments?post=65"}],"wp:featuredmedia":[{"embeddable":true,"href":"https:\/\/erkanmakine.com.tr\/fr\/wp-json\/wp\/v2\/media\/239199"}],"wp:attachment":[{"href":"https:\/\/erkanmakine.com.tr\/fr\/wp-json\/wp\/v2\/media?parent=65"}],"wp:term":[{"taxonomy":"product_cat","embeddable":true,"href":"https:\/\/erkanmakine.com.tr\/fr\/wp-json\/wp\/v2\/product_cat?post=65"},{"taxonomy":"product_tag","embeddable":true,"href":"https:\/\/erkanmakine.com.tr\/fr\/wp-json\/wp\/v2\/product_tag?post=65"}],"curies":[{"name":"wp","href":"https:\/\/api.w.org\/{rel}","templated":true}]}}