{"id":71,"date":"2024-01-18T10:05:59","date_gmt":"2024-01-18T10:05:59","guid":{"rendered":"https:\/\/erkanmakine.com.tr\/?post_type=product&#038;p=71"},"modified":"2024-06-03T12:18:29","modified_gmt":"2024-06-03T12:18:29","slug":"cekicli-degirmen","status":"publish","type":"product","link":"https:\/\/erkanmakine.com.tr\/fr\/product\/cekicli-degirmen\/","title":{"rendered":"Moulin \u00e0 Marteaux"},"content":{"rendered":"<script>fsg_json['fsg_post_71'] = [\n{id: 239286, image: 'https:\/\/erkanmakine.com.tr\/wp-content\/uploads\/2024\/01\/cekicli-degirmen.webp', extlink: '', thumb: 'https:\/\/erkanmakine.com.tr\/wp-content\/uploads\/2024\/01\/cekicli-degirmen-150x150.webp', permalink: '<div class=\"galleria-layeritem\"><a title=\"Permalink\" href=\"https:\/\/erkanmakine.com.tr\/fr\/product\/cekicli-degirmen\/#239286\"><div class=\"galleria-link-bookmark\"><\/div><\/a><\/div>', layer: '<div class=\"galleria-infolayer\"><div class=\"galleria-layeritem\" style=\"padding-right: 20px;\"><\/div><div class=\"galleria-layeritem\"><a title=\"Permalink\" href=\"https:\/\/erkanmakine.com.tr\/fr\/product\/cekicli-degirmen\/#239286\"><div class=\"galleria-link-bookmark\"><\/div><\/a><\/div><div class=\"galleria-layeritem\" style=\"padding-right: 20px;\"><\/div>'}\n];<\/script>\n\n\t\t<style type=\"text\/css\">\n\t\t\t#gallery-1 {\n\t\t\t\tmargin: auto;\n\t\t\t}\n\t\t\t#gallery-1 .gallery-item {\n\t\t\t\tfloat: left;\n\t\t\t\tmargin-top: 10px;\n\t\t\t\ttext-align: center;\n\t\t\t\twidth: 100%;\n\t\t\t}\n\t\t\t#gallery-1 img {\n\t\t\t\tborder: 2px solid #cfcfcf;\n\t\t\t}\n\t\t\t#gallery-1 .gallery-caption {\n\t\t\t\tmargin-left: 0;\n\t\t\t}\n\t\t\t\/* see gallery_shortcode() in wp-includes\/media.php *\/\n\t\t<\/style>\n\t\t<div id='gallery-1' class='gallery galleryid-71 gallery-columns-1 gallery-size-full'><dl class='gallery-item'>\n\t\t\t<dt class='gallery-icon landscape'>\n\t\t\t\t<a data-postid=\"fsg_post_71\" data-imgid=\"239286\" href='https:\/\/erkanmakine.com.tr\/wp-content\/uploads\/2024\/01\/cekicli-degirmen.webp'><img decoding=\"async\" width=\"1800\" height=\"868\" src=\"https:\/\/erkanmakine.com.tr\/wp-content\/uploads\/2024\/01\/cekicli-degirmen.webp\" class=\"attachment-full size-full\" alt=\"\" srcset=\"https:\/\/erkanmakine.com.tr\/wp-content\/uploads\/2024\/01\/cekicli-degirmen.webp 1800w, https:\/\/erkanmakine.com.tr\/wp-content\/uploads\/2024\/01\/cekicli-degirmen-1280x617.webp 1280w, https:\/\/erkanmakine.com.tr\/wp-content\/uploads\/2024\/01\/cekicli-degirmen-980x473.webp 980w, https:\/\/erkanmakine.com.tr\/wp-content\/uploads\/2024\/01\/cekicli-degirmen-480x231.webp 480w\" sizes=\"(min-width: 0px) and (max-width: 480px) 480px, (min-width: 481px) and (max-width: 980px) 980px, (min-width: 981px) and (max-width: 1280px) 1280px, (min-width: 1281px) 1800px, 100vw\" \/><\/a>\n\t\t\t<\/dt><\/dl><br style=\"clear: both\" \/>\n\t\t<\/div>\n\n<table class=\"tableizer-table\">\n<thead>\n<tr class=\"tableizer-firstrow\">\n<th>Mod\u00e8le<\/th>\n<th>Puissance (kw)<\/th>\n<th>Tour (Tr\/Min)<\/th>\n<th>Capacit\u00e9 (t\/h)<\/th>\n<th>A (mm)<\/th>\n<th>B (mm)<\/th>\n<th>C (mm)<\/th>\n<\/tr>\n<\/thead>\n<tbody>\n<tr>\n<td>EM-\u00c7D-45<\/td>\n<td>45<\/td>\n<td>1500<\/td>\n<td>5<\/td>\n<td>1490<\/td>\n<td>1600<\/td>\n<td>1280<\/td>\n<\/tr>\n<tr>\n<td>EM-\u00c7D-90<\/td>\n<td>90<\/td>\n<td>1500<\/td>\n<td>10<\/td>\n<td>1750<\/td>\n<td>1800<\/td>\n<td>1600<\/td>\n<\/tr>\n<tr>\n<td>EM-\u00c7D-110<\/td>\n<td>110<\/td>\n<td>1500<\/td>\n<td>15<\/td>\n<td>1800<\/td>\n<td>1900<\/td>\n<td>1700<\/td>\n<\/tr>\n<\/tbody>\n<\/table>","protected":false},"excerpt":{"rendered":"<p>Avec ce moulin, presque tous les mat\u00e9riaux granulaires secs ou peu humides peuvent \u00eatre facilement broy\u00e9s. Il est utilis\u00e9 \u00e0 cet effet dans l'industrie de l'alimentation animale. Le corps est fabriqu\u00e9 en construction en acier soud\u00e9. Le rotor portant des marteaux tourne sur un arbre robuste. Les marteaux sont fabriqu\u00e9s en acier tremp\u00e9. Il est con\u00e7u pour se d\u00e9placer librement. La conception de l'ensemble du syst\u00e8me permet un changement rapide et facile du tamis pour que le rotor puisse \u00eatre remplac\u00e9 sans arr\u00eat. Le moteur est coupl\u00e9 directement avec un accouplement. Le moteur et le corps du moulin sont mont\u00e9s sur une bride commune.<\/p>","protected":false},"featured_media":240469,"comment_status":"open","ping_status":"closed","template":"","meta":{"_et_pb_use_builder":"","_et_pb_old_content":"","_et_gb_content_width":""},"product_cat":[21],"product_tag":[],"class_list":{"0":"post-71","1":"product","2":"type-product","3":"status-publish","4":"has-post-thumbnail","6":"product_cat-yem-makinalari","8":"first","9":"instock","10":"shipping-taxable","11":"product-type-simple"},"_links":{"self":[{"href":"https:\/\/erkanmakine.com.tr\/fr\/wp-json\/wp\/v2\/product\/71","targetHints":{"allow":["GET"]}}],"collection":[{"href":"https:\/\/erkanmakine.com.tr\/fr\/wp-json\/wp\/v2\/product"}],"about":[{"href":"https:\/\/erkanmakine.com.tr\/fr\/wp-json\/wp\/v2\/types\/product"}],"replies":[{"embeddable":true,"href":"https:\/\/erkanmakine.com.tr\/fr\/wp-json\/wp\/v2\/comments?post=71"}],"wp:featuredmedia":[{"embeddable":true,"href":"https:\/\/erkanmakine.com.tr\/fr\/wp-json\/wp\/v2\/media\/240469"}],"wp:attachment":[{"href":"https:\/\/erkanmakine.com.tr\/fr\/wp-json\/wp\/v2\/media?parent=71"}],"wp:term":[{"taxonomy":"product_cat","embeddable":true,"href":"https:\/\/erkanmakine.com.tr\/fr\/wp-json\/wp\/v2\/product_cat?post=71"},{"taxonomy":"product_tag","embeddable":true,"href":"https:\/\/erkanmakine.com.tr\/fr\/wp-json\/wp\/v2\/product_tag?post=71"}],"curies":[{"name":"wp","href":"https:\/\/api.w.org\/{rel}","templated":true}]}}