{"id":72,"date":"2024-01-18T10:06:23","date_gmt":"2024-01-18T10:06:23","guid":{"rendered":"https:\/\/erkanmakine.com.tr\/?post_type=product&#038;p=72"},"modified":"2024-02-27T08:50:14","modified_gmt":"2024-02-27T08:50:14","slug":"karistirici","status":"publish","type":"product","link":"https:\/\/erkanmakine.com.tr\/fr\/product\/karistirici\/","title":{"rendered":"M\u00e9langeur"},"content":{"rendered":"<script>fsg_json['fsg_post_72'] = [\n{id: 239287, image: 'https:\/\/erkanmakine.com.tr\/wp-content\/uploads\/2024\/01\/Karistirici.webp', extlink: '', thumb: 'https:\/\/erkanmakine.com.tr\/wp-content\/uploads\/2024\/01\/Karistirici-150x150.webp', permalink: '<div class=\"galleria-layeritem\"><a title=\"Permalink\" href=\"https:\/\/erkanmakine.com.tr\/fr\/product\/karistirici\/#239287\"><div class=\"galleria-link-bookmark\"><\/div><\/a><\/div>', layer: '<div class=\"galleria-infolayer\"><div class=\"galleria-layeritem\" style=\"padding-right: 20px;\"><\/div><div class=\"galleria-layeritem\"><a title=\"Permalink\" href=\"https:\/\/erkanmakine.com.tr\/fr\/product\/karistirici\/#239287\"><div class=\"galleria-link-bookmark\"><\/div><\/a><\/div><div class=\"galleria-layeritem\" style=\"padding-right: 20px;\"><\/div>'}\n];<\/script>\n\n\t\t<style type=\"text\/css\">\n\t\t\t#gallery-1 {\n\t\t\t\tmargin: auto;\n\t\t\t}\n\t\t\t#gallery-1 .gallery-item {\n\t\t\t\tfloat: left;\n\t\t\t\tmargin-top: 10px;\n\t\t\t\ttext-align: center;\n\t\t\t\twidth: 100%;\n\t\t\t}\n\t\t\t#gallery-1 img {\n\t\t\t\tborder: 2px solid #cfcfcf;\n\t\t\t}\n\t\t\t#gallery-1 .gallery-caption {\n\t\t\t\tmargin-left: 0;\n\t\t\t}\n\t\t\t\/* see gallery_shortcode() in wp-includes\/media.php *\/\n\t\t<\/style>\n\t\t<div id='gallery-1' class='gallery galleryid-72 gallery-columns-1 gallery-size-full'><dl class='gallery-item'>\n\t\t\t<dt class='gallery-icon landscape'>\n\t\t\t\t<a data-postid=\"fsg_post_72\" data-imgid=\"239287\" href='https:\/\/erkanmakine.com.tr\/wp-content\/uploads\/2024\/01\/Karistirici.webp'><img decoding=\"async\" width=\"1800\" height=\"868\" src=\"https:\/\/erkanmakine.com.tr\/wp-content\/uploads\/2024\/01\/Karistirici.webp\" class=\"attachment-full size-full\" alt=\"\" srcset=\"https:\/\/erkanmakine.com.tr\/wp-content\/uploads\/2024\/01\/Karistirici.webp 1800w, https:\/\/erkanmakine.com.tr\/wp-content\/uploads\/2024\/01\/Karistirici-1280x617.webp 1280w, https:\/\/erkanmakine.com.tr\/wp-content\/uploads\/2024\/01\/Karistirici-980x473.webp 980w, https:\/\/erkanmakine.com.tr\/wp-content\/uploads\/2024\/01\/Karistirici-480x231.webp 480w\" sizes=\"(min-width: 0px) and (max-width: 480px) 480px, (min-width: 481px) and (max-width: 980px) 980px, (min-width: 981px) and (max-width: 1280px) 1280px, (min-width: 1281px) 1800px, 100vw\" \/><\/a>\n\t\t\t<\/dt><\/dl><br style=\"clear: both\" \/>\n\t\t<\/div>\n\n<table class=\"tableizer-table\">\n<thead>\n<tr class=\"tableizer-firstrow\">\n<th>Mod\u00e8le<\/th>\n<th>Capacit\u00e9 (t\/h)<\/th>\n<th>Puissance (kw)<\/th>\n<th>Tour (Tr\/Min)<\/th>\n<th>A (mm)<\/th>\n<th>B (mm)<\/th>\n<th>C (mm)<\/th>\n<\/tr>\n<\/thead>\n<tbody>\n<tr>\n<td>EM-K-500<\/td>\n<td>5<\/td>\n<td>11<\/td>\n<td>1500<\/td>\n<td>1000<\/td>\n<td>2000<\/td>\n<td>1500<\/td>\n<\/tr>\n<tr>\n<td>EM-K-1000<\/td>\n<td>10<\/td>\n<td>22<\/td>\n<td>1500<\/td>\n<td>1200<\/td>\n<td>2400<\/td>\n<td>1700<\/td>\n<\/tr>\n<tr>\n<td>EM-K-2000<\/td>\n<td>20<\/td>\n<td>30<\/td>\n<td>1500<\/td>\n<td>1500<\/td>\n<td>3000<\/td>\n<td>1800<\/td>\n<\/tr>\n<\/tbody>\n<\/table>","protected":false},"excerpt":{"rendered":"<p>Le corps est de type U et est fabriqu\u00e9 en option en ST 37 ou en AISI 304. Le rotor est \u00e0 simple h\u00e9lice et convient au d\u00e9marrage et \u00e0 l'arr\u00eat. Le rotor a deux enroulements \u00e0 double h\u00e9lice. Le rotor est support\u00e9 des deux c\u00f4t\u00e9s et un syst\u00e8me d'\u00e9tanch\u00e9it\u00e9 est pr\u00e9sent. L'\u00e9quilibre de pression \u00e0 l'int\u00e9rieur du m\u00e9langeur est maintenu stable par un tuyau de ventilation. Le rotor est fabriqu\u00e9 \u00e0 partir d'un tube \u00e9pais. Les couvercles sup\u00e9rieur et inf\u00e9rieur sont pneumatiques. Le rotor est directement coupl\u00e9 \u00e0 un r\u00e9ducteur et la transmission de puissance entre le moteur et le r\u00e9ducteur est assur\u00e9e par un m\u00e9canisme de poulies et courroies. Un syst\u00e8me de verrouillage est disponible sur le couvercle inf\u00e9rieur (conception sp\u00e9ciale). Le temps de m\u00e9lange varie en fonction du produit mais est g\u00e9n\u00e9ralement de 2,5 \u00e0 4 minutes. La pr\u00e9cision de m\u00e9lange est de 1\/100.000 et fonctionne selon un syst\u00e8me batch.<\/p>","protected":false},"featured_media":239288,"comment_status":"open","ping_status":"closed","template":"","meta":{"_et_pb_use_builder":"","_et_pb_old_content":"","_et_gb_content_width":""},"product_cat":[21],"product_tag":[],"class_list":{"0":"post-72","1":"product","2":"type-product","3":"status-publish","4":"has-post-thumbnail","6":"product_cat-yem-makinalari","8":"first","9":"instock","10":"shipping-taxable","11":"product-type-simple"},"_links":{"self":[{"href":"https:\/\/erkanmakine.com.tr\/fr\/wp-json\/wp\/v2\/product\/72","targetHints":{"allow":["GET"]}}],"collection":[{"href":"https:\/\/erkanmakine.com.tr\/fr\/wp-json\/wp\/v2\/product"}],"about":[{"href":"https:\/\/erkanmakine.com.tr\/fr\/wp-json\/wp\/v2\/types\/product"}],"replies":[{"embeddable":true,"href":"https:\/\/erkanmakine.com.tr\/fr\/wp-json\/wp\/v2\/comments?post=72"}],"wp:featuredmedia":[{"embeddable":true,"href":"https:\/\/erkanmakine.com.tr\/fr\/wp-json\/wp\/v2\/media\/239288"}],"wp:attachment":[{"href":"https:\/\/erkanmakine.com.tr\/fr\/wp-json\/wp\/v2\/media?parent=72"}],"wp:term":[{"taxonomy":"product_cat","embeddable":true,"href":"https:\/\/erkanmakine.com.tr\/fr\/wp-json\/wp\/v2\/product_cat?post=72"},{"taxonomy":"product_tag","embeddable":true,"href":"https:\/\/erkanmakine.com.tr\/fr\/wp-json\/wp\/v2\/product_tag?post=72"}],"curies":[{"name":"wp","href":"https:\/\/api.w.org\/{rel}","templated":true}]}}