{"id":75,"date":"2024-01-18T10:07:56","date_gmt":"2024-01-18T10:07:56","guid":{"rendered":"https:\/\/erkanmakine.com.tr\/?post_type=product&#038;p=75"},"modified":"2024-02-27T08:44:46","modified_gmt":"2024-02-27T08:44:46","slug":"pelet-sogutucu","status":"publish","type":"product","link":"https:\/\/erkanmakine.com.tr\/fr\/product\/pelet-sogutucu\/","title":{"rendered":"Refroidisseur de Granul\u00e9s"},"content":{"rendered":"<script>fsg_json['fsg_post_75'] = [\n{id: 239297, image: 'https:\/\/erkanmakine.com.tr\/wp-content\/uploads\/2024\/01\/Pelet-Sogutucu.webp', extlink: '', thumb: 'https:\/\/erkanmakine.com.tr\/wp-content\/uploads\/2024\/01\/Pelet-Sogutucu-150x150.webp', permalink: '<div class=\"galleria-layeritem\"><a title=\"Permalink\" href=\"https:\/\/erkanmakine.com.tr\/fr\/product\/pelet-sogutucu\/#239297\"><div class=\"galleria-link-bookmark\"><\/div><\/a><\/div>', layer: '<div class=\"galleria-infolayer\"><div class=\"galleria-layeritem\" style=\"padding-right: 20px;\"><\/div><div class=\"galleria-layeritem\"><a title=\"Permalink\" href=\"https:\/\/erkanmakine.com.tr\/fr\/product\/pelet-sogutucu\/#239297\"><div class=\"galleria-link-bookmark\"><\/div><\/a><\/div><div class=\"galleria-layeritem\" style=\"padding-right: 20px;\"><\/div>'}\n];<\/script>\n\n\t\t<style type=\"text\/css\">\n\t\t\t#gallery-1 {\n\t\t\t\tmargin: auto;\n\t\t\t}\n\t\t\t#gallery-1 .gallery-item {\n\t\t\t\tfloat: left;\n\t\t\t\tmargin-top: 10px;\n\t\t\t\ttext-align: center;\n\t\t\t\twidth: 100%;\n\t\t\t}\n\t\t\t#gallery-1 img {\n\t\t\t\tborder: 2px solid #cfcfcf;\n\t\t\t}\n\t\t\t#gallery-1 .gallery-caption {\n\t\t\t\tmargin-left: 0;\n\t\t\t}\n\t\t\t\/* see gallery_shortcode() in wp-includes\/media.php *\/\n\t\t<\/style>\n\t\t<div id='gallery-1' class='gallery galleryid-75 gallery-columns-1 gallery-size-full'><dl class='gallery-item'>\n\t\t\t<dt class='gallery-icon landscape'>\n\t\t\t\t<a data-postid=\"fsg_post_75\" data-imgid=\"239297\" href='https:\/\/erkanmakine.com.tr\/wp-content\/uploads\/2024\/01\/Pelet-Sogutucu.webp'><img decoding=\"async\" width=\"1800\" height=\"868\" src=\"https:\/\/erkanmakine.com.tr\/wp-content\/uploads\/2024\/01\/Pelet-Sogutucu.webp\" class=\"attachment-full size-full\" alt=\"\" srcset=\"https:\/\/erkanmakine.com.tr\/wp-content\/uploads\/2024\/01\/Pelet-Sogutucu.webp 1800w, https:\/\/erkanmakine.com.tr\/wp-content\/uploads\/2024\/01\/Pelet-Sogutucu-1280x617.webp 1280w, https:\/\/erkanmakine.com.tr\/wp-content\/uploads\/2024\/01\/Pelet-Sogutucu-980x473.webp 980w, https:\/\/erkanmakine.com.tr\/wp-content\/uploads\/2024\/01\/Pelet-Sogutucu-480x231.webp 480w\" sizes=\"(min-width: 0px) and (max-width: 480px) 480px, (min-width: 481px) and (max-width: 980px) 980px, (min-width: 981px) and (max-width: 1280px) 1280px, (min-width: 1281px) 1800px, 100vw\" \/><\/a>\n\t\t\t<\/dt><\/dl><br style=\"clear: both\" \/>\n\t\t<\/div>\n\n<table class=\"tableizer-table\">\n<thead>\n<tr class=\"tableizer-firstrow\">\n<th>Mod\u00e8le<\/th>\n<th>Volume<\/th>\n<th>Puissance (kw)<\/th>\n<th>Tour (Tr\/Min)<\/th>\n<th>A (mm)<\/th>\n<th>B (mm)<\/th>\n<th>C (mm)<\/th>\n<th>D (mm)<\/th>\n<th>E (mm)<\/th>\n<th>F (mm)<\/th>\n<th>G (mm)<\/th>\n<th>H (mm)<\/th>\n<th>I (mm)<\/th>\n<\/tr>\n<\/thead>\n<tbody>\n<tr>\n<td>EM-PS 19\/19<\/td>\n<td>3,8<\/td>\n<td>1,1<\/td>\n<td>21<\/td>\n<td>2400<\/td>\n<td>2130<\/td>\n<td>3250<\/td>\n<td>2800<\/td>\n<td>850<\/td>\n<td>250<\/td>\n<td>1000<\/td>\n<td>300<\/td>\n<td>300<\/td>\n<\/tr>\n<tr>\n<td>EM-PS 19\/24<\/td>\n<td>5,5<\/td>\n<td>1,1<\/td>\n<td>21<\/td>\n<td>2900<\/td>\n<td>2130<\/td>\n<td>3650<\/td>\n<td>3280<\/td>\n<td>1000<\/td>\n<td>300<\/td>\n<td>1250<\/td>\n<td>300<\/td>\n<td>300<\/td>\n<\/tr>\n<tr>\n<td>EM-PS 24\/24<\/td>\n<td>7,5<\/td>\n<td>1,1<\/td>\n<td>21<\/td>\n<td>2900<\/td>\n<td>2610<\/td>\n<td>3740<\/td>\n<td>3280<\/td>\n<td>1000<\/td>\n<td>300<\/td>\n<td>1250<\/td>\n<td>300<\/td>\n<td>300<\/td>\n<\/tr>\n<\/tbody>\n<\/table>","protected":false},"excerpt":{"rendered":"<p>Ce syst\u00e8me est dot\u00e9 d'un syst\u00e8me de refroidissement \u00e0 contre-courant \u00e0 trois grilles, avec une vitesse de d\u00e9charge des granul\u00e9s r\u00e9glable et contr\u00f4l\u00e9e \u00e9lectropneumatiquement. La grille de d\u00e9charge mobile est contr\u00f4l\u00e9e par un r\u00e9ducteur frein\u00e9. Le fonctionnement du syst\u00e8me peut \u00eatre suivi gr\u00e2ce \u00e0 une interface transparente avec fen\u00eatre de contr\u00f4le. De plus, il est \u00e9quip\u00e9 de deux capteurs de niveau et int\u00e8gre un syst\u00e8me de verrouillage d'air avec une tr\u00e9mie de collecte de granul\u00e9s. Le syst\u00e8me comprend \u00e9galement une hotte avec volet de r\u00e9glage du d\u00e9bit d'air et un distributeur de granul\u00e9s.<\/p>","protected":false},"featured_media":239299,"comment_status":"open","ping_status":"closed","template":"","meta":{"_et_pb_use_builder":"","_et_pb_old_content":"","_et_gb_content_width":""},"product_cat":[21],"product_tag":[],"class_list":{"0":"post-75","1":"product","2":"type-product","3":"status-publish","4":"has-post-thumbnail","6":"product_cat-yem-makinalari","8":"first","9":"instock","10":"shipping-taxable","11":"product-type-simple"},"_links":{"self":[{"href":"https:\/\/erkanmakine.com.tr\/fr\/wp-json\/wp\/v2\/product\/75","targetHints":{"allow":["GET"]}}],"collection":[{"href":"https:\/\/erkanmakine.com.tr\/fr\/wp-json\/wp\/v2\/product"}],"about":[{"href":"https:\/\/erkanmakine.com.tr\/fr\/wp-json\/wp\/v2\/types\/product"}],"replies":[{"embeddable":true,"href":"https:\/\/erkanmakine.com.tr\/fr\/wp-json\/wp\/v2\/comments?post=75"}],"wp:featuredmedia":[{"embeddable":true,"href":"https:\/\/erkanmakine.com.tr\/fr\/wp-json\/wp\/v2\/media\/239299"}],"wp:attachment":[{"href":"https:\/\/erkanmakine.com.tr\/fr\/wp-json\/wp\/v2\/media?parent=75"}],"wp:term":[{"taxonomy":"product_cat","embeddable":true,"href":"https:\/\/erkanmakine.com.tr\/fr\/wp-json\/wp\/v2\/product_cat?post=75"},{"taxonomy":"product_tag","embeddable":true,"href":"https:\/\/erkanmakine.com.tr\/fr\/wp-json\/wp\/v2\/product_tag?post=75"}],"curies":[{"name":"wp","href":"https:\/\/api.w.org\/{rel}","templated":true}]}}