{"id":78,"date":"2024-01-18T10:09:44","date_gmt":"2024-01-18T10:09:44","guid":{"rendered":"https:\/\/erkanmakine.com.tr\/?post_type=product&#038;p=78"},"modified":"2024-02-27T06:28:52","modified_gmt":"2024-02-27T06:28:52","slug":"zincirli-konveyor","status":"publish","type":"product","link":"https:\/\/erkanmakine.com.tr\/fr\/product\/zincirli-konveyor\/","title":{"rendered":"Convoyeur \u00e0 Cha\u00eene"},"content":{"rendered":"<p>&nbsp;<\/p>\n<table class=\"tableizer-table\">\n<thead>\n<tr class=\"tableizer-firstrow\">\n<th>Mod\u00e8le<\/th>\n<th>A (mm)<\/th>\n<th>B (mm)<\/th>\n<th>C (mm)<\/th>\n<th>D (mm)<\/th>\n<th>E (mm)<\/th>\n<th>F (mm)<\/th>\n<th>Capacit\u00e9 (t\/h)<\/th>\n<\/tr>\n<\/thead>\n<tbody>\n<tr>\n<td>EM-ZK-150\/350<\/td>\n<td>1000<\/td>\n<td>375<\/td>\n<td>150<\/td>\n<td>350<\/td>\n<td>300<\/td>\n<td>925<\/td>\n<td>25<\/td>\n<\/tr>\n<tr>\n<td>EM-ZK-200\/400<\/td>\n<td>1000<\/td>\n<td>450<\/td>\n<td>200<\/td>\n<td>400<\/td>\n<td>350<\/td>\n<td>900<\/td>\n<td>50<\/td>\n<\/tr>\n<tr>\n<td>EM-ZK-250\/450<\/td>\n<td>1000<\/td>\n<td>525<\/td>\n<td>250<\/td>\n<td>450<\/td>\n<td>400<\/td>\n<td>875<\/td>\n<td>100<\/td>\n<\/tr>\n<tr>\n<td>EM-ZK-300\/500<\/td>\n<td>1000<\/td>\n<td>600<\/td>\n<td>300<\/td>\n<td>500<\/td>\n<td>450<\/td>\n<td>850<\/td>\n<td>150<\/td>\n<\/tr>\n<tr>\n<td>EM-ZK-350\/550<\/td>\n<td>1000<\/td>\n<td>675<\/td>\n<td>350<\/td>\n<td>550<\/td>\n<td>500<\/td>\n<td>825<\/td>\n<td>200<\/td>\n<\/tr>\n<\/tbody>\n<\/table>","protected":false},"excerpt":{"rendered":"<p>Il est utilis\u00e9 partout o\u00f9 le transport horizontal est n\u00e9cessaire. Il est utilis\u00e9 dans les industries de la farine, de l'alimentation animale, de l'alimentation, de la chimie, de l'exploitation mini\u00e8re, des copeaux et de la terre.<\/p>","protected":false},"featured_media":239688,"comment_status":"open","ping_status":"closed","template":"","meta":{"_et_pb_use_builder":"","_et_pb_old_content":"","_et_gb_content_width":""},"product_cat":[21],"product_tag":[],"class_list":{"0":"post-78","1":"product","2":"type-product","3":"status-publish","4":"has-post-thumbnail","6":"product_cat-yem-makinalari","8":"first","9":"instock","10":"shipping-taxable","11":"product-type-simple"},"_links":{"self":[{"href":"https:\/\/erkanmakine.com.tr\/fr\/wp-json\/wp\/v2\/product\/78","targetHints":{"allow":["GET"]}}],"collection":[{"href":"https:\/\/erkanmakine.com.tr\/fr\/wp-json\/wp\/v2\/product"}],"about":[{"href":"https:\/\/erkanmakine.com.tr\/fr\/wp-json\/wp\/v2\/types\/product"}],"replies":[{"embeddable":true,"href":"https:\/\/erkanmakine.com.tr\/fr\/wp-json\/wp\/v2\/comments?post=78"}],"wp:featuredmedia":[{"embeddable":true,"href":"https:\/\/erkanmakine.com.tr\/fr\/wp-json\/wp\/v2\/media\/239688"}],"wp:attachment":[{"href":"https:\/\/erkanmakine.com.tr\/fr\/wp-json\/wp\/v2\/media?parent=78"}],"wp:term":[{"taxonomy":"product_cat","embeddable":true,"href":"https:\/\/erkanmakine.com.tr\/fr\/wp-json\/wp\/v2\/product_cat?post=78"},{"taxonomy":"product_tag","embeddable":true,"href":"https:\/\/erkanmakine.com.tr\/fr\/wp-json\/wp\/v2\/product_tag?post=78"}],"curies":[{"name":"wp","href":"https:\/\/api.w.org\/{rel}","templated":true}]}}