{"id":80,"date":"2024-01-18T10:10:39","date_gmt":"2024-01-18T10:10:39","guid":{"rendered":"https:\/\/erkanmakine.com.tr\/?post_type=product&#038;p=80"},"modified":"2024-03-18T07:13:42","modified_gmt":"2024-03-18T07:13:42","slug":"dozajlama-kantari","status":"publish","type":"product","link":"https:\/\/erkanmakine.com.tr\/fr\/product\/dozajlama-kantari\/","title":{"rendered":"Balance de Dosage"},"content":{"rendered":"<p>&nbsp;<\/p>\n<table class=\"tableizer-table\">\n<thead>\n<tr class=\"tableizer-firstrow\">\n<th>Mod\u00e8le<\/th>\n<th>A (mm)<\/th>\n<th>B (mm)<\/th>\n<th>C (mm)<\/th>\n<th>Capacit\u00e9 (t\/h)<\/th>\n<\/tr>\n<\/thead>\n<tbody>\n<tr>\n<td>EM-DK-10<\/td>\n<td>2000<\/td>\n<td>2600<\/td>\n<td>1000<\/td>\n<td>4-6<\/td>\n<\/tr>\n<tr>\n<td>EM-DK-20<\/td>\n<td>3000<\/td>\n<td>2800<\/td>\n<td>1500<\/td>\n<td>9-10<\/td>\n<\/tr>\n<\/tbody>\n<\/table>","protected":false},"excerpt":{"rendered":"<p>Les balances de dosage utilis\u00e9es dans les usines d'aliments pour animaux sont utilis\u00e9es dans les unit\u00e9s de dosage, de m\u00e9lange et de granulation pour peser les mati\u00e8res premi\u00e8res destin\u00e9es \u00e0 \u00eatre transform\u00e9es en produits finis (les mat\u00e9riaux \u00e0 m\u00e9langer). Elles sont utilis\u00e9es pour doser diff\u00e9rents ingr\u00e9dients \u00e0 partir de diff\u00e9rents silos conform\u00e9ment \u00e0 la recette. Le corps est fabriqu\u00e9 en mat\u00e9riau St 37. Un tuyau de ventilation est pr\u00e9sent pour maintenir l'\u00e9quilibre de pression lors du remplissage et de la vidange. Le syst\u00e8me offre la possibilit\u00e9 de doser 2 \u00e0 32 mat\u00e9riaux diff\u00e9rents. Apr\u00e8s pesage, il existe un obturateur coulissant pneumatique pour une d\u00e9charge rapide. Des trappes de maintenance permettant le contr\u00f4le des produits sont pr\u00e9sentes sur le corps. Le syst\u00e8me fonctionne sous contr\u00f4le informatique avec les donn\u00e9es de cellule de charge et d'indicateur.<\/p>","protected":false},"featured_media":239308,"comment_status":"open","ping_status":"closed","template":"","meta":{"_et_pb_use_builder":"","_et_pb_old_content":"","_et_gb_content_width":""},"product_cat":[21],"product_tag":[],"class_list":{"0":"post-80","1":"product","2":"type-product","3":"status-publish","4":"has-post-thumbnail","6":"product_cat-yem-makinalari","8":"first","9":"instock","10":"shipping-taxable","11":"product-type-simple"},"_links":{"self":[{"href":"https:\/\/erkanmakine.com.tr\/fr\/wp-json\/wp\/v2\/product\/80","targetHints":{"allow":["GET"]}}],"collection":[{"href":"https:\/\/erkanmakine.com.tr\/fr\/wp-json\/wp\/v2\/product"}],"about":[{"href":"https:\/\/erkanmakine.com.tr\/fr\/wp-json\/wp\/v2\/types\/product"}],"replies":[{"embeddable":true,"href":"https:\/\/erkanmakine.com.tr\/fr\/wp-json\/wp\/v2\/comments?post=80"}],"wp:featuredmedia":[{"embeddable":true,"href":"https:\/\/erkanmakine.com.tr\/fr\/wp-json\/wp\/v2\/media\/239308"}],"wp:attachment":[{"href":"https:\/\/erkanmakine.com.tr\/fr\/wp-json\/wp\/v2\/media?parent=80"}],"wp:term":[{"taxonomy":"product_cat","embeddable":true,"href":"https:\/\/erkanmakine.com.tr\/fr\/wp-json\/wp\/v2\/product_cat?post=80"},{"taxonomy":"product_tag","embeddable":true,"href":"https:\/\/erkanmakine.com.tr\/fr\/wp-json\/wp\/v2\/product_tag?post=80"}],"curies":[{"name":"wp","href":"https:\/\/api.w.org\/{rel}","templated":true}]}}