{"id":225,"date":"2024-01-18T17:31:29","date_gmt":"2024-01-18T17:31:29","guid":{"rendered":"https:\/\/erkanmakine.com.tr\/?page_id=225"},"modified":"2024-02-08T20:49:41","modified_gmt":"2024-02-08T20:49:41","slug":"ana-sayfa33__trashed","status":"publish","type":"page","link":"https:\/\/erkanmakine.com.tr\/ru\/ana-sayfa33__trashed\/","title":{"rendered":"Ana Sayfa33"},"content":{"rendered":"<p>[et_pb_section fb_built=&#8221;1&#8243; _builder_version=&#8221;4.23.4&#8243; _module_preset=&#8221;default&#8221; custom_margin=&#8221;-139px|0px|0px|0px|false|false&#8221; custom_padding=&#8221;0px|0px|0px|0px|false|false&#8221; global_colors_info=&#8221;{}&#8221;][et_pb_row _builder_version=&#8221;4.23.4&#8243; _module_preset=&#8221;default&#8221; custom_padding=&#8221;0px||0px||false|false&#8221; global_colors_info=&#8221;{}&#8221;][et_pb_column type=&#8221;4_4&#8243; _builder_version=&#8221;4.23.4&#8243; _module_preset=&#8221;default&#8221; global_colors_info=&#8221;{}&#8221;][et_pb_nextend_smart_slider_3 slider=&#8221;2&#8243; _builder_version=&#8221;4.23.4&#8243; _module_preset=&#8221;default&#8221; global_colors_info=&#8221;{}&#8221;][\/et_pb_nextend_smart_slider_3][\/et_pb_column][\/et_pb_row][\/et_pb_section][et_pb_section fb_built=&#8221;1&#8243; _builder_version=&#8221;4.23.4&#8243; _module_preset=&#8221;default&#8221; background_image=&#8221;https:\/\/erkanmakine.com.tr\/wp-content\/uploads\/2024\/01\/anahtar-bg1.webp&#8221; custom_margin=&#8221;||||false|false&#8221; custom_padding=&#8221;||315px||false|false&#8221; global_colors_info=&#8221;{}&#8221;][et_pb_row column_structure=&#8221;3_5,2_5&#8243; _builder_version=&#8221;4.23.4&#8243; _module_preset=&#8221;default&#8221; global_colors_info=&#8221;{}&#8221;][et_pb_column type=&#8221;3_5&#8243; _builder_version=&#8221;4.23.4&#8243; _module_preset=&#8221;default&#8221; global_colors_info=&#8221;{}&#8221;][et_pb_text _builder_version=&#8221;4.23.4&#8243; _module_preset=&#8221;default&#8221; text_font=&#8221;Barlow|100|||||||&#8221; text_text_color=&#8221;#FFFFFF&#8221; text_font_size=&#8221;27px&#8221; header_font=&#8221;Barlow Condensed|700|||||||&#8221; header_text_color=&#8221;#0095ff&#8221; header_font_size=&#8221;46px&#8221; scroll_fade=&#8221;0|48|48|100|0|100|100&#8243; scroll_scaling_enable=&#8221;on&#8221; scroll_scaling=&#8221;0|50|50|100|50%|100|100&#8243; scroll_blur_enable=&#8221;on&#8221; global_colors_info=&#8221;{}&#8221;]<\/p>\n<h1>\u041f\u0440\u043e\u0435\u043a\u0442 \"\u043f\u043e\u0434 \u043a\u043b\u044e\u0447\"<\/h1>\n<p>\u0412\u0441\u0435 \u0440\u0435\u0448\u0435\u043d\u0438\u044f \u0432 \u043e\u0434\u043d\u043e\u043c \u043c\u0435\u0441\u0442\u0435<\/p>\n<p>[\/et_pb_text][et_pb_button button_text=&#8221;\u0130ncele&#8221; _builder_version=&#8221;4.23.4&#8243; _module_preset=&#8221;default&#8221; custom_button=&#8221;on&#8221; button_bg_color=&#8221;#041424&#8243; button_border_width=&#8221;0px&#8221; button_border_radius=&#8221;0px&#8221; button_letter_spacing=&#8221;0px&#8221; button_font=&#8221;Barlow Condensed||||||||&#8221; custom_padding=&#8221;0px|30px|0px||false|false&#8221; animation_style=&#8221;fade&#8221; animation_delay=&#8221;450ms&#8221; global_colors_info=&#8221;{}&#8221;][\/et_pb_button][\/et_pb_column][et_pb_column type=&#8221;2_5&#8243; _builder_version=&#8221;4.23.4&#8243; _module_preset=&#8221;default&#8221; global_colors_info=&#8221;{}&#8221;][\/et_pb_column][\/et_pb_row][\/et_pb_section][et_pb_section fb_built=&#8221;1&#8243; _builder_version=&#8221;4.23.4&#8243; _module_preset=&#8221;default&#8221; background_color=&#8221;#10c8ec&#8221; global_colors_info=&#8221;{}&#8221;][et_pb_row column_structure=&#8221;1_3,1_3,1_3&#8243; _builder_version=&#8221;4.23.4&#8243; _module_preset=&#8221;default&#8221; background_color=&#8221;#041424&#8243; custom_margin=&#8221;-195px||||false|false&#8221; custom_padding=&#8221;||||false|false&#8221; box_shadow_style=&#8221;preset3&#8243; box_shadow_vertical=&#8221;21px&#8221; box_shadow_blur=&#8221;27px&#8221; box_shadow_spread=&#8221;-17px&#8221; box_shadow_color=&#8221;#041424&#8243; global_colors_info=&#8221;{}&#8221;][et_pb_column type=&#8221;1_3&#8243; _builder_version=&#8221;4.23.4&#8243; _module_preset=&#8221;default&#8221; global_colors_info=&#8221;{}&#8221;][et_pb_blurb title=&#8221;UN \u0130RM\u0130K MAK\u0130NALARI&#8221; image=&#8221;https:\/\/erkanmakine.com.tr\/wp-content\/uploads\/2024\/01\/bugday-1.webp&#8221; _builder_version=&#8221;4.23.4&#8243; _module_preset=&#8221;default&#8221; header_font=&#8221;Barlow Condensed||||||||&#8221; header_text_align=&#8221;center&#8221; header_text_color=&#8221;#FFFFFF&#8221; header_font_size=&#8221;32px&#8221; custom_margin=&#8221;-250px||||false|false&#8221; scroll_horizontal_motion_enable=&#8221;on&#8221; scroll_horizontal_motion=&#8221;0|50|50|100|4|0|0&#8243; global_colors_info=&#8221;{}&#8221;][\/et_pb_blurb][\/et_pb_column][et_pb_column type=&#8221;1_3&#8243; _builder_version=&#8221;4.23.4&#8243; _module_preset=&#8221;default&#8221; global_colors_info=&#8221;{}&#8221;][et_pb_blurb title=&#8221;YEM FABR\u0130KASI MAK\u0130NALARI&#8221; image=&#8221;https:\/\/erkanmakine.com.tr\/wp-content\/uploads\/2024\/01\/pelet.webp&#8221; _builder_version=&#8221;4.23.4&#8243; _module_preset=&#8221;default&#8221; header_font=&#8221;Barlow Condensed||||||||&#8221; header_text_align=&#8221;center&#8221; header_text_color=&#8221;#FFFFFF&#8221; header_font_size=&#8221;32px&#8221; custom_margin=&#8221;-250px||||false|false&#8221; custom_margin_tablet=&#8221;-250px||||false|false&#8221; custom_margin_phone=&#8221;0px||||false|false&#8221; custom_margin_last_edited=&#8221;on|phone&#8221; global_colors_info=&#8221;{}&#8221;][\/et_pb_blurb][\/et_pb_column][et_pb_column type=&#8221;1_3&#8243; _builder_version=&#8221;4.23.4&#8243; _module_preset=&#8221;default&#8221; global_colors_info=&#8221;{}&#8221;][et_pb_blurb title=&#8221;\u00c7EL\u0130K DEPOLAMA S\u0130LOLARI&#8221; image=&#8221;https:\/\/erkanmakine.com.tr\/wp-content\/uploads\/2024\/01\/silo-1.webp&#8221; _builder_version=&#8221;4.23.4&#8243; _module_preset=&#8221;default&#8221; header_font=&#8221;Barlow Condensed||||||||&#8221; header_text_align=&#8221;center&#8221; header_text_color=&#8221;#FFFFFF&#8221; header_font_size=&#8221;32px&#8221; custom_margin=&#8221;-250px||||false|false&#8221; custom_margin_tablet=&#8221;-250px||||false|false&#8221; custom_margin_phone=&#8221;0px||||false|false&#8221; custom_margin_last_edited=&#8221;on|phone&#8221; scroll_horizontal_motion_enable=&#8221;on&#8221; scroll_horizontal_motion=&#8221;0|50|50|100|-4|0|0&#8243; global_colors_info=&#8221;{}&#8221;][\/et_pb_blurb][\/et_pb_column][\/et_pb_row][et_pb_row column_structure=&#8221;1_4,1_4,1_4,1_4&#8243; use_custom_gutter=&#8221;on&#8221; gutter_width=&#8221;2&#8243; make_equal=&#8221;on&#8221; _builder_version=&#8221;4.23.4&#8243; _module_preset=&#8221;default&#8221; custom_padding=&#8221;54px||||false|false&#8221; animation_style=&#8221;flip&#8221; global_colors_info=&#8221;{}&#8221;][et_pb_column type=&#8221;1_4&#8243; _builder_version=&#8221;4.23.4&#8243; _module_preset=&#8221;default&#8221; global_colors_info=&#8221;{}&#8221;][et_pb_blurb title=&#8221;DEPOLAMA H\u0130ZMETLER\u0130&#8221; use_icon=&#8221;on&#8221; font_icon=&#8221;&#xf1c0;||fa||900&#8243; icon_color=&#8221;#00457A&#8221; _builder_version=&#8221;4.23.4&#8243; _module_preset=&#8221;default&#8221; header_font=&#8221;Barlow||||||||&#8221; header_text_align=&#8221;center&#8221; header_text_color=&#8221;#FFFFFF&#8221; header_font_size=&#8221;24px&#8221; background_color=&#8221;#00c9ed&#8221; custom_padding=&#8221;31px|10px|31px|10px|true|true&#8221; animation_style=&#8221;fold&#8221; border_width_all=&#8221;1px&#8221; border_color_all=&#8221;#FFFFFF&#8221; box_shadow_style=&#8221;preset1&#8243; box_shadow_vertical=&#8221;0px&#8221; box_shadow_blur=&#8221;0px&#8221; global_colors_info=&#8221;{}&#8221; background__hover_enabled=&#8221;off|hover&#8221; background_color__hover=&#8221;#00a1ce&#8221; background_enable_color__hover=&#8221;on&#8221; box_shadow_blur__hover_enabled=&#8221;on|hover&#8221; box_shadow_blur__hover=&#8221;11px&#8221; box_shadow_vertical__hover_enabled=&#8221;on|hover&#8221; box_shadow_vertical__hover=&#8221;8px&#8221; border_color_all__hover_enabled=&#8221;on|hover&#8221; border_color_all__hover=&#8221;#00457A&#8221;]<\/p>\n<p style=\"text-align: center;\"><span>\u041d\u0430\u0448\u0430 \u043a\u043e\u043c\u043f\u0430\u043d\u0438\u044f \u043e\u0442\u0432\u0435\u0447\u0430\u0435\u0442 \u043f\u043e\u0442\u0440\u0435\u0431\u043d\u043e\u0441\u0442\u044f\u043c \u043f\u0438\u0449\u0435\u0432\u043e\u0439 \u043f\u0440\u043e\u043c\u044b\u0448\u043b\u0435\u043d\u043d\u043e\u0441\u0442\u0438 \u0432\u044b\u0441\u043e\u043a\u043e\u043a\u0430\u0447\u0435\u0441\u0442\u0432\u0435\u043d\u043d\u044b\u043c\u0438 \u0438 \u043d\u0430\u0434\u0435\u0436\u043d\u044b\u043c\u0438 \u0440\u0435\u0448\u0435\u043d\u0438\u044f\u043c\u0438 \u0434\u043b\u044f \u0445\u0440\u0430\u043d\u0435\u043d\u0438\u044f.<\/span><\/p>\n<p>[\/et_pb_blurb][\/et_pb_column][et_pb_column type=&#8221;1_4&#8243; _builder_version=&#8221;4.23.4&#8243; _module_preset=&#8221;default&#8221; global_colors_info=&#8221;{}&#8221;][et_pb_blurb title=&#8221;DE\u011e\u0130RMEN S\u0130STEMLER\u0130&#8221; use_icon=&#8221;on&#8221; font_icon=&#8221;&#xf069;||fa||900&#8243; icon_color=&#8221;#00457A&#8221; _builder_version=&#8221;4.23.4&#8243; _module_preset=&#8221;default&#8221; header_font=&#8221;Barlow||||||||&#8221; header_text_align=&#8221;center&#8221; header_text_color=&#8221;#FFFFFF&#8221; header_font_size=&#8221;24px&#8221; background_color=&#8221;#00c9ed&#8221; custom_padding=&#8221;31px|10px|31px|10px|true|true&#8221; animation_style=&#8221;fold&#8221; border_width_all=&#8221;1px&#8221; border_color_all=&#8221;#FFFFFF&#8221; box_shadow_style=&#8221;preset1&#8243; box_shadow_vertical=&#8221;0px&#8221; box_shadow_blur=&#8221;0px&#8221; global_colors_info=&#8221;{}&#8221; background__hover_enabled=&#8221;off|hover&#8221; background_color__hover=&#8221;#00a1ce&#8221; background_enable_color__hover=&#8221;on&#8221; box_shadow_blur__hover_enabled=&#8221;on|hover&#8221; box_shadow_blur__hover=&#8221;11px&#8221; box_shadow_vertical__hover_enabled=&#8221;on|hover&#8221; box_shadow_vertical__hover=&#8221;8px&#8221; border_color_all__hover_enabled=&#8221;on|hover&#8221; border_color_all__hover=&#8221;#00457A&#8221;]<\/p>\n<p style=\"text-align: center;\"><span>\u041c\u0435\u043b\u044c\u043d\u0438\u0447\u043d\u044b\u0435 \u0441\u0438\u0441\u0442\u0435\u043c\u044b \u043d\u0430\u0448\u0435\u0439 \u043a\u043e\u043c\u043f\u0430\u043d\u0438\u0438 \u0432\u043a\u043b\u044e\u0447\u0430\u044e\u0442 \u0432 \u0441\u0435\u0431\u044f \u0438\u043d\u0434\u0438\u0432\u0438\u0434\u0443\u0430\u043b\u044c\u043d\u044b\u0435 \u043f\u0440\u043e\u0435\u043a\u0442\u0438\u0440\u043e\u0432\u0430\u043d\u0438\u0435 \u0438 \u043f\u0440\u043e\u0438\u0437\u0432\u043e\u0434\u0441\u0442\u0432\u043e, \u0441\u043e\u043e\u0442\u0432\u0435\u0442\u0441\u0442\u0432\u0443\u044e\u0449\u0438\u0435 \u043f\u043e\u0442\u0440\u0435\u0431\u043d\u043e\u0441\u0442\u044f\u043c \u043c\u0443\u043a\u043e\u043c\u043e\u043b\u044c\u043d\u044b\u0445, \u043c\u0430\u043d\u043d\u043e\u0439 \u0438 \u043a\u043e\u043c\u0431\u0438\u043a\u043e\u0440\u043c\u043e\u0432\u044b\u0445 \u0437\u0430\u0432\u043e\u0434\u043e\u0432.<\/span><\/p>\n<p>[\/et_pb_blurb][\/et_pb_column][et_pb_column type=&#8221;1_4&#8243; _builder_version=&#8221;4.23.4&#8243; _module_preset=&#8221;default&#8221; global_colors_info=&#8221;{}&#8221;][et_pb_blurb title=&#8221;ELEKTR\u0130K VE OTOMASYON&#8221; use_icon=&#8221;on&#8221; font_icon=&#8221;&#xf5e7;||fa||900&#8243; icon_color=&#8221;#00457A&#8221; _builder_version=&#8221;4.23.4&#8243; _module_preset=&#8221;default&#8221; header_font=&#8221;Barlow||||||||&#8221; header_text_align=&#8221;center&#8221; header_text_color=&#8221;#FFFFFF&#8221; header_font_size=&#8221;24px&#8221; background_color=&#8221;#00c9ed&#8221; custom_padding=&#8221;31px|10px|31px|10px|true|true&#8221; animation_style=&#8221;fold&#8221; border_width_all=&#8221;1px&#8221; border_color_all=&#8221;#FFFFFF&#8221; box_shadow_style=&#8221;preset1&#8243; box_shadow_vertical=&#8221;0px&#8221; box_shadow_blur=&#8221;0px&#8221; global_colors_info=&#8221;{}&#8221; background__hover_enabled=&#8221;off|hover&#8221; background_color__hover=&#8221;#00a1ce&#8221; background_enable_color__hover=&#8221;on&#8221; box_shadow_blur__hover_enabled=&#8221;on|hover&#8221; box_shadow_blur__hover=&#8221;11px&#8221; box_shadow_vertical__hover_enabled=&#8221;on|hover&#8221; box_shadow_vertical__hover=&#8221;8px&#8221; border_color_all__hover_enabled=&#8221;on|hover&#8221; border_color_all__hover=&#8221;#00457A&#8221;]<\/p>\n<p style=\"text-align: center;\"><span>\u041a\u043e\u043c\u043f\u0430\u043d\u0438\u044f Erkan Makina \u0441\u0442\u0440\u0435\u043c\u0438\u0442\u0441\u044f \u043e\u0431\u0435\u0441\u043f\u0435\u0447\u0438\u0442\u044c \u0441\u0432\u043e\u0438\u0445 \u043a\u043b\u0438\u0435\u043d\u0442\u043e\u0432 \u044d\u043d\u0435\u0440\u0433\u043e\u044d\u0444\u0444\u0435\u043a\u0442\u0438\u0432\u043d\u043e\u0441\u0442\u044c\u044e, \u043d\u0430\u0434\u0435\u0436\u043d\u043e\u0441\u0442\u044c\u044e \u0438 \u043e\u043f\u0435\u0440\u0430\u0446\u0438\u043e\u043d\u043d\u044b\u043c \u0443\u0434\u043e\u0431\u0441\u0442\u0432\u043e\u043c.<\/span><\/p>\n<p>[\/et_pb_blurb][\/et_pb_column][et_pb_column type=&#8221;1_4&#8243; _builder_version=&#8221;4.23.4&#8243; _module_preset=&#8221;default&#8221; global_colors_info=&#8221;{}&#8221;][et_pb_blurb title=&#8221;ARA\u00c7 BO\u015eALTMA PLATFORMU&#8221; use_icon=&#8221;on&#8221; font_icon=&#8221;&#xf4df;||fa||900&#8243; icon_color=&#8221;#00457A&#8221; _builder_version=&#8221;4.23.4&#8243; _module_preset=&#8221;default&#8221; header_font=&#8221;Barlow||||||||&#8221; header_text_align=&#8221;center&#8221; header_text_color=&#8221;#FFFFFF&#8221; header_font_size=&#8221;24px&#8221; background_color=&#8221;#00c9ed&#8221; custom_padding=&#8221;31px|10px|31px|10px|true|true&#8221; animation_style=&#8221;fold&#8221; border_width_all=&#8221;1px&#8221; border_color_all=&#8221;#FFFFFF&#8221; box_shadow_style=&#8221;preset1&#8243; box_shadow_vertical=&#8221;0px&#8221; box_shadow_blur=&#8221;0px&#8221; global_colors_info=&#8221;{}&#8221; background__hover_enabled=&#8221;off|hover&#8221; background_color__hover=&#8221;#00a1ce&#8221; background_enable_color__hover=&#8221;on&#8221; box_shadow_blur__hover_enabled=&#8221;on|hover&#8221; box_shadow_blur__hover=&#8221;11px&#8221; box_shadow_vertical__hover_enabled=&#8221;on|hover&#8221; box_shadow_vertical__hover=&#8221;8px&#8221; border_color_all__hover_enabled=&#8221;on|hover&#8221; border_color_all__hover=&#8221;#00457A&#8221;]<\/p>\n<p style=\"text-align: center;\"><span>\u0412\u044b\u0441\u043e\u043a\u043e\u043a\u0430\u0447\u0435\u0441\u0442\u0432\u0435\u043d\u043d\u044b\u0435 \u043f\u043b\u0430\u0442\u0444\u043e\u0440\u043c\u044b \u0434\u043b\u044f \u0440\u0430\u0437\u0433\u0440\u0443\u0437\u043a\u0438 \u0442\u0440\u0430\u043d\u0441\u043f\u043e\u0440\u0442\u043d\u044b\u0445 \u0441\u0440\u0435\u0434\u0441\u0442\u0432, \u043f\u043e\u0441\u0442\u0440\u043e\u0435\u043d\u043d\u044b\u0435 \u0438\u0437 \u0432\u044b\u0441\u043e\u043a\u043e\u043a\u0430\u0447\u0435\u0441\u0442\u0432\u0435\u043d\u043d\u044b\u0445 \u043c\u0430\u0442\u0435\u0440\u0438\u0430\u043b\u043e\u0432, \u0441\u043e\u043e\u0442\u0432\u0435\u0442\u0441\u0442\u0432\u0443\u044e\u0442 \u043e\u0442\u0440\u0430\u0441\u043b\u0435\u0432\u044b\u043c \u0441\u0442\u0430\u043d\u0434\u0430\u0440\u0442\u0430\u043c \u0432 \u043f\u043b\u0430\u043d\u0435 \u043f\u0440\u043e\u0447\u043d\u043e\u0441\u0442\u0438 \u0438 \u043d\u0430\u0434\u0435\u0436\u043d\u043e\u0441\u0442\u0438. <\/span><\/p>\n<p>[\/et_pb_blurb][\/et_pb_column][\/et_pb_row][\/et_pb_section][et_pb_section fb_built=&#8221;1&#8243; _builder_version=&#8221;4.23.4&#8243; _module_preset=&#8221;default&#8221; global_colors_info=&#8221;{}&#8221;][et_pb_row _builder_version=&#8221;4.23.4&#8243; _module_preset=&#8221;default&#8221; global_colors_info=&#8221;{}&#8221;][et_pb_column type=&#8221;4_4&#8243; admin_label=&#8221;Kolon&#8221; _builder_version=&#8221;4.23.4&#8243; _module_preset=&#8221;default&#8221; global_colors_info=&#8221;{}&#8221;][et_pb_text admin_label=&#8221;Metin&#8221; _builder_version=&#8221;4.23.4&#8243; _module_preset=&#8221;default&#8221; text_font=&#8221;Barlow|||on|||||&#8221; text_text_color=&#8221;#00457A&#8221; text_font_size=&#8221;33px&#8221; text_letter_spacing=&#8221;5px&#8221; animation_style=&#8221;flip&#8221; animation_direction=&#8221;bottom&#8221; global_colors_info=&#8221;{}&#8221;]<\/p>\n<p style=\"text-align: center;\"><span>\u041d\u0430\u0448 \u043f\u043e\u0440\u0442\u0444\u0435\u043b\u044c \u043f\u0440\u043e\u0434\u0443\u043a\u0446\u0438\u0438<\/span><\/p>\n<p>[\/et_pb_text][et_pb_nextend_smart_slider_3 slider=&#8221;3&#8243; admin_label=&#8221;Smart Slider 3&#8243; _builder_version=&#8221;4.23.4&#8243; _module_preset=&#8221;default&#8221; global_colors_info=&#8221;{}&#8221;][\/et_pb_nextend_smart_slider_3][\/et_pb_column][\/et_pb_row][\/et_pb_section][et_pb_section fb_built=&#8221;1&#8243; _builder_version=&#8221;4.23.4&#8243; _module_preset=&#8221;default&#8221; background_image=&#8221;https:\/\/erkanmakine.com.tr\/wp-content\/uploads\/2024\/01\/refrans-parx.webp&#8221; parallax=&#8221;on&#8221; parallax_method=&#8221;off&#8221; global_colors_info=&#8221;{}&#8221;][et_pb_row _builder_version=&#8221;4.23.4&#8243; _module_preset=&#8221;default&#8221; custom_padding=&#8221;75px||72px||false|false&#8221; global_colors_info=&#8221;{}&#8221;][et_pb_column type=&#8221;4_4&#8243; _builder_version=&#8221;4.23.4&#8243; _module_preset=&#8221;default&#8221; global_colors_info=&#8221;{}&#8221;][et_pb_text _builder_version=&#8221;4.23.4&#8243; _module_preset=&#8221;default&#8221; header_2_font=&#8221;Courgette||||||||&#8221; header_2_font_size=&#8221;56px&#8221; background_enable_image=&#8221;off&#8221; global_colors_info=&#8221;{}&#8221;]<\/p>\n<h2 style=\"text-align: center;\">\u041a\u0430\u0436\u0434\u043e\u0435 \u043f\u043e\u043c\u043e\u043b\u043e\u0442\u043e\u0435 \u0440\u0430\u0441\u0441\u043a\u0430\u0437\u044b\u0432\u0430\u0435\u0442 \u0441\u0432\u043e\u044e \u0438\u0441\u0442\u043e\u0440\u0438\u044e<\/h2>\n<p>[\/et_pb_text][et_pb_button button_text=&#8221;REFERANSLAR&#8221; button_alignment=&#8221;center&#8221; _builder_version=&#8221;4.23.4&#8243; _module_preset=&#8221;default&#8221; custom_button=&#8221;on&#8221; button_text_color=&#8221;#FFFFFF&#8221; button_bg_color=&#8221;#041424&#8243; button_border_width=&#8221;0px&#8221; button_border_radius=&#8221;0px&#8221; global_colors_info=&#8221;{}&#8221;][\/et_pb_button][\/et_pb_column][\/et_pb_row][\/et_pb_section][et_pb_section fb_built=&#8221;1&#8243; _builder_version=&#8221;4.23.4&#8243; _module_preset=&#8221;default&#8221; global_colors_info=&#8221;{}&#8221; custom_padding=&#8221;|0px||||&#8221;][et_pb_row column_structure=&#8221;1_3,2_3&#8243; _builder_version=&#8221;4.23.4&#8243; _module_preset=&#8221;default&#8221; background_color=&#8221;#FFFFFF&#8221; module_alignment=&#8221;center&#8221; custom_margin=&#8221;0px||0px||false|false&#8221; custom_padding=&#8221;0px||0px||false|false&#8221; scroll_fade_enable=&#8221;on&#8221; scroll_scaling_enable=&#8221;on&#8221; scroll_scaling=&#8221;0|50|50|100|40%|100|100&#8243; scroll_blur_enable=&#8221;on&#8221; hover_enabled=&#8221;0&#8243; border_radii=&#8221;on|326px|326px|326px|326px&#8221; box_shadow_style=&#8221;preset1&#8243; global_colors_info=&#8221;{}&#8221; border_radii_last_edited=&#8221;on|phone&#8221; border_radii_phone=&#8221;on|70px|70px|70px|70px&#8221; custom_padding_last_edited=&#8221;on|phone&#8221; custom_padding_phone=&#8221;0px||0px|25px|false|false&#8221; sticky_enabled=&#8221;0&#8243; border_radii_tablet=&#8221;on|326px|326px|326px|326px&#8221; custom_padding_tablet=&#8221;0px||0px||false|false&#8221;][et_pb_column type=&#8221;1_3&#8243; _builder_version=&#8221;4.23.4&#8243; _module_preset=&#8221;default&#8221; global_colors_info=&#8221;{}&#8221;][et_pb_image src=&#8221;https:\/\/erkanmakine.com.tr\/wp-content\/uploads\/2024\/01\/katalog.webp&#8221; title_text=&#8221;katalog&#8221; admin_label=&#8221;G\u00f6r\u00fcnt\u00fc&#8221; _builder_version=&#8221;4.23.4&#8243; _module_preset=&#8221;default&#8221; global_colors_info=&#8221;{}&#8221;][\/et_pb_image][\/et_pb_column][et_pb_column type=&#8221;2_3&#8243; _builder_version=&#8221;4.23.4&#8243; _module_preset=&#8221;default&#8221; global_colors_info=&#8221;{}&#8221;][et_pb_text _builder_version=&#8221;4.23.4&#8243; _module_preset=&#8221;default&#8221; header_font=&#8221;Barlow Condensed||||||||&#8221; custom_margin=&#8221;29px|97px|||false|false&#8221; custom_padding=&#8221;||||false|false&#8221; hover_enabled=&#8221;0&#8243; global_colors_info=&#8221;{}&#8221; sticky_enabled=&#8221;0&#8243; module_alignment_last_edited=&#8221;off|phone&#8221; module_alignment_phone=&#8221;left&#8221;]<\/p>\n<h1>\u041e\u043d\u043b\u0430\u0439\u043d \u041a\u0430\u0442\u0430\u043b\u043e\u0433<\/h1>\n<p><span>\u041e\u0442\u043a\u0440\u043e\u0439\u0442\u0435 \u0434\u043b\u044f \u0441\u0435\u0431\u044f, \u0432\u0434\u043e\u0445\u043d\u043e\u0432\u043b\u044f\u0439\u0442\u0435\u0441\u044c! \u0420\u0430\u0437\u0434\u0435\u043b \u043e\u043d\u043b\u0430\u0439\u043d-\u043a\u0430\u0442\u0430\u043b\u043e\u0433\u0430 Erkan Makina \u043f\u0440\u0435\u0434\u043b\u0430\u0433\u0430\u0435\u0442 \u0444\u0430\u043d\u0442\u0430\u0441\u0442\u0438\u0447\u0435\u0441\u043a\u0438\u0435 \u043c\u0430\u0448\u0438\u043d\u043d\u044b\u0435 \u0440\u0435\u0448\u0435\u043d\u0438\u044f \u0434\u043b\u044f \u043f\u0440\u043e\u043c\u044b\u0448\u043b\u0435\u043d\u043d\u043e\u0441\u0442\u0438 \u043f\u0438\u0449\u0435\u0432\u043e\u0439, \u043c\u0443\u043a\u0438, \u043c\u0430\u043d\u043d\u043e\u0439 \u0438 \u043a\u043e\u0440\u043c\u043e\u0432. \u041f\u0440\u043e\u0434\u0432\u0438\u043d\u0443\u0442\u0430\u044f \u0442\u0435\u0445\u043d\u043e\u043b\u043e\u0433\u0438\u044f, \u043a\u0430\u0447\u0435\u0441\u0442\u0432\u043e \u0438 \u0438\u043d\u043d\u043e\u0432\u0430\u0446\u0438\u0438 - \u0432\u0441\u0435 \u0432 \u043e\u0434\u043d\u043e\u043c! \u041d\u0430\u0436\u043c\u0438\u0442\u0435 \u0441\u0435\u0439\u0447\u0430\u0441 \u0434\u043b\u044f \u043f\u043e\u0434\u0440\u043e\u0431\u043d\u043e\u0439 \u0438\u043d\u0444\u043e\u0440\u043c\u0430\u0446\u0438\u0438 \u043e \u043f\u0440\u043e\u0434\u0443\u043a\u0446\u0438\u0438 \u0438 \u043f\u0440\u043e\u0444\u0435\u0441\u0441\u0438\u043e\u043d\u0430\u043b\u044c\u043d\u044b\u0445 \u0440\u0435\u0448\u0435\u043d\u0438\u0439<\/span><\/p>\n<p>[\/et_pb_text][et_pb_button button_text=&#8221;\u0130ncele&#8221; _builder_version=&#8221;4.23.4&#8243; _module_preset=&#8221;default&#8221; custom_button=&#8221;on&#8221; button_bg_color=&#8221;#041424&#8243; button_border_width=&#8221;0px&#8221; button_border_radius=&#8221;0px&#8221; button_letter_spacing=&#8221;0px&#8221; button_font=&#8221;Barlow Condensed||||||||&#8221; custom_padding=&#8221;0px|90px|12px||false|false&#8221; hover_enabled=&#8221;0&#8243; locked=&#8221;off&#8221; global_colors_info=&#8221;{}&#8221; button_url=&#8221;@ET-DC@eyJkeW5hbWljIjp0cnVlLCJjb250ZW50IjoicG9zdF9saW5rX3VybF9hdHRhY2htZW50Iiwic2V0dGluZ3MiOnsicG9zdF9pZCI6IjIzOTM5NSJ9fQ==@&#8221; url_new_window=&#8221;on&#8221; sticky_enabled=&#8221;0&#8243; _dynamic_attributes=&#8221;button_url&#8221; button_alignment_last_edited=&#8221;on|phone&#8221; button_alignment_phone=&#8221;&#8221;][\/et_pb_button][\/et_pb_column][\/et_pb_row][\/et_pb_section]<\/p>","protected":false},"excerpt":{"rendered":"<p>ANAHTAR TESL\u0130M PROJELER T\u00fcm \u00c7\u00f6z\u00fcmler Bir AradaFirmam\u0131z, y\u00fcksek kaliteli ve g\u00fcvenilir depolama \u00e7\u00f6z\u00fcmleri ile g\u0131da end\u00fcstrisinin ihtiya\u00e7lar\u0131na kar\u015f\u0131l\u0131k verirFirmam\u0131z\u0131n de\u011firmen sistemleri; un, irmik ve yem fabrikalar\u0131n\u0131n ihtiya\u00e7lar\u0131na y\u00f6nelik \u00f6zel tasar\u0131m ve \u00fcretimleri i\u00e7erir.Erkan Makina, m\u00fc\u015fterilerine enerji verimlili\u011fi, g\u00fcvenilirlik ve operasyonel kolayl\u0131k sa\u011flamay\u0131 hedefler.Y\u00fcksek kaliteli malzemelerle in\u015fa edilen ara\u00e7 bo\u015faltma platformlar\u0131, dayan\u0131kl\u0131l\u0131k ve g\u00fcvenilirlik konular\u0131nda end\u00fcstri [&hellip;]<\/p>","protected":false},"author":1,"featured_media":0,"parent":0,"menu_order":0,"comment_status":"closed","ping_status":"closed","template":"","meta":{"_et_pb_use_builder":"on","_et_pb_old_content":"<!-- wp:divi\/placeholder \/-->","_et_gb_content_width":"","footnotes":""},"class_list":["post-225","page","type-page","status-publish","hentry"],"_links":{"self":[{"href":"https:\/\/erkanmakine.com.tr\/ru\/wp-json\/wp\/v2\/pages\/225","targetHints":{"allow":["GET"]}}],"collection":[{"href":"https:\/\/erkanmakine.com.tr\/ru\/wp-json\/wp\/v2\/pages"}],"about":[{"href":"https:\/\/erkanmakine.com.tr\/ru\/wp-json\/wp\/v2\/types\/page"}],"author":[{"embeddable":true,"href":"https:\/\/erkanmakine.com.tr\/ru\/wp-json\/wp\/v2\/users\/1"}],"replies":[{"embeddable":true,"href":"https:\/\/erkanmakine.com.tr\/ru\/wp-json\/wp\/v2\/comments?post=225"}],"version-history":[{"count":18,"href":"https:\/\/erkanmakine.com.tr\/ru\/wp-json\/wp\/v2\/pages\/225\/revisions"}],"predecessor-version":[{"id":239703,"href":"https:\/\/erkanmakine.com.tr\/ru\/wp-json\/wp\/v2\/pages\/225\/revisions\/239703"}],"wp:attachment":[{"href":"https:\/\/erkanmakine.com.tr\/ru\/wp-json\/wp\/v2\/media?parent=225"}],"curies":[{"name":"wp","href":"https:\/\/api.w.org\/{rel}","templated":true}]}}