{"id":239606,"date":"2024-02-08T18:09:29","date_gmt":"2024-02-08T18:09:29","guid":{"rendered":"https:\/\/erkanmakine.com.tr\/?page_id=239606"},"modified":"2024-06-10T11:39:20","modified_gmt":"2024-06-10T11:39:20","slug":"kalite-2","status":"publish","type":"page","link":"https:\/\/erkanmakine.com.tr\/ru\/kalite-2\/","title":{"rendered":"\u041a\u0410\u0427\u0415\u0421\u0422\u0412\u041e"},"content":{"rendered":"<p>[et_pb_section fb_built=&#8221;1&#8243; admin_label=&#8221;B\u00f6l\u00fcm&#8221; _builder_version=&#8221;4.24.2&#8243; _module_preset=&#8221;default&#8221; background_color=&#8221;#454d51&#8243; use_background_color_gradient=&#8221;on&#8221; background_color_gradient_stops=&#8221;#2b2826 0%|#383e42 100%&#8221; background_image=&#8221;https:\/\/erkanmakine.com.tr\/wp-content\/uploads\/2024\/02\/header-bg.webp&#8221; background_size=&#8221;initial&#8221; background_position=&#8221;top_left&#8221; background_vertical_offset=&#8221;32%&#8221; hover_enabled=&#8221;0&#8243; global_colors_info=&#8221;{}&#8221; custom_padding_last_edited=&#8221;on|phone&#8221; custom_padding_phone=&#8221;64px||0px||false|false&#8221; custom_margin_last_edited=&#8221;on|phone&#8221; custom_margin_phone=&#8221;||-10px||false|false&#8221; sticky_enabled=&#8221;0&#8243; locked=&#8221;off&#8221;][et_pb_row column_structure=&#8221;3_5,2_5&#8243; _builder_version=&#8221;4.24.2&#8243; _module_preset=&#8221;default&#8221; hover_enabled=&#8221;0&#8243; global_colors_info=&#8221;{}&#8221; sticky_enabled=&#8221;0&#8243;][et_pb_column type=&#8221;3_5&#8243; _builder_version=&#8221;4.16&#8243; _module_preset=&#8221;default&#8221; z_index=&#8221;10&#8243; global_colors_info=&#8221;{}&#8221;][et_pb_text _builder_version=&#8221;4.24.2&#8243; _dynamic_attributes=&#8221;content&#8221; _module_preset=&#8221;default&#8221; text_font=&#8221;Inter|700|||||||&#8221; text_text_color=&#8221;#FFFFFF&#8221; text_font_size=&#8221;42px&#8221; header_font=&#8221;Barlow Condensed|700||on|||||&#8221; header_text_color=&#8221;#FFFFFF&#8221; header_font_size=&#8221;67px&#8221; header_line_height=&#8221;1.5em&#8221; background_layout=&#8221;dark&#8221; custom_padding=&#8221;||||false|false&#8221; hover_enabled=&#8221;0&#8243; header_font_size_tablet=&#8221;60px&#8221; header_font_size_phone=&#8221;35px&#8221; header_font_size_last_edited=&#8221;on|phone&#8221; global_colors_info=&#8221;{}&#8221; header_line_height_last_edited=&#8221;on|phone&#8221; header_line_height_phone=&#8221;1em&#8221; sticky_enabled=&#8221;0&#8243; header_text_color_last_edited=&#8221;off|phone&#8221; header_text_color_phone=&#8221;#000000&#8243; header_line_height_tablet=&#8221;1.5em&#8221;]@ET-DC@eyJkeW5hbWljIjp0cnVlLCJjb250ZW50IjoicG9zdF90aXRsZSIsInNldHRpbmdzIjp7ImJlZm9yZSI6IjxoMT4iLCJhZnRlciI6IjwvaDE+In19@[\/et_pb_text][\/et_pb_column][et_pb_column type=&#8221;2_5&#8243; _builder_version=&#8221;4.16&#8243; _module_preset=&#8221;default&#8221; global_colors_info=&#8221;{}&#8221;][dsm_breadcrumbs home_text=&#8221;Ana Sayfa&#8221; show_home_icon=&#8221;off&#8221; align=&#8221;right&#8221; items_bg_color=&#8221;RGBA(255,255,255,0)&#8221; _builder_version=&#8221;4.24.2&#8243; _module_preset=&#8221;default&#8221; items_text_color=&#8221;#FFFFFF&#8221; separators_text_color=&#8221;#D6D6D6&#8243; hover_enabled=&#8221;0&#8243; global_colors_info=&#8221;{}&#8221; align_last_edited=&#8221;on|phone&#8221; align_phone=&#8221;left&#8221; sticky_enabled=&#8221;0&#8243; current_text_color=&#8221;#FFFFFF&#8221; align_tablet=&#8221;right&#8221;][\/dsm_breadcrumbs][\/et_pb_column][\/et_pb_row][\/et_pb_section][et_pb_section fb_built=&#8221;1&#8243; admin_label=&#8221;About&#8221; _builder_version=&#8221;4.23.4&#8243; _module_preset=&#8221;default&#8221; background_enable_image=&#8221;off&#8221; custom_padding=&#8221;0px||||false|false&#8221; locked=&#8221;off&#8221; global_colors_info=&#8221;{}&#8221;][et_pb_row column_structure=&#8221;2_5,3_5&#8243; make_equal=&#8221;on&#8221; _builder_version=&#8221;4.16&#8243; _module_preset=&#8221;default&#8221; background_enable_image=&#8221;off&#8221; background_size=&#8221;contain&#8221; background_position=&#8221;bottom_left&#8221; max_width=&#8221;960px&#8221; global_colors_info=&#8221;{}&#8221;][et_pb_column type=&#8221;2_5&#8243; _builder_version=&#8221;4.16&#8243; _module_preset=&#8221;default&#8221; global_colors_info=&#8221;{}&#8221;][et_pb_text _builder_version=&#8221;4.23.4&#8243; _module_preset=&#8221;default&#8221; text_font=&#8221;Montserrat|700|||||||&#8221; text_text_color=&#8221;#000000&#8243; text_font_size=&#8221;24px&#8221; text_line_height=&#8221;1.8em&#8221; header_3_font=&#8221;Montserrat|700|||||||&#8221; header_3_text_color=&#8221;#000000&#8243; header_3_font_size=&#8221;48px&#8221; background_color=&#8221;#e0af4a&#8221; z_index=&#8221;1&#8243; custom_margin=&#8221;-100px||||false|false&#8221; custom_margin_tablet=&#8221;0px||||false|false&#8221; custom_margin_phone=&#8221;&#8221; custom_margin_last_edited=&#8221;on|phone&#8221; custom_padding=&#8221;60px|60px|60px|60px|true|true&#8221; custom_padding_tablet=&#8221;30px|30px|30px|30px|true|true&#8221; custom_padding_phone=&#8221;30px|20px|30px|20px|true|true&#8221; custom_padding_last_edited=&#8221;on|phone&#8221; text_font_size_tablet=&#8221;20px&#8221; text_font_size_phone=&#8221;16px&#8221; text_font_size_last_edited=&#8221;on|phone&#8221; header_3_font_size_tablet=&#8221;38px&#8221; header_3_font_size_phone=&#8221;26px&#8221; header_3_font_size_last_edited=&#8221;on|desktop&#8221; global_colors_info=&#8221;{}&#8221;]<\/p>\n<p>Since<\/p>\n<h3>1996<\/h3>\n<p>[\/et_pb_text][et_pb_image src=&#8221;https:\/\/erkanmakine.com.tr\/wp-content\/uploads\/2024\/02\/kalite.webp&#8221; title_text=&#8221;kalite&#8221; _builder_version=&#8221;4.23.4&#8243; _module_preset=&#8221;default&#8221; z_index=&#8221;203&#8243; custom_margin=&#8221;-101px||||false|false&#8221; global_colors_info=&#8221;{}&#8221;][\/et_pb_image][\/et_pb_column][et_pb_column type=&#8221;3_5&#8243; _builder_version=&#8221;4.16&#8243; _module_preset=&#8221;default&#8221; global_colors_info=&#8221;{}&#8221;][et_pb_text _builder_version=&#8221;4.23.4&#8243; _module_preset=&#8221;default&#8221; text_font=&#8221;Abhaya Libre||||||||&#8221; text_text_color=&#8221;#000000&#8243; text_font_size=&#8221;18px&#8221; text_line_height=&#8221;1.8em&#8221; background_layout=&#8221;dark&#8221; max_width=&#8221;600px&#8221; custom_margin=&#8221;||||false|false&#8221; text_font_size_tablet=&#8221;&#8221; text_font_size_phone=&#8221;16px&#8221; text_font_size_last_edited=&#8221;on|phone&#8221; global_colors_info=&#8221;{}&#8221;]<\/p>\n<p><span style=\"font-size: 32px;\"><b>\u041a\u0430\u0447\u0435\u0441\u0442\u0432\u043e<br \/><\/b><\/span>\u041a\u043e\u043c\u043f\u0430\u043d\u0438\u044f \u042d\u0420\u041a\u0410\u041d \u041c\u0410\u041a\u0418\u041d\u0410 \u043f\u0440\u0438\u0434\u0435\u0440\u0436\u0438\u0432\u0430\u0435\u0442\u0441\u044f \u043f\u043e\u0434\u0445\u043e\u0434\u0430 \u043a \u043a\u0430\u0447\u0435\u0441\u0442\u0432\u0443, \u043d\u0430\u043f\u0440\u0430\u0432\u043b\u0435\u043d\u043d\u043e\u0433\u043e \u043d\u0430 \u043c\u0430\u043a\u0441\u0438\u043c\u0430\u043b\u044c\u043d\u043e\u0435 \u0443\u0434\u043e\u0432\u043b\u0435\u0442\u0432\u043e\u0440\u0435\u043d\u0438\u0435 \u043f\u043e\u0442\u0440\u0435\u0431\u043d\u043e\u0441\u0442\u0435\u0439 \u0437\u0430\u043a\u0430\u0437\u0447\u0438\u043a\u043e\u0432, \u043f\u0440\u0435\u0434\u043e\u0441\u0442\u0430\u0432\u043b\u0435\u043d\u0438\u0435 \u0432\u044b\u0441\u043e\u043a\u043e\u043a\u0430\u0447\u0435\u0441\u0442\u0432\u0435\u043d\u043d\u043e\u0439 \u043f\u0440\u043e\u0434\u0443\u043a\u0446\u0438\u0438 \u0438 \u0443\u0441\u043b\u0443\u0433 \u0438 \u043f\u043e\u0441\u0442\u043e\u044f\u043d\u043d\u043e\u0435 \u0441\u043e\u0432\u0435\u0440\u0448\u0435\u043d\u0441\u0442\u0432\u043e\u0432\u0430\u043d\u0438\u0435.<\/p>\n<p><strong>\u041d\u0430\u0448\u0430 \u043f\u043e\u043b\u0438\u0442\u0438\u043a\u0430 \u0432 \u043e\u0431\u043b\u0430\u0441\u0442\u0438 \u043a\u0430\u0447\u0435\u0441\u0442\u0432\u0430:<\/strong><\/p>\n<ul>\n<li>\u041e\u0431\u0435\u0441\u043f\u0435\u0447\u0438\u0442\u044c \u0443\u0434\u043e\u0432\u043b\u0435\u0442\u0432\u043e\u0440\u0435\u043d\u043d\u043e\u0441\u0442\u044c \u0437\u0430\u043a\u0430\u0437\u0447\u0438\u043a\u043e\u0432 \u043d\u0430 \u0441\u0430\u043c\u043e\u043c \u0432\u044b\u0441\u043e\u043a\u043e\u043c \u0443\u0440\u043e\u0432\u043d\u0435, \u043e\u0440\u0438\u0435\u043d\u0442\u0438\u0440\u0443\u044f\u0441\u044c \u043d\u0430 \u0438\u0445 \u043f\u043e\u0442\u0440\u0435\u0431\u043d\u043e\u0441\u0442\u0438 \u0438 \u043f\u0440\u0435\u0434\u043e\u0441\u0442\u0430\u0432\u043b\u044f\u044f \u043a\u0430\u0447\u0435\u0441\u0442\u0432\u0435\u043d\u043d\u0443\u044e \u043f\u0440\u043e\u0434\u0443\u043a\u0446\u0438\u044e \u0438 \u0443\u0441\u043b\u0443\u0433\u0438.<\/li>\n<li>\u041f\u0440\u0438\u043e\u0440\u0438\u0442\u0435\u0442 \u043f\u043e\u0441\u0442\u043e\u044f\u043d\u043d\u044b\u0445 \u0443\u0441\u0438\u043b\u0438\u0439 \u043f\u043e \u0441\u043e\u0432\u0435\u0440\u0448\u0435\u043d\u0441\u0442\u0432\u043e\u0432\u0430\u043d\u0438\u044e, \u043d\u0430\u043f\u0440\u0430\u0432\u043b\u0435\u043d\u043d\u044b\u0445 \u043d\u0430 \u043f\u043e\u0432\u044b\u0448\u0435\u043d\u0438\u0435 \u044d\u0444\u0444\u0435\u043a\u0442\u0438\u0432\u043d\u043e\u0441\u0442\u0438 \u0438 \u0440\u0435\u0437\u0443\u043b\u044c\u0442\u0430\u0442\u0438\u0432\u043d\u043e\u0441\u0442\u0438 \u043d\u0430\u0448\u0435\u0439 \u0434\u0435\u044f\u0442\u0435\u043b\u044c\u043d\u043e\u0441\u0442\u0438, \u043f\u0443\u0442\u0435\u043c \u0440\u0435\u0433\u0443\u043b\u044f\u0440\u043d\u043e\u0433\u043e \u0430\u043d\u0430\u043b\u0438\u0437\u0430 \u043d\u0430\u0448\u0438\u0445 \u0431\u0438\u0437\u043d\u0435\u0441-\u043f\u0440\u043e\u0446\u0435\u0441\u0441\u043e\u0432.<\/li>\n<li>\u0421\u043e\u0431\u043b\u044e\u0434\u0430\u0442\u044c \u0434\u0435\u0439\u0441\u0442\u0432\u0443\u044e\u0449\u0438\u0435 \u043f\u0440\u0430\u0432\u043e\u0432\u044b\u0435 \u043d\u043e\u0440\u043c\u044b \u0432\u043e \u0432\u0441\u0435\u0445 \u0432\u0438\u0434\u0430\u0445 \u0434\u0435\u044f\u0442\u0435\u043b\u044c\u043d\u043e\u0441\u0442\u0438 \u0438 \u0432\u0435\u0441\u0442\u0438 \u0431\u0438\u0437\u043d\u0435\u0441, \u043f\u0440\u0438\u0434\u0435\u0440\u0436\u0438\u0432\u0430\u044f\u0441\u044c \u044d\u0442\u0438\u0447\u0435\u0441\u043a\u0438\u0445 \u0441\u0442\u0430\u043d\u0434\u0430\u0440\u0442\u043e\u0432.<\/li>\n<li>\u041f\u0440\u0438\u0434\u0430\u0432\u0430\u0442\u044c \u0431\u043e\u043b\u044c\u0448\u043e\u0435 \u0437\u043d\u0430\u0447\u0435\u043d\u0438\u0435 \u043f\u0440\u043e\u0433\u0440\u0430\u043c\u043c\u0430\u043c \u043e\u0431\u0443\u0447\u0435\u043d\u0438\u044f \u0438 \u0440\u0430\u0437\u0432\u0438\u0442\u0438\u044f, \u0447\u0442\u043e\u0431\u044b \u043f\u043e\u043e\u0449\u0440\u044f\u0442\u044c \u0443\u0447\u0430\u0441\u0442\u0438\u0435 \u043d\u0430\u0448\u0438\u0445 \u0441\u043e\u0442\u0440\u0443\u0434\u043d\u0438\u043a\u043e\u0432 \u0438 \u043f\u043e\u0434\u0434\u0435\u0440\u0436\u0438\u0432\u0430\u0442\u044c \u0438\u0445 \u0440\u0430\u0437\u0432\u0438\u0442\u0438\u0435.<\/li>\n<li>\u041c\u0438\u043d\u0438\u043c\u0438\u0437\u0438\u0440\u043e\u0432\u0430\u0442\u044c \u0432\u043e\u0437\u0434\u0435\u0439\u0441\u0442\u0432\u0438\u0435 \u043d\u0430 \u043e\u043a\u0440\u0443\u0436\u0430\u044e\u0449\u0443\u044e \u0441\u0440\u0435\u0434\u0443 \u043f\u0443\u0442\u0435\u043c \u0440\u0430\u0446\u0438\u043e\u043d\u0430\u043b\u044c\u043d\u043e\u0433\u043e \u0438\u0441\u043f\u043e\u043b\u044c\u0437\u043e\u0432\u0430\u043d\u0438\u044f \u044d\u043d\u0435\u0440\u0433\u0438\u0438 \u0438 \u043f\u0440\u0438\u0440\u043e\u0434\u043d\u044b\u0445 \u0440\u0435\u0441\u0443\u0440\u0441\u043e\u0432 \u0441 \u0443\u0447\u0435\u0442\u043e\u043c \u044d\u043a\u043e\u043b\u043e\u0433\u0438\u0447\u0435\u0441\u043a\u0438\u0445 \u0442\u0440\u0435\u0431\u043e\u0432\u0430\u043d\u0438\u0439.<\/li>\n<li>\u041f\u0440\u0435\u0434\u043e\u0441\u0442\u0430\u0432\u043b\u044f\u0442\u044c \u043c\u0430\u0442\u0435\u0440\u0438\u0430\u043b\u044b \u0438 \u0443\u0441\u043b\u0443\u0433\u0438 \u0432 \u0441\u043e\u043e\u0442\u0432\u0435\u0442\u0441\u0442\u0432\u0438\u0438 \u0441 \u043d\u0430\u0448\u0438\u043c\u0438 \u0441\u0442\u0430\u043d\u0434\u0430\u0440\u0442\u0430\u043c\u0438 \u043a\u0430\u0447\u0435\u0441\u0442\u0432\u0430, \u0441\u043e\u0442\u0440\u0443\u0434\u043d\u0438\u0447\u0430\u044f \u0441 \u043d\u0430\u0448\u0438\u043c\u0438 \u043f\u043e\u0441\u0442\u0430\u0432\u0449\u0438\u043a\u0430\u043c\u0438.<\/li>\n<li>\u0418\u043d\u0432\u0435\u0441\u0442\u0438\u0440\u043e\u0432\u0430\u0442\u044c \u0432 \u0442\u0435\u0445\u043d\u043e\u043b\u043e\u0433\u0438\u0438 \u0438 \u0438\u043d\u043d\u043e\u0432\u0430\u0446\u0438\u0438, \u0447\u0442\u043e\u0431\u044b \u043f\u043e\u0441\u0442\u043e\u044f\u043d\u043d\u043e \u0441\u043e\u0432\u0435\u0440\u0448\u0435\u043d\u0441\u0442\u0432\u043e\u0432\u0430\u0442\u044c \u0441\u0432\u043e\u044e \u043f\u0440\u043e\u0434\u0443\u043a\u0446\u0438\u044e \u0438 \u043f\u0440\u043e\u0446\u0435\u0441\u0441\u044b, \u0441\u043b\u0435\u0434\u044f \u0437\u0430 \u0438\u043d\u043d\u043e\u0432\u0430\u0446\u0438\u044f\u043c\u0438 \u0432 \u043e\u0442\u0440\u0430\u0441\u043b\u0438.<\/li>\n<\/ul>\n<p>&nbsp;<\/p>\n<p>\u0412 \u044d\u0442\u043e\u043c \u043d\u0430\u043f\u0440\u0430\u0432\u043b\u0435\u043d\u0438\u0438 \u044d\u0442\u043e \u043e\u0442\u0440\u0430\u0436\u0430\u0435\u0442 \u043d\u0430\u0448\u0443 \u043f\u0440\u0438\u0432\u0435\u0440\u0436\u0435\u043d\u043d\u043e\u0441\u0442\u044c \u0434\u043e\u0441\u0442\u0438\u0436\u0435\u043d\u0438\u044e \u0443\u0441\u0442\u043e\u0439\u0447\u0438\u0432\u043e\u0433\u043e \u0443\u0441\u043f\u0435\u0445\u0430 \u0432 \u043a\u0430\u0447\u0435\u0441\u0442\u0432\u0435 \u042d\u0420\u041a\u0410\u041d \u041c\u0410\u041a\u0418\u041d\u0410. \u041c\u044b \u0431\u0443\u0434\u0435\u043c \u0438 \u0432\u043f\u0440\u0435\u0434\u044c \u043d\u0435\u0443\u043a\u043b\u043e\u043d\u043d\u043e \u043f\u043e\u0434\u0434\u0435\u0440\u0436\u0438\u0432\u0430\u0442\u044c \u0443\u0434\u043e\u0432\u043b\u0435\u0442\u0432\u043e\u0440\u0435\u043d\u043d\u043e\u0441\u0442\u044c \u0437\u0430\u043a\u0430\u0437\u0447\u0438\u043a\u043e\u0432 \u0438 \u0441\u0442\u0430\u043d\u0434\u0430\u0440\u0442\u044b \u043a\u0430\u0447\u0435\u0441\u0442\u0432\u0430, \u043f\u0440\u043e\u0434\u043e\u043b\u0436\u0430\u044f \u043e\u0431\u043d\u043e\u0432\u043b\u044f\u0442\u044c \u0438 \u0443\u043b\u0443\u0447\u0448\u0430\u0442\u044c \u043d\u0430\u0448\u0438 \u0431\u0438\u0437\u043d\u0435\u0441-\u043f\u0440\u043e\u0446\u0435\u0441\u0441\u044b.<\/p>\n<p>[\/et_pb_text][\/et_pb_column][\/et_pb_row][\/et_pb_section]<\/p>","protected":false},"excerpt":{"rendered":"<p><div class=\"et_pb_module dsm_breadcrumbs dsm_breadcrumbs_0\">\n\t\t\t\t\n\t\t\t\t\n\t\t\t\t\n\t\t\t\t\n\t\t\t\t\n\t\t\t\t\n\t\t\t\t<div class=\"et_pb_module_inner\">\n\t\t\t\t\t<nav class=\"dsm_breadcrumbs_wrap\" role=\"navigation\" itemscope=\"\" itemtype=\"http:\/\/schema.org\/SiteNavigationElement\">\n\t\t\t\t<ul class=\"dsm_breadcrumbs\">\n\t\t\t<li class='dsm_breadcrumbs_item dsm_home_item dsm_home_item_custom'>\n\t\t\t\t<a href=\"https:\/\/erkanmakine.com.tr\/ru\" itemprop=\"url\">\n\t\t\t\t\t<span class='dsm_home_text_wrapper'>\n\t\t\t\t\t\t\t\t\t\t\t\t\t<span class=\"dsm_home_text\" itemprop=\"name\">\n\t\t\t\t\t\t\t\t\u0414\u043e\u043c\t\t\t\t\t\t\t<\/span>\n\t\t\t\t\t<\/span>\n\t\t\t\t<\/a>\n\t\t\t<\/li>\n\n\t\t<li class=\"dsm_breadcrumbs_separator\"> <span class=\"et-pb-icon dsm_separator_icon\">5<\/span><\/li><\/ul>\n\t\t\t<\/nav>\n\t\t\t\t<\/div>\n\t\t\t<\/div>Since 1996KaliteERKAN MAK\u0130NA, m\u00fc\u015fteri memnuniyetini en \u00fcst d\u00fczeye \u00e7\u0131karmay\u0131, y\u00fcksek kaliteli \u00fcr\u00fcn ve hizmetler sunmay\u0131 ve s\u00fcrekli iyile\u015ftirmeyi ama\u00e7layan bir kalite anlay\u0131\u015f\u0131n\u0131 benimsemekteyiz. Kalite Politikam\u0131z: M\u00fc\u015fteri ihtiya\u00e7lar\u0131na odaklanarak, kaliteli \u00fcr\u00fcn ve hizmetler sunarak m\u00fc\u015fteri memnuniyetini en \u00fcst d\u00fczeyde sa\u011flamak. [&hellip;]<\/p>","protected":false},"author":1,"featured_media":0,"parent":0,"menu_order":0,"comment_status":"closed","ping_status":"closed","template":"","meta":{"_et_pb_use_builder":"on","_et_pb_old_content":"<!-- wp:divi\/placeholder \/-->","_et_gb_content_width":"","footnotes":""},"class_list":["post-239606","page","type-page","status-publish","hentry"],"_links":{"self":[{"href":"https:\/\/erkanmakine.com.tr\/ru\/wp-json\/wp\/v2\/pages\/239606","targetHints":{"allow":["GET"]}}],"collection":[{"href":"https:\/\/erkanmakine.com.tr\/ru\/wp-json\/wp\/v2\/pages"}],"about":[{"href":"https:\/\/erkanmakine.com.tr\/ru\/wp-json\/wp\/v2\/types\/page"}],"author":[{"embeddable":true,"href":"https:\/\/erkanmakine.com.tr\/ru\/wp-json\/wp\/v2\/users\/1"}],"replies":[{"embeddable":true,"href":"https:\/\/erkanmakine.com.tr\/ru\/wp-json\/wp\/v2\/comments?post=239606"}],"version-history":[{"count":5,"href":"https:\/\/erkanmakine.com.tr\/ru\/wp-json\/wp\/v2\/pages\/239606\/revisions"}],"predecessor-version":[{"id":240492,"href":"https:\/\/erkanmakine.com.tr\/ru\/wp-json\/wp\/v2\/pages\/239606\/revisions\/240492"}],"wp:attachment":[{"href":"https:\/\/erkanmakine.com.tr\/ru\/wp-json\/wp\/v2\/media?parent=239606"}],"curies":[{"name":"wp","href":"https:\/\/api.w.org\/{rel}","templated":true}]}}